{"id":491,"date":"2011-08-12T11:14:01","date_gmt":"2011-08-12T11:14:01","guid":{"rendered":"http:\/\/www.ansia.de\/?page_id=491"},"modified":"2024-12-30T14:33:48","modified_gmt":"2024-12-30T14:33:48","slug":"berufsdienst","status":"publish","type":"page","link":"https:\/\/www.ansia.de\/index.php\/versicherungen\/beispiel-5\/berufsdienst\/","title":{"rendered":"Berufs\/Dienst"},"content":{"rendered":"<p>&nbsp;<\/p>\n<p>&nbsp;<\/p>\n<p>&nbsp;<\/p>\n<p>&nbsp;<\/p>\n<p>&nbsp;<\/p>\n<p>Die Berufshaftpflichtversicherung dient der Absicherung vor Sch\u00e4den, die in Aus\u00fcbung einer beruflichen T\u00e4tigkeit einem Dritten zugef\u00fcgt wurden.<\/p>\n<p>&nbsp;<\/p>\n<p>Neben den normalen Grunddeckungen, ist hier die Verm\u00f6gensschadendeckung in den meisten F\u00e4llen von \u00fcbergeordneter Bedeutung.<\/p>\n<p>&nbsp;<\/p>\n<p>Zun\u00e4chst ist es jedem Beamten, Freiberufler, Angestellten oder Unternehmer freigestellt, eine Berufshaftpflicht abzuschlie\u00dfen. In einigen Berufsgruppen ist der Abschlu\u00df eines solchen Vertrages gesetzlich vorgeschrieben.<\/p>\n<p>&nbsp;<\/p>\n<p>Neben den Kammerberufen (freie Berufe)\u00a0zu denen alle Berufsgruppen geh\u00f6ren, die in oder \u00fcber Kammern organisiert sind, k\u00f6nnen auch Versicherungsmakler, Mehrfachagenten und Finanzberater ihren Beruf nur aus\u00fcben, wenn sie die Versicherungsbest\u00e4tigung eines Versicherers vorlegen.<\/p>\n","protected":false},"excerpt":{"rendered":"<p>&nbsp; &nbsp; &nbsp; &nbsp; &nbsp; Die Berufshaftpflichtversicherung dient der Absicherung vor Sch\u00e4den, die in Aus\u00fcbung einer beruflichen T\u00e4tigkeit einem Dritten zugef\u00fcgt wurden. &nbsp; Neben den normalen Grunddeckungen, ist hier die Verm\u00f6gensschadendeckung in den meisten F\u00e4llen von \u00fcbergeordneter Bedeutung. &nbsp; Zun\u00e4chst &hellip; <a href=\"https:\/\/www.ansia.de\/index.php\/versicherungen\/beispiel-5\/berufsdienst\/\">Weiterlesen <span class=\"meta-nav\">&rarr;<\/span><\/a><\/p>\n","protected":false},"author":3,"featured_media":0,"parent":26,"menu_order":3,"comment_status":"closed","ping_status":"closed","template":"","meta":{"footnotes":""},"class_list":["post-491","page","type-page","status-publish","hentry"],"yoast_head":"<!-- This site is optimized with the Yoast SEO plugin v26.4 - https:\/\/yoast.com\/wordpress\/plugins\/seo\/ -->\n<title>Berufs\/Dienst - Ansia<\/title>\n<meta name=\"robots\" content=\"index, follow, max-snippet:-1, max-image-preview:large, max-video-preview:-1\" \/>\n<link rel=\"canonical\" href=\"https:\/\/www.ansia.de\/index.php\/versicherungen\/beispiel-5\/berufsdienst\/\" \/>\n<meta property=\"og:locale\" content=\"de_DE\" \/>\n<meta property=\"og:type\" content=\"article\" \/>\n<meta property=\"og:title\" content=\"Berufs\/Dienst - Ansia\" \/>\n<meta property=\"og:description\" content=\"&nbsp; &nbsp; &nbsp; &nbsp; &nbsp; Die Berufshaftpflichtversicherung dient der Absicherung vor Sch\u00e4den, die in Aus\u00fcbung einer beruflichen T\u00e4tigkeit einem Dritten zugef\u00fcgt wurden. &nbsp; Neben den normalen Grunddeckungen, ist hier die Verm\u00f6gensschadendeckung in den meisten F\u00e4llen von \u00fcbergeordneter Bedeutung. &nbsp; Zun\u00e4chst &hellip; Weiterlesen &rarr;\" \/>\n<meta property=\"og:url\" content=\"https:\/\/www.ansia.de\/index.php\/versicherungen\/beispiel-5\/berufsdienst\/\" \/>\n<meta property=\"og:site_name\" content=\"Ansia\" \/>\n<meta property=\"article:modified_time\" content=\"2024-12-30T14:33:48+00:00\" \/>\n<meta name=\"twitter:card\" content=\"summary_large_image\" \/>\n<script type=\"application\/ld+json\" class=\"yoast-schema-graph\">{\"@context\":\"https:\/\/schema.org\",\"@graph\":[{\"@type\":\"WebPage\",\"@id\":\"https:\/\/www.ansia.de\/index.php\/versicherungen\/beispiel-5\/berufsdienst\/\",\"url\":\"https:\/\/www.ansia.de\/index.php\/versicherungen\/beispiel-5\/berufsdienst\/\",\"name\":\"Berufs\/Dienst - Ansia\",\"isPartOf\":{\"@id\":\"https:\/\/www.ansia.de\/#website\"},\"datePublished\":\"2011-08-12T11:14:01+00:00\",\"dateModified\":\"2024-12-30T14:33:48+00:00\",\"breadcrumb\":{\"@id\":\"https:\/\/www.ansia.de\/index.php\/versicherungen\/beispiel-5\/berufsdienst\/#breadcrumb\"},\"inLanguage\":\"de\",\"potentialAction\":[{\"@type\":\"ReadAction\",\"target\":[\"https:\/\/www.ansia.de\/index.php\/versicherungen\/beispiel-5\/berufsdienst\/\"]}]},{\"@type\":\"BreadcrumbList\",\"@id\":\"https:\/\/www.ansia.de\/index.php\/versicherungen\/beispiel-5\/berufsdienst\/#breadcrumb\",\"itemListElement\":[{\"@type\":\"ListItem\",\"position\":1,\"name\":\"Startseite\",\"item\":\"https:\/\/www.ansia.de\/\"},{\"@type\":\"ListItem\",\"position\":2,\"name\":\"Versicherungen\",\"item\":\"https:\/\/www.ansia.de\/index.php\/versicherungen\/\"},{\"@type\":\"ListItem\",\"position\":3,\"name\":\"Haftpflicht\",\"item\":\"https:\/\/www.ansia.de\/index.php\/versicherungen\/beispiel-5\/\"},{\"@type\":\"ListItem\",\"position\":4,\"name\":\"Berufs\/Dienst\"}]},{\"@type\":\"WebSite\",\"@id\":\"https:\/\/www.ansia.de\/#website\",\"url\":\"https:\/\/www.ansia.de\/\",\"name\":\"Ansia\",\"description\":\"\",\"potentialAction\":[{\"@type\":\"SearchAction\",\"target\":{\"@type\":\"EntryPoint\",\"urlTemplate\":\"https:\/\/www.ansia.de\/?s={search_term_string}\"},\"query-input\":{\"@type\":\"PropertyValueSpecification\",\"valueRequired\":true,\"valueName\":\"search_term_string\"}}],\"inLanguage\":\"de\"}]}<\/script>\n<!-- \/ Yoast SEO plugin. -->","yoast_head_json":{"title":"Berufs\/Dienst - Ansia","robots":{"index":"index","follow":"follow","max-snippet":"max-snippet:-1","max-image-preview":"max-image-preview:large","max-video-preview":"max-video-preview:-1"},"canonical":"https:\/\/www.ansia.de\/index.php\/versicherungen\/beispiel-5\/berufsdienst\/","og_locale":"de_DE","og_type":"article","og_title":"Berufs\/Dienst - Ansia","og_description":"&nbsp; &nbsp; &nbsp; &nbsp; &nbsp; Die Berufshaftpflichtversicherung dient der Absicherung vor Sch\u00e4den, die in Aus\u00fcbung einer beruflichen T\u00e4tigkeit einem Dritten zugef\u00fcgt wurden. &nbsp; Neben den normalen Grunddeckungen, ist hier die Verm\u00f6gensschadendeckung in den meisten F\u00e4llen von \u00fcbergeordneter Bedeutung. &nbsp; Zun\u00e4chst &hellip; Weiterlesen &rarr;","og_url":"https:\/\/www.ansia.de\/index.php\/versicherungen\/beispiel-5\/berufsdienst\/","og_site_name":"Ansia","article_modified_time":"2024-12-30T14:33:48+00:00","twitter_card":"summary_large_image","schema":{"@context":"https:\/\/schema.org","@graph":[{"@type":"WebPage","@id":"https:\/\/www.ansia.de\/index.php\/versicherungen\/beispiel-5\/berufsdienst\/","url":"https:\/\/www.ansia.de\/index.php\/versicherungen\/beispiel-5\/berufsdienst\/","name":"Berufs\/Dienst - Ansia","isPartOf":{"@id":"https:\/\/www.ansia.de\/#website"},"datePublished":"2011-08-12T11:14:01+00:00","dateModified":"2024-12-30T14:33:48+00:00","breadcrumb":{"@id":"https:\/\/www.ansia.de\/index.php\/versicherungen\/beispiel-5\/berufsdienst\/#breadcrumb"},"inLanguage":"de","potentialAction":[{"@type":"ReadAction","target":["https:\/\/www.ansia.de\/index.php\/versicherungen\/beispiel-5\/berufsdienst\/"]}]},{"@type":"BreadcrumbList","@id":"https:\/\/www.ansia.de\/index.php\/versicherungen\/beispiel-5\/berufsdienst\/#breadcrumb","itemListElement":[{"@type":"ListItem","position":1,"name":"Startseite","item":"https:\/\/www.ansia.de\/"},{"@type":"ListItem","position":2,"name":"Versicherungen","item":"https:\/\/www.ansia.de\/index.php\/versicherungen\/"},{"@type":"ListItem","position":3,"name":"Haftpflicht","item":"https:\/\/www.ansia.de\/index.php\/versicherungen\/beispiel-5\/"},{"@type":"ListItem","position":4,"name":"Berufs\/Dienst"}]},{"@type":"WebSite","@id":"https:\/\/www.ansia.de\/#website","url":"https:\/\/www.ansia.de\/","name":"Ansia","description":"","potentialAction":[{"@type":"SearchAction","target":{"@type":"EntryPoint","urlTemplate":"https:\/\/www.ansia.de\/?s={search_term_string}"},"query-input":{"@type":"PropertyValueSpecification","valueRequired":true,"valueName":"search_term_string"}}],"inLanguage":"de"}]}},"_links":{"self":[{"href":"https:\/\/www.ansia.de\/index.php\/wp-json\/wp\/v2\/pages\/491","targetHints":{"allow":["GET"]}}],"collection":[{"href":"https:\/\/www.ansia.de\/index.php\/wp-json\/wp\/v2\/pages"}],"about":[{"href":"https:\/\/www.ansia.de\/index.php\/wp-json\/wp\/v2\/types\/page"}],"author":[{"embeddable":true,"href":"https:\/\/www.ansia.de\/index.php\/wp-json\/wp\/v2\/users\/3"}],"replies":[{"embeddable":true,"href":"https:\/\/www.ansia.de\/index.php\/wp-json\/wp\/v2\/comments?post=491"}],"version-history":[{"count":9,"href":"https:\/\/www.ansia.de\/index.php\/wp-json\/wp\/v2\/pages\/491\/revisions"}],"predecessor-version":[{"id":3188,"href":"https:\/\/www.ansia.de\/index.php\/wp-json\/wp\/v2\/pages\/491\/revisions\/3188"}],"up":[{"embeddable":true,"href":"https:\/\/www.ansia.de\/index.php\/wp-json\/wp\/v2\/pages\/26"}],"wp:attachment":[{"href":"https:\/\/www.ansia.de\/index.php\/wp-json\/wp\/v2\/media?parent=491"}],"curies":[{"name":"wp","href":"https:\/\/api.w.org\/{rel}","templated":true}]}}