{"id":451,"date":"2011-08-10T09:21:01","date_gmt":"2011-08-10T09:21:01","guid":{"rendered":"http:\/\/www.ansia.de\/?page_id=451"},"modified":"2011-09-15T13:22:49","modified_gmt":"2011-09-15T13:22:49","slug":"photovoltaik","status":"publish","type":"page","link":"https:\/\/www.ansia.de\/index.php\/versicherungen\/photovoltaik\/","title":{"rendered":"Photovoltaik"},"content":{"rendered":"<p><img loading=\"lazy\" decoding=\"async\" class=\"alignleft size-full wp-image-675\" title=\"Photovoltaik\" src=\"https:\/\/www.ansia.de\/wp-content\/uploads\/photovoltaik1.jpg\" alt=\"\" width=\"670\" height=\"150\" \/><\/p>\n<p><\/p>\n<p>&nbsp;<\/p>\n<p><\/p>\n<p>Die Photovoltaikversicherung gewinnt immer mehr an Bedeutung. Das liegt nat\u00fcrlich nicht zuletzt an den Diskussionen \u00fcber\u00a0 Energiegewinnungsm\u00f6glichkeiten und dem Atomausstieg in den letzten Monaten.<\/p>\n<p><\/p>\n<p>Wer hohe\u00a05-stellige Betr\u00e4ge in eine Solar- oder Photovoltaikanlage investiert hat, sollte diese Investition auch sch\u00fctzen.<\/p>\n<p><\/p>\n<p>\u00a0<img loading=\"lazy\" decoding=\"async\" class=\"aligncenter size-full wp-image-619\" title=\"Photovoltaik\" src=\"https:\/\/www.ansia.de\/wp-content\/uploads\/050-001.jpg\" alt=\"\" width=\"643\" height=\"333\" \/><\/p>\n<p><\/p>\n<p>Die meisten vorhandenen Wohngeb\u00e4udeversicherungen beinhalten keinen oder nur einen sehr unzureichenden Schutz f\u00fcr Ihre Anlage. Nachfolgend zeigen wir Ihnen nur einige M\u00f6glichkeiten eines zeitgem\u00e4\u00dfen Photovoltaikvertrages.<\/p>\n<p><\/p>\n<ul><\/p>\n<li>Elektronik<\/li>\n<p><\/p>\n<li>Ertagsausfall<\/li>\n<p><\/p>\n<li>Sabotage<\/li>\n<p><\/p>\n<li>Vandalismus<\/li>\n<p><\/p>\n<li>Kurzschluss \/ \u00dcberspannung<\/li>\n<p><\/p>\n<li>Sturm &#8211; Frost &#8211; Schneedruck<\/li>\n<p><\/p>\n<li>Betreiberhaftpflicht<\/li>\n<p><\/ul>\n<p><\/p>\n<p>Unsere Makler unterbreiten Ihnen ein umfangreiches Angebot zu g\u00fcnstigen Konditionen.<\/p>\n<p><\/p>\n<p>&nbsp;<\/p>\n<p><\/p>\n<p>&nbsp;<\/p>\n<p><\/p>\n<p>&nbsp;<\/p>\n","protected":false},"excerpt":{"rendered":"<p>&nbsp; Die Photovoltaikversicherung gewinnt immer mehr an Bedeutung. Das liegt nat\u00fcrlich nicht zuletzt an den Diskussionen \u00fcber\u00a0 Energiegewinnungsm\u00f6glichkeiten und dem Atomausstieg in den letzten Monaten. Wer hohe\u00a05-stellige Betr\u00e4ge in eine Solar- oder Photovoltaikanlage investiert hat, sollte diese Investition auch sch\u00fctzen. &hellip; <a href=\"https:\/\/www.ansia.de\/index.php\/versicherungen\/photovoltaik\/\">Weiterlesen <span class=\"meta-nav\">&rarr;<\/span><\/a><\/p>\n","protected":false},"author":3,"featured_media":0,"parent":6,"menu_order":8,"comment_status":"closed","ping_status":"closed","template":"","meta":{"footnotes":""},"class_list":["post-451","page","type-page","status-publish","hentry"],"yoast_head":"<!-- This site is optimized with the Yoast SEO plugin v26.4 - https:\/\/yoast.com\/wordpress\/plugins\/seo\/ -->\n<title>Photovoltaik - Ansia<\/title>\n<meta name=\"robots\" content=\"index, follow, max-snippet:-1, max-image-preview:large, max-video-preview:-1\" \/>\n<link rel=\"canonical\" href=\"https:\/\/www.ansia.de\/index.php\/versicherungen\/photovoltaik\/\" \/>\n<meta property=\"og:locale\" content=\"de_DE\" \/>\n<meta property=\"og:type\" content=\"article\" \/>\n<meta property=\"og:title\" content=\"Photovoltaik - Ansia\" \/>\n<meta property=\"og:description\" content=\"&nbsp; Die Photovoltaikversicherung gewinnt immer mehr an Bedeutung. Das liegt nat\u00fcrlich nicht zuletzt an den Diskussionen \u00fcber\u00a0 Energiegewinnungsm\u00f6glichkeiten und dem Atomausstieg in den letzten Monaten. Wer hohe\u00a05-stellige Betr\u00e4ge in eine Solar- oder Photovoltaikanlage investiert hat, sollte diese Investition auch sch\u00fctzen. &hellip; Weiterlesen &rarr;\" \/>\n<meta property=\"og:url\" content=\"https:\/\/www.ansia.de\/index.php\/versicherungen\/photovoltaik\/\" \/>\n<meta property=\"og:site_name\" content=\"Ansia\" \/>\n<meta property=\"article:modified_time\" content=\"2011-09-15T13:22:49+00:00\" \/>\n<meta property=\"og:image\" content=\"https:\/\/www.ansia.de\/wp-content\/uploads\/photovoltaik1.jpg\" \/>\n<meta name=\"twitter:card\" content=\"summary_large_image\" \/>\n<script type=\"application\/ld+json\" class=\"yoast-schema-graph\">{\"@context\":\"https:\/\/schema.org\",\"@graph\":[{\"@type\":\"WebPage\",\"@id\":\"https:\/\/www.ansia.de\/index.php\/versicherungen\/photovoltaik\/\",\"url\":\"https:\/\/www.ansia.de\/index.php\/versicherungen\/photovoltaik\/\",\"name\":\"Photovoltaik - Ansia\",\"isPartOf\":{\"@id\":\"https:\/\/www.ansia.de\/#website\"},\"primaryImageOfPage\":{\"@id\":\"https:\/\/www.ansia.de\/index.php\/versicherungen\/photovoltaik\/#primaryimage\"},\"image\":{\"@id\":\"https:\/\/www.ansia.de\/index.php\/versicherungen\/photovoltaik\/#primaryimage\"},\"thumbnailUrl\":\"https:\/\/www.ansia.de\/wp-content\/uploads\/photovoltaik1.jpg\",\"datePublished\":\"2011-08-10T09:21:01+00:00\",\"dateModified\":\"2011-09-15T13:22:49+00:00\",\"breadcrumb\":{\"@id\":\"https:\/\/www.ansia.de\/index.php\/versicherungen\/photovoltaik\/#breadcrumb\"},\"inLanguage\":\"de\",\"potentialAction\":[{\"@type\":\"ReadAction\",\"target\":[\"https:\/\/www.ansia.de\/index.php\/versicherungen\/photovoltaik\/\"]}]},{\"@type\":\"ImageObject\",\"inLanguage\":\"de\",\"@id\":\"https:\/\/www.ansia.de\/index.php\/versicherungen\/photovoltaik\/#primaryimage\",\"url\":\"https:\/\/www.ansia.de\/wp-content\/uploads\/photovoltaik1.jpg\",\"contentUrl\":\"https:\/\/www.ansia.de\/wp-content\/uploads\/photovoltaik1.jpg\",\"width\":\"670\",\"height\":\"150\"},{\"@type\":\"BreadcrumbList\",\"@id\":\"https:\/\/www.ansia.de\/index.php\/versicherungen\/photovoltaik\/#breadcrumb\",\"itemListElement\":[{\"@type\":\"ListItem\",\"position\":1,\"name\":\"Startseite\",\"item\":\"https:\/\/www.ansia.de\/\"},{\"@type\":\"ListItem\",\"position\":2,\"name\":\"Versicherungen\",\"item\":\"https:\/\/www.ansia.de\/index.php\/versicherungen\/\"},{\"@type\":\"ListItem\",\"position\":3,\"name\":\"Photovoltaik\"}]},{\"@type\":\"WebSite\",\"@id\":\"https:\/\/www.ansia.de\/#website\",\"url\":\"https:\/\/www.ansia.de\/\",\"name\":\"Ansia\",\"description\":\"\",\"potentialAction\":[{\"@type\":\"SearchAction\",\"target\":{\"@type\":\"EntryPoint\",\"urlTemplate\":\"https:\/\/www.ansia.de\/?s={search_term_string}\"},\"query-input\":{\"@type\":\"PropertyValueSpecification\",\"valueRequired\":true,\"valueName\":\"search_term_string\"}}],\"inLanguage\":\"de\"}]}<\/script>\n<!-- \/ Yoast SEO plugin. -->","yoast_head_json":{"title":"Photovoltaik - Ansia","robots":{"index":"index","follow":"follow","max-snippet":"max-snippet:-1","max-image-preview":"max-image-preview:large","max-video-preview":"max-video-preview:-1"},"canonical":"https:\/\/www.ansia.de\/index.php\/versicherungen\/photovoltaik\/","og_locale":"de_DE","og_type":"article","og_title":"Photovoltaik - Ansia","og_description":"&nbsp; Die Photovoltaikversicherung gewinnt immer mehr an Bedeutung. Das liegt nat\u00fcrlich nicht zuletzt an den Diskussionen \u00fcber\u00a0 Energiegewinnungsm\u00f6glichkeiten und dem Atomausstieg in den letzten Monaten. Wer hohe\u00a05-stellige Betr\u00e4ge in eine Solar- oder Photovoltaikanlage investiert hat, sollte diese Investition auch sch\u00fctzen. &hellip; Weiterlesen &rarr;","og_url":"https:\/\/www.ansia.de\/index.php\/versicherungen\/photovoltaik\/","og_site_name":"Ansia","article_modified_time":"2011-09-15T13:22:49+00:00","og_image":[{"url":"https:\/\/www.ansia.de\/wp-content\/uploads\/photovoltaik1.jpg","type":"","width":"","height":""}],"twitter_card":"summary_large_image","schema":{"@context":"https:\/\/schema.org","@graph":[{"@type":"WebPage","@id":"https:\/\/www.ansia.de\/index.php\/versicherungen\/photovoltaik\/","url":"https:\/\/www.ansia.de\/index.php\/versicherungen\/photovoltaik\/","name":"Photovoltaik - Ansia","isPartOf":{"@id":"https:\/\/www.ansia.de\/#website"},"primaryImageOfPage":{"@id":"https:\/\/www.ansia.de\/index.php\/versicherungen\/photovoltaik\/#primaryimage"},"image":{"@id":"https:\/\/www.ansia.de\/index.php\/versicherungen\/photovoltaik\/#primaryimage"},"thumbnailUrl":"https:\/\/www.ansia.de\/wp-content\/uploads\/photovoltaik1.jpg","datePublished":"2011-08-10T09:21:01+00:00","dateModified":"2011-09-15T13:22:49+00:00","breadcrumb":{"@id":"https:\/\/www.ansia.de\/index.php\/versicherungen\/photovoltaik\/#breadcrumb"},"inLanguage":"de","potentialAction":[{"@type":"ReadAction","target":["https:\/\/www.ansia.de\/index.php\/versicherungen\/photovoltaik\/"]}]},{"@type":"ImageObject","inLanguage":"de","@id":"https:\/\/www.ansia.de\/index.php\/versicherungen\/photovoltaik\/#primaryimage","url":"https:\/\/www.ansia.de\/wp-content\/uploads\/photovoltaik1.jpg","contentUrl":"https:\/\/www.ansia.de\/wp-content\/uploads\/photovoltaik1.jpg","width":"670","height":"150"},{"@type":"BreadcrumbList","@id":"https:\/\/www.ansia.de\/index.php\/versicherungen\/photovoltaik\/#breadcrumb","itemListElement":[{"@type":"ListItem","position":1,"name":"Startseite","item":"https:\/\/www.ansia.de\/"},{"@type":"ListItem","position":2,"name":"Versicherungen","item":"https:\/\/www.ansia.de\/index.php\/versicherungen\/"},{"@type":"ListItem","position":3,"name":"Photovoltaik"}]},{"@type":"WebSite","@id":"https:\/\/www.ansia.de\/#website","url":"https:\/\/www.ansia.de\/","name":"Ansia","description":"","potentialAction":[{"@type":"SearchAction","target":{"@type":"EntryPoint","urlTemplate":"https:\/\/www.ansia.de\/?s={search_term_string}"},"query-input":{"@type":"PropertyValueSpecification","valueRequired":true,"valueName":"search_term_string"}}],"inLanguage":"de"}]}},"_links":{"self":[{"href":"https:\/\/www.ansia.de\/index.php\/wp-json\/wp\/v2\/pages\/451","targetHints":{"allow":["GET"]}}],"collection":[{"href":"https:\/\/www.ansia.de\/index.php\/wp-json\/wp\/v2\/pages"}],"about":[{"href":"https:\/\/www.ansia.de\/index.php\/wp-json\/wp\/v2\/types\/page"}],"author":[{"embeddable":true,"href":"https:\/\/www.ansia.de\/index.php\/wp-json\/wp\/v2\/users\/3"}],"replies":[{"embeddable":true,"href":"https:\/\/www.ansia.de\/index.php\/wp-json\/wp\/v2\/comments?post=451"}],"version-history":[{"count":16,"href":"https:\/\/www.ansia.de\/index.php\/wp-json\/wp\/v2\/pages\/451\/revisions"}],"predecessor-version":[{"id":1076,"href":"https:\/\/www.ansia.de\/index.php\/wp-json\/wp\/v2\/pages\/451\/revisions\/1076"}],"up":[{"embeddable":true,"href":"https:\/\/www.ansia.de\/index.php\/wp-json\/wp\/v2\/pages\/6"}],"wp:attachment":[{"href":"https:\/\/www.ansia.de\/index.php\/wp-json\/wp\/v2\/media?parent=451"}],"curies":[{"name":"wp","href":"https:\/\/api.w.org\/{rel}","templated":true}]}}