{"id":448,"date":"2011-08-10T09:17:05","date_gmt":"2011-08-10T09:17:05","guid":{"rendered":"http:\/\/www.ansia.de\/?page_id=448"},"modified":"2011-09-06T16:08:33","modified_gmt":"2011-09-06T16:08:33","slug":"geschaftsgebaude","status":"publish","type":"page","link":"https:\/\/www.ansia.de\/index.php\/versicherungen\/gebaude\/geschaftsgebaude\/","title":{"rendered":"Betriebs,-und Gesch\u00e4ftsgeb\u00e4ude"},"content":{"rendered":"<p><a href=\"https:\/\/www.ansia.de\/wp-content\/uploads\/025-0011.jpg\" rel=\"lightbox[448]\"><img loading=\"lazy\" decoding=\"async\" class=\"alignleft size-full wp-image-672\" title=\"025-001\" src=\"https:\/\/www.ansia.de\/wp-content\/uploads\/025-0011.jpg\" alt=\"\" width=\"670\" height=\"150\" \/><\/a>\u00a0<\/p>\n<p><\/p>\n<p>In der Betriebs- oder auch Gesch\u00e4ftsgeb\u00e4udeversicherung gelten in der Regel die gleichen Basisdeckungen wie in der Wohngeb\u00e4udeversicherung.<\/p>\n<p><\/p>\n<ul><\/p>\n<li>Feuer<\/li>\n<p><\/p>\n<li>Leitungswasser<\/li>\n<p><\/p>\n<li>Sturm und Hagel<\/li>\n<p><\/ul>\n<p><\/p>\n<p><span style=\"text-decoration: underline;\">Der Versicherungsschutz kann erweitert werden\u00a0durch zum Beispiel<\/span>:<\/p>\n<p><\/p>\n<ul><\/p>\n<li>Einbruchdiebstahl<\/li>\n<p><\/p>\n<li>Glas<\/li>\n<p><\/p>\n<li>Elementarschaden<\/li>\n<p><\/p>\n<li>Mietausfall<\/li>\n<p><\/ul>\n<p><\/p>\n<p>Welche Sch\u00e4den diese Versicherung nicht abdeckt und wie wichtig die Festlegung der richtigen Versicherungssumme ist, dar\u00fcber reden Sie am besten mit einem unserer Makler.<\/p>\n<p><\/p>\n<p>&nbsp;<\/p>\n","protected":false},"excerpt":{"rendered":"<p>\u00a0 In der Betriebs- oder auch Gesch\u00e4ftsgeb\u00e4udeversicherung gelten in der Regel die gleichen Basisdeckungen wie in der Wohngeb\u00e4udeversicherung. Feuer Leitungswasser Sturm und Hagel Der Versicherungsschutz kann erweitert werden\u00a0durch zum Beispiel: Einbruchdiebstahl Glas Elementarschaden Mietausfall Welche Sch\u00e4den diese Versicherung nicht abdeckt &hellip; <a href=\"https:\/\/www.ansia.de\/index.php\/versicherungen\/gebaude\/geschaftsgebaude\/\">Weiterlesen <span class=\"meta-nav\">&rarr;<\/span><\/a><\/p>\n","protected":false},"author":3,"featured_media":0,"parent":310,"menu_order":1,"comment_status":"closed","ping_status":"closed","template":"","meta":{"footnotes":""},"class_list":["post-448","page","type-page","status-publish","hentry"],"yoast_head":"<!-- This site is optimized with the Yoast SEO plugin v26.4 - https:\/\/yoast.com\/wordpress\/plugins\/seo\/ -->\n<title>Betriebs,-und Gesch\u00e4ftsgeb\u00e4ude - Ansia<\/title>\n<meta name=\"robots\" content=\"index, follow, max-snippet:-1, max-image-preview:large, max-video-preview:-1\" \/>\n<link rel=\"canonical\" href=\"https:\/\/www.ansia.de\/index.php\/versicherungen\/gebaude\/geschaftsgebaude\/\" \/>\n<meta property=\"og:locale\" content=\"de_DE\" \/>\n<meta property=\"og:type\" content=\"article\" \/>\n<meta property=\"og:title\" content=\"Betriebs,-und Gesch\u00e4ftsgeb\u00e4ude - Ansia\" \/>\n<meta property=\"og:description\" content=\"\u00a0 In der Betriebs- oder auch Gesch\u00e4ftsgeb\u00e4udeversicherung gelten in der Regel die gleichen Basisdeckungen wie in der Wohngeb\u00e4udeversicherung. Feuer Leitungswasser Sturm und Hagel Der Versicherungsschutz kann erweitert werden\u00a0durch zum Beispiel: Einbruchdiebstahl Glas Elementarschaden Mietausfall Welche Sch\u00e4den diese Versicherung nicht abdeckt &hellip; Weiterlesen &rarr;\" \/>\n<meta property=\"og:url\" content=\"https:\/\/www.ansia.de\/index.php\/versicherungen\/gebaude\/geschaftsgebaude\/\" \/>\n<meta property=\"og:site_name\" content=\"Ansia\" \/>\n<meta property=\"article:modified_time\" content=\"2011-09-06T16:08:33+00:00\" \/>\n<meta property=\"og:image\" content=\"https:\/\/www.ansia.de\/wp-content\/uploads\/025-0011.jpg\" \/>\n<meta name=\"twitter:card\" content=\"summary_large_image\" \/>\n<script type=\"application\/ld+json\" class=\"yoast-schema-graph\">{\"@context\":\"https:\/\/schema.org\",\"@graph\":[{\"@type\":\"WebPage\",\"@id\":\"https:\/\/www.ansia.de\/index.php\/versicherungen\/gebaude\/geschaftsgebaude\/\",\"url\":\"https:\/\/www.ansia.de\/index.php\/versicherungen\/gebaude\/geschaftsgebaude\/\",\"name\":\"Betriebs,-und Gesch\u00e4ftsgeb\u00e4ude - Ansia\",\"isPartOf\":{\"@id\":\"https:\/\/www.ansia.de\/#website\"},\"primaryImageOfPage\":{\"@id\":\"https:\/\/www.ansia.de\/index.php\/versicherungen\/gebaude\/geschaftsgebaude\/#primaryimage\"},\"image\":{\"@id\":\"https:\/\/www.ansia.de\/index.php\/versicherungen\/gebaude\/geschaftsgebaude\/#primaryimage\"},\"thumbnailUrl\":\"https:\/\/www.ansia.de\/wp-content\/uploads\/025-0011.jpg\",\"datePublished\":\"2011-08-10T09:17:05+00:00\",\"dateModified\":\"2011-09-06T16:08:33+00:00\",\"breadcrumb\":{\"@id\":\"https:\/\/www.ansia.de\/index.php\/versicherungen\/gebaude\/geschaftsgebaude\/#breadcrumb\"},\"inLanguage\":\"de\",\"potentialAction\":[{\"@type\":\"ReadAction\",\"target\":[\"https:\/\/www.ansia.de\/index.php\/versicherungen\/gebaude\/geschaftsgebaude\/\"]}]},{\"@type\":\"ImageObject\",\"inLanguage\":\"de\",\"@id\":\"https:\/\/www.ansia.de\/index.php\/versicherungen\/gebaude\/geschaftsgebaude\/#primaryimage\",\"url\":\"https:\/\/www.ansia.de\/wp-content\/uploads\/025-0011.jpg\",\"contentUrl\":\"https:\/\/www.ansia.de\/wp-content\/uploads\/025-0011.jpg\",\"width\":\"670\",\"height\":\"150\"},{\"@type\":\"BreadcrumbList\",\"@id\":\"https:\/\/www.ansia.de\/index.php\/versicherungen\/gebaude\/geschaftsgebaude\/#breadcrumb\",\"itemListElement\":[{\"@type\":\"ListItem\",\"position\":1,\"name\":\"Startseite\",\"item\":\"https:\/\/www.ansia.de\/\"},{\"@type\":\"ListItem\",\"position\":2,\"name\":\"Versicherungen\",\"item\":\"https:\/\/www.ansia.de\/index.php\/versicherungen\/\"},{\"@type\":\"ListItem\",\"position\":3,\"name\":\"Geb\u00e4ude\",\"item\":\"https:\/\/www.ansia.de\/index.php\/versicherungen\/gebaude\/\"},{\"@type\":\"ListItem\",\"position\":4,\"name\":\"Betriebs,-und Gesch\u00e4ftsgeb\u00e4ude\"}]},{\"@type\":\"WebSite\",\"@id\":\"https:\/\/www.ansia.de\/#website\",\"url\":\"https:\/\/www.ansia.de\/\",\"name\":\"Ansia\",\"description\":\"\",\"potentialAction\":[{\"@type\":\"SearchAction\",\"target\":{\"@type\":\"EntryPoint\",\"urlTemplate\":\"https:\/\/www.ansia.de\/?s={search_term_string}\"},\"query-input\":{\"@type\":\"PropertyValueSpecification\",\"valueRequired\":true,\"valueName\":\"search_term_string\"}}],\"inLanguage\":\"de\"}]}<\/script>\n<!-- \/ Yoast SEO plugin. -->","yoast_head_json":{"title":"Betriebs,-und Gesch\u00e4ftsgeb\u00e4ude - Ansia","robots":{"index":"index","follow":"follow","max-snippet":"max-snippet:-1","max-image-preview":"max-image-preview:large","max-video-preview":"max-video-preview:-1"},"canonical":"https:\/\/www.ansia.de\/index.php\/versicherungen\/gebaude\/geschaftsgebaude\/","og_locale":"de_DE","og_type":"article","og_title":"Betriebs,-und Gesch\u00e4ftsgeb\u00e4ude - Ansia","og_description":"\u00a0 In der Betriebs- oder auch Gesch\u00e4ftsgeb\u00e4udeversicherung gelten in der Regel die gleichen Basisdeckungen wie in der Wohngeb\u00e4udeversicherung. Feuer Leitungswasser Sturm und Hagel Der Versicherungsschutz kann erweitert werden\u00a0durch zum Beispiel: Einbruchdiebstahl Glas Elementarschaden Mietausfall Welche Sch\u00e4den diese Versicherung nicht abdeckt &hellip; Weiterlesen &rarr;","og_url":"https:\/\/www.ansia.de\/index.php\/versicherungen\/gebaude\/geschaftsgebaude\/","og_site_name":"Ansia","article_modified_time":"2011-09-06T16:08:33+00:00","og_image":[{"url":"https:\/\/www.ansia.de\/wp-content\/uploads\/025-0011.jpg","type":"","width":"","height":""}],"twitter_card":"summary_large_image","schema":{"@context":"https:\/\/schema.org","@graph":[{"@type":"WebPage","@id":"https:\/\/www.ansia.de\/index.php\/versicherungen\/gebaude\/geschaftsgebaude\/","url":"https:\/\/www.ansia.de\/index.php\/versicherungen\/gebaude\/geschaftsgebaude\/","name":"Betriebs,-und Gesch\u00e4ftsgeb\u00e4ude - Ansia","isPartOf":{"@id":"https:\/\/www.ansia.de\/#website"},"primaryImageOfPage":{"@id":"https:\/\/www.ansia.de\/index.php\/versicherungen\/gebaude\/geschaftsgebaude\/#primaryimage"},"image":{"@id":"https:\/\/www.ansia.de\/index.php\/versicherungen\/gebaude\/geschaftsgebaude\/#primaryimage"},"thumbnailUrl":"https:\/\/www.ansia.de\/wp-content\/uploads\/025-0011.jpg","datePublished":"2011-08-10T09:17:05+00:00","dateModified":"2011-09-06T16:08:33+00:00","breadcrumb":{"@id":"https:\/\/www.ansia.de\/index.php\/versicherungen\/gebaude\/geschaftsgebaude\/#breadcrumb"},"inLanguage":"de","potentialAction":[{"@type":"ReadAction","target":["https:\/\/www.ansia.de\/index.php\/versicherungen\/gebaude\/geschaftsgebaude\/"]}]},{"@type":"ImageObject","inLanguage":"de","@id":"https:\/\/www.ansia.de\/index.php\/versicherungen\/gebaude\/geschaftsgebaude\/#primaryimage","url":"https:\/\/www.ansia.de\/wp-content\/uploads\/025-0011.jpg","contentUrl":"https:\/\/www.ansia.de\/wp-content\/uploads\/025-0011.jpg","width":"670","height":"150"},{"@type":"BreadcrumbList","@id":"https:\/\/www.ansia.de\/index.php\/versicherungen\/gebaude\/geschaftsgebaude\/#breadcrumb","itemListElement":[{"@type":"ListItem","position":1,"name":"Startseite","item":"https:\/\/www.ansia.de\/"},{"@type":"ListItem","position":2,"name":"Versicherungen","item":"https:\/\/www.ansia.de\/index.php\/versicherungen\/"},{"@type":"ListItem","position":3,"name":"Geb\u00e4ude","item":"https:\/\/www.ansia.de\/index.php\/versicherungen\/gebaude\/"},{"@type":"ListItem","position":4,"name":"Betriebs,-und Gesch\u00e4ftsgeb\u00e4ude"}]},{"@type":"WebSite","@id":"https:\/\/www.ansia.de\/#website","url":"https:\/\/www.ansia.de\/","name":"Ansia","description":"","potentialAction":[{"@type":"SearchAction","target":{"@type":"EntryPoint","urlTemplate":"https:\/\/www.ansia.de\/?s={search_term_string}"},"query-input":{"@type":"PropertyValueSpecification","valueRequired":true,"valueName":"search_term_string"}}],"inLanguage":"de"}]}},"_links":{"self":[{"href":"https:\/\/www.ansia.de\/index.php\/wp-json\/wp\/v2\/pages\/448","targetHints":{"allow":["GET"]}}],"collection":[{"href":"https:\/\/www.ansia.de\/index.php\/wp-json\/wp\/v2\/pages"}],"about":[{"href":"https:\/\/www.ansia.de\/index.php\/wp-json\/wp\/v2\/types\/page"}],"author":[{"embeddable":true,"href":"https:\/\/www.ansia.de\/index.php\/wp-json\/wp\/v2\/users\/3"}],"replies":[{"embeddable":true,"href":"https:\/\/www.ansia.de\/index.php\/wp-json\/wp\/v2\/comments?post=448"}],"version-history":[{"count":10,"href":"https:\/\/www.ansia.de\/index.php\/wp-json\/wp\/v2\/pages\/448\/revisions"}],"predecessor-version":[{"id":473,"href":"https:\/\/www.ansia.de\/index.php\/wp-json\/wp\/v2\/pages\/448\/revisions\/473"}],"up":[{"embeddable":true,"href":"https:\/\/www.ansia.de\/index.php\/wp-json\/wp\/v2\/pages\/310"}],"wp:attachment":[{"href":"https:\/\/www.ansia.de\/index.php\/wp-json\/wp\/v2\/media?parent=448"}],"curies":[{"name":"wp","href":"https:\/\/api.w.org\/{rel}","templated":true}]}}