{"id":444,"date":"2011-08-10T09:10:51","date_gmt":"2011-08-10T09:10:51","guid":{"rendered":"http:\/\/www.ansia.de\/?page_id=444"},"modified":"2011-09-11T19:37:50","modified_gmt":"2011-09-11T19:37:50","slug":"existenzschutz","status":"publish","type":"page","link":"https:\/\/www.ansia.de\/index.php\/versicherungen\/existenzschutz\/","title":{"rendered":"Existenzschutz"},"content":{"rendered":"<p><img loading=\"lazy\" decoding=\"async\" class=\"alignleft size-full wp-image-288\" title=\"Existenzschutz\" src=\"https:\/\/www.ansia.de\/wp-content\/uploads\/a_Imgp6947.jpg\" alt=\"\" width=\"670\" height=\"182\" \/>Die Existenzschutzversicherung ist eine optimale Erg\u00e4nzung zur Berufsunf\u00e4higkeitsversicherung. Diese Versicherungsform wird h\u00e4ufig gew\u00e4hlt, wenn dem Kunden die Beitr\u00e4ge f\u00fcr eine\u00a0volle Berufsunf\u00e4higkeitrente zu hoch sind.<\/p>\n<p><\/p>\n<p>Aber auch als Solovertrag\u00a0sichert die Existenzschutzversicherung\u00a0umfassend gegen die finanziellen Folgen, die bei Invalidit\u00e4t durch schwere Krankheit, Unfall, Verlust von Grundf\u00e4higkeiten und bei Pflegebed\u00fcrftigkeit entstehen.\u00a0Dabei ist die berufliche T\u00e4tigkeit ohne Bedeutung.<\/p>\n<p><\/p>\n<p>K\u00f6nnen Sie auf Grund Ihres Gesundheitszustands keine Berufsunf\u00e4higkeitsversicherung mehr abschlie\u00dfen, oder wird dieser Vertrag\u00a0nur mit Ausschluss oder hohem Risikozuschlag angenommen?<\/p>\n<p><\/p>\n<p>Lassen Sie sich von unseren Maklern beraten, vielleicht ist ja der Abschluss einer Existenzschutzversicherung die beste L\u00f6sung f\u00fcr Sie.\u00a0<\/p>\n","protected":false},"excerpt":{"rendered":"<p>Die Existenzschutzversicherung ist eine optimale Erg\u00e4nzung zur Berufsunf\u00e4higkeitsversicherung. Diese Versicherungsform wird h\u00e4ufig gew\u00e4hlt, wenn dem Kunden die Beitr\u00e4ge f\u00fcr eine\u00a0volle Berufsunf\u00e4higkeitrente zu hoch sind. Aber auch als Solovertrag\u00a0sichert die Existenzschutzversicherung\u00a0umfassend gegen die finanziellen Folgen, die bei Invalidit\u00e4t durch schwere Krankheit, &hellip; <a href=\"https:\/\/www.ansia.de\/index.php\/versicherungen\/existenzschutz\/\">Weiterlesen <span class=\"meta-nav\">&rarr;<\/span><\/a><\/p>\n","protected":false},"author":3,"featured_media":0,"parent":6,"menu_order":2,"comment_status":"closed","ping_status":"closed","template":"","meta":{"footnotes":""},"class_list":["post-444","page","type-page","status-publish","hentry"],"yoast_head":"<!-- This site is optimized with the Yoast SEO plugin v26.4 - https:\/\/yoast.com\/wordpress\/plugins\/seo\/ -->\n<title>Existenzschutz - Ansia<\/title>\n<meta name=\"robots\" content=\"index, follow, max-snippet:-1, max-image-preview:large, max-video-preview:-1\" \/>\n<link rel=\"canonical\" href=\"https:\/\/www.ansia.de\/index.php\/versicherungen\/existenzschutz\/\" \/>\n<meta property=\"og:locale\" content=\"de_DE\" \/>\n<meta property=\"og:type\" content=\"article\" \/>\n<meta property=\"og:title\" content=\"Existenzschutz - Ansia\" \/>\n<meta property=\"og:description\" content=\"Die Existenzschutzversicherung ist eine optimale Erg\u00e4nzung zur Berufsunf\u00e4higkeitsversicherung. Diese Versicherungsform wird h\u00e4ufig gew\u00e4hlt, wenn dem Kunden die Beitr\u00e4ge f\u00fcr eine\u00a0volle Berufsunf\u00e4higkeitrente zu hoch sind. Aber auch als Solovertrag\u00a0sichert die Existenzschutzversicherung\u00a0umfassend gegen die finanziellen Folgen, die bei Invalidit\u00e4t durch schwere Krankheit, &hellip; Weiterlesen &rarr;\" \/>\n<meta property=\"og:url\" content=\"https:\/\/www.ansia.de\/index.php\/versicherungen\/existenzschutz\/\" \/>\n<meta property=\"og:site_name\" content=\"Ansia\" \/>\n<meta property=\"article:modified_time\" content=\"2011-09-11T19:37:50+00:00\" \/>\n<meta property=\"og:image\" content=\"https:\/\/www.ansia.de\/wp-content\/uploads\/a_Imgp6947.jpg\" \/>\n<meta name=\"twitter:card\" content=\"summary_large_image\" \/>\n<script type=\"application\/ld+json\" class=\"yoast-schema-graph\">{\"@context\":\"https:\/\/schema.org\",\"@graph\":[{\"@type\":\"WebPage\",\"@id\":\"https:\/\/www.ansia.de\/index.php\/versicherungen\/existenzschutz\/\",\"url\":\"https:\/\/www.ansia.de\/index.php\/versicherungen\/existenzschutz\/\",\"name\":\"Existenzschutz - Ansia\",\"isPartOf\":{\"@id\":\"https:\/\/www.ansia.de\/#website\"},\"primaryImageOfPage\":{\"@id\":\"https:\/\/www.ansia.de\/index.php\/versicherungen\/existenzschutz\/#primaryimage\"},\"image\":{\"@id\":\"https:\/\/www.ansia.de\/index.php\/versicherungen\/existenzschutz\/#primaryimage\"},\"thumbnailUrl\":\"https:\/\/www.ansia.de\/wp-content\/uploads\/a_Imgp6947.jpg\",\"datePublished\":\"2011-08-10T09:10:51+00:00\",\"dateModified\":\"2011-09-11T19:37:50+00:00\",\"breadcrumb\":{\"@id\":\"https:\/\/www.ansia.de\/index.php\/versicherungen\/existenzschutz\/#breadcrumb\"},\"inLanguage\":\"de\",\"potentialAction\":[{\"@type\":\"ReadAction\",\"target\":[\"https:\/\/www.ansia.de\/index.php\/versicherungen\/existenzschutz\/\"]}]},{\"@type\":\"ImageObject\",\"inLanguage\":\"de\",\"@id\":\"https:\/\/www.ansia.de\/index.php\/versicherungen\/existenzschutz\/#primaryimage\",\"url\":\"https:\/\/www.ansia.de\/wp-content\/uploads\/a_Imgp6947.jpg\",\"contentUrl\":\"https:\/\/www.ansia.de\/wp-content\/uploads\/a_Imgp6947.jpg\",\"width\":\"670\",\"height\":\"182\"},{\"@type\":\"BreadcrumbList\",\"@id\":\"https:\/\/www.ansia.de\/index.php\/versicherungen\/existenzschutz\/#breadcrumb\",\"itemListElement\":[{\"@type\":\"ListItem\",\"position\":1,\"name\":\"Startseite\",\"item\":\"https:\/\/www.ansia.de\/\"},{\"@type\":\"ListItem\",\"position\":2,\"name\":\"Versicherungen\",\"item\":\"https:\/\/www.ansia.de\/index.php\/versicherungen\/\"},{\"@type\":\"ListItem\",\"position\":3,\"name\":\"Existenzschutz\"}]},{\"@type\":\"WebSite\",\"@id\":\"https:\/\/www.ansia.de\/#website\",\"url\":\"https:\/\/www.ansia.de\/\",\"name\":\"Ansia\",\"description\":\"\",\"potentialAction\":[{\"@type\":\"SearchAction\",\"target\":{\"@type\":\"EntryPoint\",\"urlTemplate\":\"https:\/\/www.ansia.de\/?s={search_term_string}\"},\"query-input\":{\"@type\":\"PropertyValueSpecification\",\"valueRequired\":true,\"valueName\":\"search_term_string\"}}],\"inLanguage\":\"de\"}]}<\/script>\n<!-- \/ Yoast SEO plugin. -->","yoast_head_json":{"title":"Existenzschutz - Ansia","robots":{"index":"index","follow":"follow","max-snippet":"max-snippet:-1","max-image-preview":"max-image-preview:large","max-video-preview":"max-video-preview:-1"},"canonical":"https:\/\/www.ansia.de\/index.php\/versicherungen\/existenzschutz\/","og_locale":"de_DE","og_type":"article","og_title":"Existenzschutz - Ansia","og_description":"Die Existenzschutzversicherung ist eine optimale Erg\u00e4nzung zur Berufsunf\u00e4higkeitsversicherung. Diese Versicherungsform wird h\u00e4ufig gew\u00e4hlt, wenn dem Kunden die Beitr\u00e4ge f\u00fcr eine\u00a0volle Berufsunf\u00e4higkeitrente zu hoch sind. Aber auch als Solovertrag\u00a0sichert die Existenzschutzversicherung\u00a0umfassend gegen die finanziellen Folgen, die bei Invalidit\u00e4t durch schwere Krankheit, &hellip; Weiterlesen &rarr;","og_url":"https:\/\/www.ansia.de\/index.php\/versicherungen\/existenzschutz\/","og_site_name":"Ansia","article_modified_time":"2011-09-11T19:37:50+00:00","og_image":[{"url":"https:\/\/www.ansia.de\/wp-content\/uploads\/a_Imgp6947.jpg","type":"","width":"","height":""}],"twitter_card":"summary_large_image","schema":{"@context":"https:\/\/schema.org","@graph":[{"@type":"WebPage","@id":"https:\/\/www.ansia.de\/index.php\/versicherungen\/existenzschutz\/","url":"https:\/\/www.ansia.de\/index.php\/versicherungen\/existenzschutz\/","name":"Existenzschutz - Ansia","isPartOf":{"@id":"https:\/\/www.ansia.de\/#website"},"primaryImageOfPage":{"@id":"https:\/\/www.ansia.de\/index.php\/versicherungen\/existenzschutz\/#primaryimage"},"image":{"@id":"https:\/\/www.ansia.de\/index.php\/versicherungen\/existenzschutz\/#primaryimage"},"thumbnailUrl":"https:\/\/www.ansia.de\/wp-content\/uploads\/a_Imgp6947.jpg","datePublished":"2011-08-10T09:10:51+00:00","dateModified":"2011-09-11T19:37:50+00:00","breadcrumb":{"@id":"https:\/\/www.ansia.de\/index.php\/versicherungen\/existenzschutz\/#breadcrumb"},"inLanguage":"de","potentialAction":[{"@type":"ReadAction","target":["https:\/\/www.ansia.de\/index.php\/versicherungen\/existenzschutz\/"]}]},{"@type":"ImageObject","inLanguage":"de","@id":"https:\/\/www.ansia.de\/index.php\/versicherungen\/existenzschutz\/#primaryimage","url":"https:\/\/www.ansia.de\/wp-content\/uploads\/a_Imgp6947.jpg","contentUrl":"https:\/\/www.ansia.de\/wp-content\/uploads\/a_Imgp6947.jpg","width":"670","height":"182"},{"@type":"BreadcrumbList","@id":"https:\/\/www.ansia.de\/index.php\/versicherungen\/existenzschutz\/#breadcrumb","itemListElement":[{"@type":"ListItem","position":1,"name":"Startseite","item":"https:\/\/www.ansia.de\/"},{"@type":"ListItem","position":2,"name":"Versicherungen","item":"https:\/\/www.ansia.de\/index.php\/versicherungen\/"},{"@type":"ListItem","position":3,"name":"Existenzschutz"}]},{"@type":"WebSite","@id":"https:\/\/www.ansia.de\/#website","url":"https:\/\/www.ansia.de\/","name":"Ansia","description":"","potentialAction":[{"@type":"SearchAction","target":{"@type":"EntryPoint","urlTemplate":"https:\/\/www.ansia.de\/?s={search_term_string}"},"query-input":{"@type":"PropertyValueSpecification","valueRequired":true,"valueName":"search_term_string"}}],"inLanguage":"de"}]}},"_links":{"self":[{"href":"https:\/\/www.ansia.de\/index.php\/wp-json\/wp\/v2\/pages\/444","targetHints":{"allow":["GET"]}}],"collection":[{"href":"https:\/\/www.ansia.de\/index.php\/wp-json\/wp\/v2\/pages"}],"about":[{"href":"https:\/\/www.ansia.de\/index.php\/wp-json\/wp\/v2\/types\/page"}],"author":[{"embeddable":true,"href":"https:\/\/www.ansia.de\/index.php\/wp-json\/wp\/v2\/users\/3"}],"replies":[{"embeddable":true,"href":"https:\/\/www.ansia.de\/index.php\/wp-json\/wp\/v2\/comments?post=444"}],"version-history":[{"count":5,"href":"https:\/\/www.ansia.de\/index.php\/wp-json\/wp\/v2\/pages\/444\/revisions"}],"predecessor-version":[{"id":864,"href":"https:\/\/www.ansia.de\/index.php\/wp-json\/wp\/v2\/pages\/444\/revisions\/864"}],"up":[{"embeddable":true,"href":"https:\/\/www.ansia.de\/index.php\/wp-json\/wp\/v2\/pages\/6"}],"wp:attachment":[{"href":"https:\/\/www.ansia.de\/index.php\/wp-json\/wp\/v2\/media?parent=444"}],"curies":[{"name":"wp","href":"https:\/\/api.w.org\/{rel}","templated":true}]}}