{"id":440,"date":"2011-08-10T09:01:01","date_gmt":"2011-08-10T09:01:01","guid":{"rendered":"http:\/\/www.ansia.de\/?page_id=440"},"modified":"2011-09-11T19:37:17","modified_gmt":"2011-09-11T19:37:17","slug":"bauleistung","status":"publish","type":"page","link":"https:\/\/www.ansia.de\/index.php\/versicherungen\/bauleistung\/","title":{"rendered":"Bauleistung"},"content":{"rendered":"<p><img loading=\"lazy\" decoding=\"async\" class=\"alignleft size-full wp-image-758\" title=\"Bauleistungen\" src=\"https:\/\/www.ansia.de\/wp-content\/uploads\/020-0011.jpg\" alt=\"\" width=\"670\" height=\"150\" \/>Die Bauleistungsversicherung\u00a0sch\u00fctzt das Bauvorhaben vor unvorhersehbaren Ereignissen wie z.B. Vandalismus oder Witterungseinfl\u00fcsse und Diebstahl.<\/p>\n<p><\/p>\n<p>Sie wird in der Regel mit der Feuerrohbauversicherung im Rahmen der Wohngeb\u00e4ude abgeschlossen.<\/p>\n<p><\/p>\n<p>Die Versicherungsdauer erstreckt sich bis zur Bezugsfertigkeit, h\u00f6chstens aber\u00a018 oder 24 Monate.<\/p>\n<p><\/p>\n<p>Der zu zahlende Beitrag ist ein Einmalbeitrag.<\/p>\n<p><\/p>\n<p>Auch die Bauleistungsversicherung hat ihre Grenzen im Versicherungsumfang. Welche das sind, erkl\u00e4ren Ihnen gerne unsere Makler.<\/p>\n","protected":false},"excerpt":{"rendered":"<p>Die Bauleistungsversicherung\u00a0sch\u00fctzt das Bauvorhaben vor unvorhersehbaren Ereignissen wie z.B. Vandalismus oder Witterungseinfl\u00fcsse und Diebstahl. Sie wird in der Regel mit der Feuerrohbauversicherung im Rahmen der Wohngeb\u00e4ude abgeschlossen. Die Versicherungsdauer erstreckt sich bis zur Bezugsfertigkeit, h\u00f6chstens aber\u00a018 oder 24 Monate. Der &hellip; <a href=\"https:\/\/www.ansia.de\/index.php\/versicherungen\/bauleistung\/\">Weiterlesen <span class=\"meta-nav\">&rarr;<\/span><\/a><\/p>\n","protected":false},"author":3,"featured_media":0,"parent":6,"menu_order":1,"comment_status":"closed","ping_status":"closed","template":"","meta":{"footnotes":""},"class_list":["post-440","page","type-page","status-publish","hentry"],"yoast_head":"<!-- This site is optimized with the Yoast SEO plugin v26.4 - https:\/\/yoast.com\/wordpress\/plugins\/seo\/ -->\n<title>Bauleistung - Ansia<\/title>\n<meta name=\"robots\" content=\"index, follow, max-snippet:-1, max-image-preview:large, max-video-preview:-1\" \/>\n<link rel=\"canonical\" href=\"https:\/\/www.ansia.de\/index.php\/versicherungen\/bauleistung\/\" \/>\n<meta property=\"og:locale\" content=\"de_DE\" \/>\n<meta property=\"og:type\" content=\"article\" \/>\n<meta property=\"og:title\" content=\"Bauleistung - Ansia\" \/>\n<meta property=\"og:description\" content=\"Die Bauleistungsversicherung\u00a0sch\u00fctzt das Bauvorhaben vor unvorhersehbaren Ereignissen wie z.B. Vandalismus oder Witterungseinfl\u00fcsse und Diebstahl. Sie wird in der Regel mit der Feuerrohbauversicherung im Rahmen der Wohngeb\u00e4ude abgeschlossen. Die Versicherungsdauer erstreckt sich bis zur Bezugsfertigkeit, h\u00f6chstens aber\u00a018 oder 24 Monate. Der &hellip; Weiterlesen &rarr;\" \/>\n<meta property=\"og:url\" content=\"https:\/\/www.ansia.de\/index.php\/versicherungen\/bauleistung\/\" \/>\n<meta property=\"og:site_name\" content=\"Ansia\" \/>\n<meta property=\"article:modified_time\" content=\"2011-09-11T19:37:17+00:00\" \/>\n<meta property=\"og:image\" content=\"https:\/\/www.ansia.de\/wp-content\/uploads\/020-0011.jpg\" \/>\n<meta name=\"twitter:card\" content=\"summary_large_image\" \/>\n<script type=\"application\/ld+json\" class=\"yoast-schema-graph\">{\"@context\":\"https:\/\/schema.org\",\"@graph\":[{\"@type\":\"WebPage\",\"@id\":\"https:\/\/www.ansia.de\/index.php\/versicherungen\/bauleistung\/\",\"url\":\"https:\/\/www.ansia.de\/index.php\/versicherungen\/bauleistung\/\",\"name\":\"Bauleistung - Ansia\",\"isPartOf\":{\"@id\":\"https:\/\/www.ansia.de\/#website\"},\"primaryImageOfPage\":{\"@id\":\"https:\/\/www.ansia.de\/index.php\/versicherungen\/bauleistung\/#primaryimage\"},\"image\":{\"@id\":\"https:\/\/www.ansia.de\/index.php\/versicherungen\/bauleistung\/#primaryimage\"},\"thumbnailUrl\":\"https:\/\/www.ansia.de\/wp-content\/uploads\/020-0011.jpg\",\"datePublished\":\"2011-08-10T09:01:01+00:00\",\"dateModified\":\"2011-09-11T19:37:17+00:00\",\"breadcrumb\":{\"@id\":\"https:\/\/www.ansia.de\/index.php\/versicherungen\/bauleistung\/#breadcrumb\"},\"inLanguage\":\"de\",\"potentialAction\":[{\"@type\":\"ReadAction\",\"target\":[\"https:\/\/www.ansia.de\/index.php\/versicherungen\/bauleistung\/\"]}]},{\"@type\":\"ImageObject\",\"inLanguage\":\"de\",\"@id\":\"https:\/\/www.ansia.de\/index.php\/versicherungen\/bauleistung\/#primaryimage\",\"url\":\"https:\/\/www.ansia.de\/wp-content\/uploads\/020-0011.jpg\",\"contentUrl\":\"https:\/\/www.ansia.de\/wp-content\/uploads\/020-0011.jpg\",\"width\":\"670\",\"height\":\"150\"},{\"@type\":\"BreadcrumbList\",\"@id\":\"https:\/\/www.ansia.de\/index.php\/versicherungen\/bauleistung\/#breadcrumb\",\"itemListElement\":[{\"@type\":\"ListItem\",\"position\":1,\"name\":\"Startseite\",\"item\":\"https:\/\/www.ansia.de\/\"},{\"@type\":\"ListItem\",\"position\":2,\"name\":\"Versicherungen\",\"item\":\"https:\/\/www.ansia.de\/index.php\/versicherungen\/\"},{\"@type\":\"ListItem\",\"position\":3,\"name\":\"Bauleistung\"}]},{\"@type\":\"WebSite\",\"@id\":\"https:\/\/www.ansia.de\/#website\",\"url\":\"https:\/\/www.ansia.de\/\",\"name\":\"Ansia\",\"description\":\"\",\"potentialAction\":[{\"@type\":\"SearchAction\",\"target\":{\"@type\":\"EntryPoint\",\"urlTemplate\":\"https:\/\/www.ansia.de\/?s={search_term_string}\"},\"query-input\":{\"@type\":\"PropertyValueSpecification\",\"valueRequired\":true,\"valueName\":\"search_term_string\"}}],\"inLanguage\":\"de\"}]}<\/script>\n<!-- \/ Yoast SEO plugin. -->","yoast_head_json":{"title":"Bauleistung - Ansia","robots":{"index":"index","follow":"follow","max-snippet":"max-snippet:-1","max-image-preview":"max-image-preview:large","max-video-preview":"max-video-preview:-1"},"canonical":"https:\/\/www.ansia.de\/index.php\/versicherungen\/bauleistung\/","og_locale":"de_DE","og_type":"article","og_title":"Bauleistung - Ansia","og_description":"Die Bauleistungsversicherung\u00a0sch\u00fctzt das Bauvorhaben vor unvorhersehbaren Ereignissen wie z.B. Vandalismus oder Witterungseinfl\u00fcsse und Diebstahl. Sie wird in der Regel mit der Feuerrohbauversicherung im Rahmen der Wohngeb\u00e4ude abgeschlossen. Die Versicherungsdauer erstreckt sich bis zur Bezugsfertigkeit, h\u00f6chstens aber\u00a018 oder 24 Monate. Der &hellip; Weiterlesen &rarr;","og_url":"https:\/\/www.ansia.de\/index.php\/versicherungen\/bauleistung\/","og_site_name":"Ansia","article_modified_time":"2011-09-11T19:37:17+00:00","og_image":[{"url":"https:\/\/www.ansia.de\/wp-content\/uploads\/020-0011.jpg","type":"","width":"","height":""}],"twitter_card":"summary_large_image","schema":{"@context":"https:\/\/schema.org","@graph":[{"@type":"WebPage","@id":"https:\/\/www.ansia.de\/index.php\/versicherungen\/bauleistung\/","url":"https:\/\/www.ansia.de\/index.php\/versicherungen\/bauleistung\/","name":"Bauleistung - Ansia","isPartOf":{"@id":"https:\/\/www.ansia.de\/#website"},"primaryImageOfPage":{"@id":"https:\/\/www.ansia.de\/index.php\/versicherungen\/bauleistung\/#primaryimage"},"image":{"@id":"https:\/\/www.ansia.de\/index.php\/versicherungen\/bauleistung\/#primaryimage"},"thumbnailUrl":"https:\/\/www.ansia.de\/wp-content\/uploads\/020-0011.jpg","datePublished":"2011-08-10T09:01:01+00:00","dateModified":"2011-09-11T19:37:17+00:00","breadcrumb":{"@id":"https:\/\/www.ansia.de\/index.php\/versicherungen\/bauleistung\/#breadcrumb"},"inLanguage":"de","potentialAction":[{"@type":"ReadAction","target":["https:\/\/www.ansia.de\/index.php\/versicherungen\/bauleistung\/"]}]},{"@type":"ImageObject","inLanguage":"de","@id":"https:\/\/www.ansia.de\/index.php\/versicherungen\/bauleistung\/#primaryimage","url":"https:\/\/www.ansia.de\/wp-content\/uploads\/020-0011.jpg","contentUrl":"https:\/\/www.ansia.de\/wp-content\/uploads\/020-0011.jpg","width":"670","height":"150"},{"@type":"BreadcrumbList","@id":"https:\/\/www.ansia.de\/index.php\/versicherungen\/bauleistung\/#breadcrumb","itemListElement":[{"@type":"ListItem","position":1,"name":"Startseite","item":"https:\/\/www.ansia.de\/"},{"@type":"ListItem","position":2,"name":"Versicherungen","item":"https:\/\/www.ansia.de\/index.php\/versicherungen\/"},{"@type":"ListItem","position":3,"name":"Bauleistung"}]},{"@type":"WebSite","@id":"https:\/\/www.ansia.de\/#website","url":"https:\/\/www.ansia.de\/","name":"Ansia","description":"","potentialAction":[{"@type":"SearchAction","target":{"@type":"EntryPoint","urlTemplate":"https:\/\/www.ansia.de\/?s={search_term_string}"},"query-input":{"@type":"PropertyValueSpecification","valueRequired":true,"valueName":"search_term_string"}}],"inLanguage":"de"}]}},"_links":{"self":[{"href":"https:\/\/www.ansia.de\/index.php\/wp-json\/wp\/v2\/pages\/440","targetHints":{"allow":["GET"]}}],"collection":[{"href":"https:\/\/www.ansia.de\/index.php\/wp-json\/wp\/v2\/pages"}],"about":[{"href":"https:\/\/www.ansia.de\/index.php\/wp-json\/wp\/v2\/types\/page"}],"author":[{"embeddable":true,"href":"https:\/\/www.ansia.de\/index.php\/wp-json\/wp\/v2\/users\/3"}],"replies":[{"embeddable":true,"href":"https:\/\/www.ansia.de\/index.php\/wp-json\/wp\/v2\/comments?post=440"}],"version-history":[{"count":21,"href":"https:\/\/www.ansia.de\/index.php\/wp-json\/wp\/v2\/pages\/440\/revisions"}],"predecessor-version":[{"id":863,"href":"https:\/\/www.ansia.de\/index.php\/wp-json\/wp\/v2\/pages\/440\/revisions\/863"}],"up":[{"embeddable":true,"href":"https:\/\/www.ansia.de\/index.php\/wp-json\/wp\/v2\/pages\/6"}],"wp:attachment":[{"href":"https:\/\/www.ansia.de\/index.php\/wp-json\/wp\/v2\/media?parent=440"}],"curies":[{"name":"wp","href":"https:\/\/api.w.org\/{rel}","templated":true}]}}