{"id":432,"date":"2011-08-09T16:36:23","date_gmt":"2011-08-09T16:36:23","guid":{"rendered":"http:\/\/www.ansia.de\/?page_id=432"},"modified":"2011-09-15T13:22:10","modified_gmt":"2011-09-15T13:22:10","slug":"pflege","status":"publish","type":"page","link":"https:\/\/www.ansia.de\/index.php\/versicherungen\/pflege\/","title":{"rendered":"Pflege"},"content":{"rendered":"<p><img loading=\"lazy\" decoding=\"async\" class=\"alignleft size-full wp-image-682\" title=\"Pflege\" src=\"https:\/\/www.ansia.de\/wp-content\/uploads\/078-001.jpg\" alt=\"\" width=\"670\" height=\"150\" \/>Die Pflegepflichtversicherung steht vor gewaltigen Herausforderungen. Dies hat mehrere Gr\u00fcnde. Die Lebenserwartung wird u. a. aufgrund des medizinischen Fortschritts weiter zunehmen. So werden im Jahr 2030 mehr als 35 Prozent der deutschen Bev\u00f6lkerung \u00e4lterals 60 Jahre sein. Gleichzeitig steigt die Zahl der Pflegebed\u00fcrftigen bis 2030 um ca. 50 Prozent auf \u00fcber 3 Millionen Personen an. Da der Anteil der Beitragszahler bestenfalls konstant bleibt, werden entweder Milliardendefizite hingenommen, die Beitragss\u00e4tze erh\u00f6ht oder die Leistungen verringert.<\/p>\n<p><\/p>\n<p>Ganz gleich, f\u00fcr welche dieser Varianten sich der Staat entscheidet, die Zukunft f\u00fcr die Pflege sieht f\u00fcr uns alle nicht rosig aus. Schon jetzt fehlen Pflegeheime und damit bezahlbare Pflegepl\u00e4tze, vom Pflegepersonal ganz zu schweigen.<\/p>\n<p><\/p>\n<p>Die von der Pflegepflichtversicherung zur Verf\u00fcgung gestellten Leistungen sind umfangreich, allerdings sind sie als \u201eTeilkaskoversicherung\u201c konzipiert und reichen bereits heute oftmals zur Begleichung der tats\u00e4chlichen Kosten nicht aus.<\/p>\n<p><\/p>\n<p>Statistisch gesehen, tritt ein Gro\u00dfteil der Pflegef\u00e4lle im Rentenalter ein, so dass die<strong> <\/strong>Kosten f\u00fcr die Pflege insbesondere durch<strong> <\/strong>Renten und Pensionen finanziert werden<strong> <\/strong>m\u00fcssen.<\/p>\n<p><\/p>\n<p>Wir unterscheiden in der privaten Pflegeversicherung<\/p>\n<p><\/p>\n<p>nach 3 Versorgungsvarianten: <strong><\/strong><\/p>\n<p><\/p>\n<p><strong>\u00a0<\/strong><strong>Pflegetagegeld, Pflegekosten, Pflegerente<\/strong><\/p>\n<p><\/p>\n<p><strong><span style=\"color: #000000;\"><a href=\"https:\/\/www.ansia.de\/wp-content\/uploads\/071.jpg\" rel=\"lightbox[432]\"><img loading=\"lazy\" decoding=\"async\" class=\"alignleft size-thumbnail wp-image-685\" title=\"071\" src=\"https:\/\/www.ansia.de\/wp-content\/uploads\/071-250x250.jpg\" alt=\"\" width=\"250\" height=\"250\" \/><\/a><a href=\"https:\/\/www.ansia.de\/wp-content\/uploads\/062.jpg\" rel=\"lightbox[432]\"><img loading=\"lazy\" decoding=\"async\" class=\"alignleft size-thumbnail wp-image-686\" title=\"062\" src=\"https:\/\/www.ansia.de\/wp-content\/uploads\/062-250x250.jpg\" alt=\"\" width=\"250\" height=\"250\" \/><\/a><\/span><\/strong><\/p>\n<p><\/p>\n<p><strong><\/strong>\u00a0<\/p>\n<p><\/p>\n<p><strong>\u00a0<\/strong><\/p>\n<p><\/p>\n<p><strong><\/strong>\u00a0<\/p>\n<p><\/p>\n<p>&nbsp;<\/p>\n<p><\/p>\n<p>&nbsp;<\/p>\n<p><\/p>\n<p>&nbsp;<\/p>\n<p><\/p>\n<p>Nachfolgend haben wir die Unterschiede der einzelnen Pflegeversicherungsarten aufgef\u00fchrt<strong>.<\/strong><\/p>\n<p><\/p>\n<p><strong><span style=\"text-decoration: underline;\">Pflegetagegeld<\/span><\/strong>\u00a0<\/p>\n<p><\/p>\n<ul><\/p>\n<li>versichert ist ein frei fest vereinbarter Tagessatz<\/li>\n<p><\/p>\n<li>je nach Pflegestufe werden zwischen 1 und 100% dieses Satzes gezahlt<\/li>\n<p><\/p>\n<li>geleistet wird nach Einstufung lt. SGB XI<\/li>\n<p><\/p>\n<li>kein Kostennachweis erforderlich<\/li>\n<p><\/p>\n<li>man kann selbst \u00fcber die konkrete Verwendung entscheiden (f\u00fcr Pflegedienst, -heim oder Laienpflege)<\/li>\n<p><\/p>\n<li>wird unabh\u00e4ngig von den tats\u00e4chlichen Kosten gezahlt<\/li>\n<p><\/p>\n<li>Anfangsbeitrag relativ niedrig<\/li>\n<p><\/ul>\n<p><\/p>\n<p><strong><span style=\"text-decoration: underline;\">Pflegekosten<\/span><\/strong><\/p>\n<p><\/p>\n<ul><\/p>\n<li>Versichert sind die tats\u00e4chlich entstehenden Pflegekosten<\/li>\n<p><\/p>\n<li>Nachweis in Form von Rechnungen (vom Pflegedienst oder -heim)<\/li>\n<p><\/p>\n<li>keine freie Verwendung m\u00f6glich, z.B. f\u00fcr Laienpflege<\/li>\n<p><\/p>\n<li>es wird nach Vorleistung der gesetzl. Pflegeversicherung erstattet<\/li>\n<p><\/p>\n<li>es gibt H\u00f6chsts\u00e4tze, die erstattet werden<\/li>\n<p><\/ul>\n<p><\/p>\n<p>\u00a0<span style=\"text-decoration: underline;\">gilt f\u00fcr beide KV-Pflegezusatztarife<\/span><\/p>\n<p><\/p>\n<ul><\/p>\n<li>Beitragsanpassungen m\u00f6glich<\/li>\n<p><\/p>\n<li>gleich bleibende Leistung &#8211; Dynamik m\u00f6glich<\/li>\n<p><\/p>\n<li>\u00dcberschussverwendung: zur Minderung von Beitragsanpassungen<\/li>\n<p><\/p>\n<li>kein R\u00fcckkaufswert<\/li>\n<p><\/p>\n<li>keine Einmalzahlungen m\u00f6glich<\/li>\n<p><\/p>\n<li>keine Unterbrechung der Beitragszahlung m\u00f6glich<\/li>\n<p><\/p>\n<li>Warte-\/Karenzzeiten k\u00f6nnen vorkommen<\/li>\n<p><\/p>\n<li>h\u00e4ufig keine Beitragsbefreiung im Leistungsfall<\/li>\n<p><\/ul>\n<p><\/p>\n<p>\u00a0<strong><span style=\"text-decoration: underline;\">Pflegerente<\/span><\/strong><\/p>\n<p><\/p>\n<ul><\/p>\n<li>funktioniert wie eine klassische Lebensversicherung<\/li>\n<p><\/p>\n<li>es wird eine frei verf\u00fcgbare monatliche Rente gezahlt, die sich nach der festgestellten Pflegestufe (SGB XI) oder der ADL richtet<\/li>\n<p><\/p>\n<li>ohne Nachweis der Kosten<\/li>\n<p><\/p>\n<li>stabile Beitr\u00e4ge<\/li>\n<p><\/p>\n<li>steigende Leistungen durch \u00dcbersch\u00fcsse (\u00dcberschussverwendung zur Rentenerh\u00f6hung)<\/li>\n<p><\/p>\n<li>Zahlung eines R\u00fcckkaufswertes<\/li>\n<p><\/p>\n<li>Beitragsbefreiung im Leistungsfall<\/li>\n<p><\/p>\n<li>Dynamik m\u00f6glich<\/li>\n<p><\/p>\n<li>Todesfall-Leistungen einschlie\u00dfbar<\/li>\n<p><\/p>\n<li>Einmalzahlungen m\u00f6glich<\/li>\n<p><\/p>\n<li>Unterbrechung der Beitragszahlung m\u00f6glich<\/li>\n<p><\/p>\n<li>keine Wartezeiten<\/li>\n<p><\/p>\n<li>meistens keine Karenzzeiten (aber m\u00f6glich)<\/li>\n<p><\/p>\n<li>Leistung als Pflegerente ist steuerfrei<\/li>\n<p><\/p>\n<li>Anfangsbeitrag relativ hoch<\/li>\n<p><\/ul>\n<p><\/p>\n<p>Wie Sie sehen, haben wir diesem Thema sehr viel Aufmerksamkeit gewidmet. Wir halten die private Pfllegeversicherung f\u00fcr eine sehr wichtige Versorgung. Jeder kann schon morgen\u00a0zum Pflegefall werden, unabh\u00e4ngig vom Alter. Sch\u00fctzen Sie sich und Ihre Angeh\u00f6rigen vor den finanziellen Folgen die dadurch entstehen. Lassen Sie sich von unseren Maklern beraten.\u00a0<\/p>\n<p><\/p>\n<p>&nbsp;<\/p>\n<p><\/p>\n<p>&nbsp;<\/p>\n<p><\/p>\n<p>&nbsp;<\/p>\n<p><\/p>\n<p>&nbsp;<\/p>\n<p><\/p>\n<p>&nbsp;<\/p>\n","protected":false},"excerpt":{"rendered":"<p>Die Pflegepflichtversicherung steht vor gewaltigen Herausforderungen. Dies hat mehrere Gr\u00fcnde. Die Lebenserwartung wird u. a. aufgrund des medizinischen Fortschritts weiter zunehmen. So werden im Jahr 2030 mehr als 35 Prozent der deutschen Bev\u00f6lkerung \u00e4lterals 60 Jahre sein. Gleichzeitig steigt die &hellip; <a href=\"https:\/\/www.ansia.de\/index.php\/versicherungen\/pflege\/\">Weiterlesen <span class=\"meta-nav\">&rarr;<\/span><\/a><\/p>\n","protected":false},"author":3,"featured_media":0,"parent":6,"menu_order":8,"comment_status":"closed","ping_status":"closed","template":"","meta":{"footnotes":""},"class_list":["post-432","page","type-page","status-publish","hentry"],"yoast_head":"<!-- This site is optimized with the Yoast SEO plugin v26.4 - https:\/\/yoast.com\/wordpress\/plugins\/seo\/ -->\n<title>Pflege - Ansia<\/title>\n<meta name=\"robots\" content=\"index, follow, max-snippet:-1, max-image-preview:large, max-video-preview:-1\" \/>\n<link rel=\"canonical\" href=\"https:\/\/www.ansia.de\/index.php\/versicherungen\/pflege\/\" \/>\n<meta property=\"og:locale\" content=\"de_DE\" \/>\n<meta property=\"og:type\" content=\"article\" \/>\n<meta property=\"og:title\" content=\"Pflege - Ansia\" \/>\n<meta property=\"og:description\" content=\"Die Pflegepflichtversicherung steht vor gewaltigen Herausforderungen. Dies hat mehrere Gr\u00fcnde. Die Lebenserwartung wird u. a. aufgrund des medizinischen Fortschritts weiter zunehmen. So werden im Jahr 2030 mehr als 35 Prozent der deutschen Bev\u00f6lkerung \u00e4lterals 60 Jahre sein. Gleichzeitig steigt die &hellip; Weiterlesen &rarr;\" \/>\n<meta property=\"og:url\" content=\"https:\/\/www.ansia.de\/index.php\/versicherungen\/pflege\/\" \/>\n<meta property=\"og:site_name\" content=\"Ansia\" \/>\n<meta property=\"article:modified_time\" content=\"2011-09-15T13:22:10+00:00\" \/>\n<meta property=\"og:image\" content=\"https:\/\/www.ansia.de\/wp-content\/uploads\/078-001.jpg\" \/>\n<meta name=\"twitter:card\" content=\"summary_large_image\" \/>\n<script type=\"application\/ld+json\" class=\"yoast-schema-graph\">{\"@context\":\"https:\/\/schema.org\",\"@graph\":[{\"@type\":\"WebPage\",\"@id\":\"https:\/\/www.ansia.de\/index.php\/versicherungen\/pflege\/\",\"url\":\"https:\/\/www.ansia.de\/index.php\/versicherungen\/pflege\/\",\"name\":\"Pflege - Ansia\",\"isPartOf\":{\"@id\":\"https:\/\/www.ansia.de\/#website\"},\"primaryImageOfPage\":{\"@id\":\"https:\/\/www.ansia.de\/index.php\/versicherungen\/pflege\/#primaryimage\"},\"image\":{\"@id\":\"https:\/\/www.ansia.de\/index.php\/versicherungen\/pflege\/#primaryimage\"},\"thumbnailUrl\":\"https:\/\/www.ansia.de\/wp-content\/uploads\/078-001.jpg\",\"datePublished\":\"2011-08-09T16:36:23+00:00\",\"dateModified\":\"2011-09-15T13:22:10+00:00\",\"breadcrumb\":{\"@id\":\"https:\/\/www.ansia.de\/index.php\/versicherungen\/pflege\/#breadcrumb\"},\"inLanguage\":\"de\",\"potentialAction\":[{\"@type\":\"ReadAction\",\"target\":[\"https:\/\/www.ansia.de\/index.php\/versicherungen\/pflege\/\"]}]},{\"@type\":\"ImageObject\",\"inLanguage\":\"de\",\"@id\":\"https:\/\/www.ansia.de\/index.php\/versicherungen\/pflege\/#primaryimage\",\"url\":\"https:\/\/www.ansia.de\/wp-content\/uploads\/078-001.jpg\",\"contentUrl\":\"https:\/\/www.ansia.de\/wp-content\/uploads\/078-001.jpg\",\"width\":\"670\",\"height\":\"150\"},{\"@type\":\"BreadcrumbList\",\"@id\":\"https:\/\/www.ansia.de\/index.php\/versicherungen\/pflege\/#breadcrumb\",\"itemListElement\":[{\"@type\":\"ListItem\",\"position\":1,\"name\":\"Startseite\",\"item\":\"https:\/\/www.ansia.de\/\"},{\"@type\":\"ListItem\",\"position\":2,\"name\":\"Versicherungen\",\"item\":\"https:\/\/www.ansia.de\/index.php\/versicherungen\/\"},{\"@type\":\"ListItem\",\"position\":3,\"name\":\"Pflege\"}]},{\"@type\":\"WebSite\",\"@id\":\"https:\/\/www.ansia.de\/#website\",\"url\":\"https:\/\/www.ansia.de\/\",\"name\":\"Ansia\",\"description\":\"\",\"potentialAction\":[{\"@type\":\"SearchAction\",\"target\":{\"@type\":\"EntryPoint\",\"urlTemplate\":\"https:\/\/www.ansia.de\/?s={search_term_string}\"},\"query-input\":{\"@type\":\"PropertyValueSpecification\",\"valueRequired\":true,\"valueName\":\"search_term_string\"}}],\"inLanguage\":\"de\"}]}<\/script>\n<!-- \/ Yoast SEO plugin. -->","yoast_head_json":{"title":"Pflege - Ansia","robots":{"index":"index","follow":"follow","max-snippet":"max-snippet:-1","max-image-preview":"max-image-preview:large","max-video-preview":"max-video-preview:-1"},"canonical":"https:\/\/www.ansia.de\/index.php\/versicherungen\/pflege\/","og_locale":"de_DE","og_type":"article","og_title":"Pflege - Ansia","og_description":"Die Pflegepflichtversicherung steht vor gewaltigen Herausforderungen. Dies hat mehrere Gr\u00fcnde. Die Lebenserwartung wird u. a. aufgrund des medizinischen Fortschritts weiter zunehmen. So werden im Jahr 2030 mehr als 35 Prozent der deutschen Bev\u00f6lkerung \u00e4lterals 60 Jahre sein. Gleichzeitig steigt die &hellip; Weiterlesen &rarr;","og_url":"https:\/\/www.ansia.de\/index.php\/versicherungen\/pflege\/","og_site_name":"Ansia","article_modified_time":"2011-09-15T13:22:10+00:00","og_image":[{"url":"https:\/\/www.ansia.de\/wp-content\/uploads\/078-001.jpg","type":"","width":"","height":""}],"twitter_card":"summary_large_image","schema":{"@context":"https:\/\/schema.org","@graph":[{"@type":"WebPage","@id":"https:\/\/www.ansia.de\/index.php\/versicherungen\/pflege\/","url":"https:\/\/www.ansia.de\/index.php\/versicherungen\/pflege\/","name":"Pflege - Ansia","isPartOf":{"@id":"https:\/\/www.ansia.de\/#website"},"primaryImageOfPage":{"@id":"https:\/\/www.ansia.de\/index.php\/versicherungen\/pflege\/#primaryimage"},"image":{"@id":"https:\/\/www.ansia.de\/index.php\/versicherungen\/pflege\/#primaryimage"},"thumbnailUrl":"https:\/\/www.ansia.de\/wp-content\/uploads\/078-001.jpg","datePublished":"2011-08-09T16:36:23+00:00","dateModified":"2011-09-15T13:22:10+00:00","breadcrumb":{"@id":"https:\/\/www.ansia.de\/index.php\/versicherungen\/pflege\/#breadcrumb"},"inLanguage":"de","potentialAction":[{"@type":"ReadAction","target":["https:\/\/www.ansia.de\/index.php\/versicherungen\/pflege\/"]}]},{"@type":"ImageObject","inLanguage":"de","@id":"https:\/\/www.ansia.de\/index.php\/versicherungen\/pflege\/#primaryimage","url":"https:\/\/www.ansia.de\/wp-content\/uploads\/078-001.jpg","contentUrl":"https:\/\/www.ansia.de\/wp-content\/uploads\/078-001.jpg","width":"670","height":"150"},{"@type":"BreadcrumbList","@id":"https:\/\/www.ansia.de\/index.php\/versicherungen\/pflege\/#breadcrumb","itemListElement":[{"@type":"ListItem","position":1,"name":"Startseite","item":"https:\/\/www.ansia.de\/"},{"@type":"ListItem","position":2,"name":"Versicherungen","item":"https:\/\/www.ansia.de\/index.php\/versicherungen\/"},{"@type":"ListItem","position":3,"name":"Pflege"}]},{"@type":"WebSite","@id":"https:\/\/www.ansia.de\/#website","url":"https:\/\/www.ansia.de\/","name":"Ansia","description":"","potentialAction":[{"@type":"SearchAction","target":{"@type":"EntryPoint","urlTemplate":"https:\/\/www.ansia.de\/?s={search_term_string}"},"query-input":{"@type":"PropertyValueSpecification","valueRequired":true,"valueName":"search_term_string"}}],"inLanguage":"de"}]}},"_links":{"self":[{"href":"https:\/\/www.ansia.de\/index.php\/wp-json\/wp\/v2\/pages\/432","targetHints":{"allow":["GET"]}}],"collection":[{"href":"https:\/\/www.ansia.de\/index.php\/wp-json\/wp\/v2\/pages"}],"about":[{"href":"https:\/\/www.ansia.de\/index.php\/wp-json\/wp\/v2\/types\/page"}],"author":[{"embeddable":true,"href":"https:\/\/www.ansia.de\/index.php\/wp-json\/wp\/v2\/users\/3"}],"replies":[{"embeddable":true,"href":"https:\/\/www.ansia.de\/index.php\/wp-json\/wp\/v2\/comments?post=432"}],"version-history":[{"count":17,"href":"https:\/\/www.ansia.de\/index.php\/wp-json\/wp\/v2\/pages\/432\/revisions"}],"predecessor-version":[{"id":1075,"href":"https:\/\/www.ansia.de\/index.php\/wp-json\/wp\/v2\/pages\/432\/revisions\/1075"}],"up":[{"embeddable":true,"href":"https:\/\/www.ansia.de\/index.php\/wp-json\/wp\/v2\/pages\/6"}],"wp:attachment":[{"href":"https:\/\/www.ansia.de\/index.php\/wp-json\/wp\/v2\/media?parent=432"}],"curies":[{"name":"wp","href":"https:\/\/api.w.org\/{rel}","templated":true}]}}