{"id":428,"date":"2011-08-09T16:28:46","date_gmt":"2011-08-09T16:28:46","guid":{"rendered":"http:\/\/www.ansia.de\/?page_id=428"},"modified":"2011-09-15T13:20:50","modified_gmt":"2011-09-15T13:20:50","slug":"kaution","status":"publish","type":"page","link":"https:\/\/www.ansia.de\/index.php\/versicherungen\/kaution\/","title":{"rendered":"Kaution"},"content":{"rendered":"<p><img loading=\"lazy\" decoding=\"async\" class=\"size-full wp-image-731 alignnone\" title=\"Kaution\" src=\"https:\/\/www.ansia.de\/wp-content\/uploads\/Importierte-Fotos-00251.jpg\" alt=\"\" width=\"728\" height=\"176\" srcset=\"https:\/\/www.ansia.de\/wp-content\/uploads\/Importierte-Fotos-00251.jpg 728w, https:\/\/www.ansia.de\/wp-content\/uploads\/Importierte-Fotos-00251-670x161.jpg 670w\" sizes=\"auto, (max-width: 728px) 100vw, 728px\" \/><\/p>\n<p><\/p>\n<p>Ein zunehmendes Sicherheitsbed\u00fcrfnis beim Auftraggeber ist ma\u00dfgeblich daf\u00fcr verantwortlich, dass Auftr\u00e4ge ohne Vereinbarung eines Sicherheitseinbehaltes kaum noch vergeben werden.<\/p>\n<p><\/p>\n<p>Mit einer Kautionsversicherung k\u00f6nnen B\u00fcrgschaftsverpflichtungen abgedeckt werden. Dadurch wird dem\u00a0Unternehmen ein unbelasteter Liquidit\u00e4tsrahmen einger\u00e4umt, da sonst jede B\u00fcrgschaft\u00a0\u00a0auf den Kreditrahmen\u00a0Ihres Unternehmens bei der Bank angerechnet w\u00fcrde.<\/p>\n<p><\/p>\n<p>Diese Versicherung wird nur von sehr wenigen Versicherern angeboten. Das Leistungsspektrum der Kautionsversicherer ist sehr umfangreich und kann ohne fachliche Unterst\u00fctzung kaum zugeordnet werden. Einmal abgeschlossen ist der Umgang mit dem Kautionsabruf dann sehr einfach.<\/p>\n<p><\/p>\n<p>&nbsp;<\/p>\n","protected":false},"excerpt":{"rendered":"<p>Ein zunehmendes Sicherheitsbed\u00fcrfnis beim Auftraggeber ist ma\u00dfgeblich daf\u00fcr verantwortlich, dass Auftr\u00e4ge ohne Vereinbarung eines Sicherheitseinbehaltes kaum noch vergeben werden. Mit einer Kautionsversicherung k\u00f6nnen B\u00fcrgschaftsverpflichtungen abgedeckt werden. Dadurch wird dem\u00a0Unternehmen ein unbelasteter Liquidit\u00e4tsrahmen einger\u00e4umt, da sonst jede B\u00fcrgschaft\u00a0\u00a0auf den Kreditrahmen\u00a0Ihres Unternehmens &hellip; <a href=\"https:\/\/www.ansia.de\/index.php\/versicherungen\/kaution\/\">Weiterlesen <span class=\"meta-nav\">&rarr;<\/span><\/a><\/p>\n","protected":false},"author":3,"featured_media":0,"parent":6,"menu_order":6,"comment_status":"closed","ping_status":"closed","template":"","meta":{"footnotes":""},"class_list":["post-428","page","type-page","status-publish","hentry"],"yoast_head":"<!-- This site is optimized with the Yoast SEO plugin v26.4 - https:\/\/yoast.com\/wordpress\/plugins\/seo\/ -->\n<title>Kaution - Ansia<\/title>\n<meta name=\"robots\" content=\"index, follow, max-snippet:-1, max-image-preview:large, max-video-preview:-1\" \/>\n<link rel=\"canonical\" href=\"https:\/\/www.ansia.de\/index.php\/versicherungen\/kaution\/\" \/>\n<meta property=\"og:locale\" content=\"de_DE\" \/>\n<meta property=\"og:type\" content=\"article\" \/>\n<meta property=\"og:title\" content=\"Kaution - Ansia\" \/>\n<meta property=\"og:description\" content=\"Ein zunehmendes Sicherheitsbed\u00fcrfnis beim Auftraggeber ist ma\u00dfgeblich daf\u00fcr verantwortlich, dass Auftr\u00e4ge ohne Vereinbarung eines Sicherheitseinbehaltes kaum noch vergeben werden. Mit einer Kautionsversicherung k\u00f6nnen B\u00fcrgschaftsverpflichtungen abgedeckt werden. Dadurch wird dem\u00a0Unternehmen ein unbelasteter Liquidit\u00e4tsrahmen einger\u00e4umt, da sonst jede B\u00fcrgschaft\u00a0\u00a0auf den Kreditrahmen\u00a0Ihres Unternehmens &hellip; Weiterlesen &rarr;\" \/>\n<meta property=\"og:url\" content=\"https:\/\/www.ansia.de\/index.php\/versicherungen\/kaution\/\" \/>\n<meta property=\"og:site_name\" content=\"Ansia\" \/>\n<meta property=\"article:modified_time\" content=\"2011-09-15T13:20:50+00:00\" \/>\n<meta property=\"og:image\" content=\"https:\/\/www.ansia.de\/wp-content\/uploads\/Importierte-Fotos-00251.jpg\" \/>\n<meta name=\"twitter:card\" content=\"summary_large_image\" \/>\n<script type=\"application\/ld+json\" class=\"yoast-schema-graph\">{\"@context\":\"https:\/\/schema.org\",\"@graph\":[{\"@type\":\"WebPage\",\"@id\":\"https:\/\/www.ansia.de\/index.php\/versicherungen\/kaution\/\",\"url\":\"https:\/\/www.ansia.de\/index.php\/versicherungen\/kaution\/\",\"name\":\"Kaution - Ansia\",\"isPartOf\":{\"@id\":\"https:\/\/www.ansia.de\/#website\"},\"primaryImageOfPage\":{\"@id\":\"https:\/\/www.ansia.de\/index.php\/versicherungen\/kaution\/#primaryimage\"},\"image\":{\"@id\":\"https:\/\/www.ansia.de\/index.php\/versicherungen\/kaution\/#primaryimage\"},\"thumbnailUrl\":\"https:\/\/www.ansia.de\/wp-content\/uploads\/Importierte-Fotos-00251.jpg\",\"datePublished\":\"2011-08-09T16:28:46+00:00\",\"dateModified\":\"2011-09-15T13:20:50+00:00\",\"breadcrumb\":{\"@id\":\"https:\/\/www.ansia.de\/index.php\/versicherungen\/kaution\/#breadcrumb\"},\"inLanguage\":\"de\",\"potentialAction\":[{\"@type\":\"ReadAction\",\"target\":[\"https:\/\/www.ansia.de\/index.php\/versicherungen\/kaution\/\"]}]},{\"@type\":\"ImageObject\",\"inLanguage\":\"de\",\"@id\":\"https:\/\/www.ansia.de\/index.php\/versicherungen\/kaution\/#primaryimage\",\"url\":\"https:\/\/www.ansia.de\/wp-content\/uploads\/Importierte-Fotos-00251.jpg\",\"contentUrl\":\"https:\/\/www.ansia.de\/wp-content\/uploads\/Importierte-Fotos-00251.jpg\",\"width\":\"728\",\"height\":\"176\"},{\"@type\":\"BreadcrumbList\",\"@id\":\"https:\/\/www.ansia.de\/index.php\/versicherungen\/kaution\/#breadcrumb\",\"itemListElement\":[{\"@type\":\"ListItem\",\"position\":1,\"name\":\"Startseite\",\"item\":\"https:\/\/www.ansia.de\/\"},{\"@type\":\"ListItem\",\"position\":2,\"name\":\"Versicherungen\",\"item\":\"https:\/\/www.ansia.de\/index.php\/versicherungen\/\"},{\"@type\":\"ListItem\",\"position\":3,\"name\":\"Kaution\"}]},{\"@type\":\"WebSite\",\"@id\":\"https:\/\/www.ansia.de\/#website\",\"url\":\"https:\/\/www.ansia.de\/\",\"name\":\"Ansia\",\"description\":\"\",\"potentialAction\":[{\"@type\":\"SearchAction\",\"target\":{\"@type\":\"EntryPoint\",\"urlTemplate\":\"https:\/\/www.ansia.de\/?s={search_term_string}\"},\"query-input\":{\"@type\":\"PropertyValueSpecification\",\"valueRequired\":true,\"valueName\":\"search_term_string\"}}],\"inLanguage\":\"de\"}]}<\/script>\n<!-- \/ Yoast SEO plugin. -->","yoast_head_json":{"title":"Kaution - Ansia","robots":{"index":"index","follow":"follow","max-snippet":"max-snippet:-1","max-image-preview":"max-image-preview:large","max-video-preview":"max-video-preview:-1"},"canonical":"https:\/\/www.ansia.de\/index.php\/versicherungen\/kaution\/","og_locale":"de_DE","og_type":"article","og_title":"Kaution - Ansia","og_description":"Ein zunehmendes Sicherheitsbed\u00fcrfnis beim Auftraggeber ist ma\u00dfgeblich daf\u00fcr verantwortlich, dass Auftr\u00e4ge ohne Vereinbarung eines Sicherheitseinbehaltes kaum noch vergeben werden. Mit einer Kautionsversicherung k\u00f6nnen B\u00fcrgschaftsverpflichtungen abgedeckt werden. Dadurch wird dem\u00a0Unternehmen ein unbelasteter Liquidit\u00e4tsrahmen einger\u00e4umt, da sonst jede B\u00fcrgschaft\u00a0\u00a0auf den Kreditrahmen\u00a0Ihres Unternehmens &hellip; Weiterlesen &rarr;","og_url":"https:\/\/www.ansia.de\/index.php\/versicherungen\/kaution\/","og_site_name":"Ansia","article_modified_time":"2011-09-15T13:20:50+00:00","og_image":[{"url":"https:\/\/www.ansia.de\/wp-content\/uploads\/Importierte-Fotos-00251.jpg","type":"","width":"","height":""}],"twitter_card":"summary_large_image","schema":{"@context":"https:\/\/schema.org","@graph":[{"@type":"WebPage","@id":"https:\/\/www.ansia.de\/index.php\/versicherungen\/kaution\/","url":"https:\/\/www.ansia.de\/index.php\/versicherungen\/kaution\/","name":"Kaution - Ansia","isPartOf":{"@id":"https:\/\/www.ansia.de\/#website"},"primaryImageOfPage":{"@id":"https:\/\/www.ansia.de\/index.php\/versicherungen\/kaution\/#primaryimage"},"image":{"@id":"https:\/\/www.ansia.de\/index.php\/versicherungen\/kaution\/#primaryimage"},"thumbnailUrl":"https:\/\/www.ansia.de\/wp-content\/uploads\/Importierte-Fotos-00251.jpg","datePublished":"2011-08-09T16:28:46+00:00","dateModified":"2011-09-15T13:20:50+00:00","breadcrumb":{"@id":"https:\/\/www.ansia.de\/index.php\/versicherungen\/kaution\/#breadcrumb"},"inLanguage":"de","potentialAction":[{"@type":"ReadAction","target":["https:\/\/www.ansia.de\/index.php\/versicherungen\/kaution\/"]}]},{"@type":"ImageObject","inLanguage":"de","@id":"https:\/\/www.ansia.de\/index.php\/versicherungen\/kaution\/#primaryimage","url":"https:\/\/www.ansia.de\/wp-content\/uploads\/Importierte-Fotos-00251.jpg","contentUrl":"https:\/\/www.ansia.de\/wp-content\/uploads\/Importierte-Fotos-00251.jpg","width":"728","height":"176"},{"@type":"BreadcrumbList","@id":"https:\/\/www.ansia.de\/index.php\/versicherungen\/kaution\/#breadcrumb","itemListElement":[{"@type":"ListItem","position":1,"name":"Startseite","item":"https:\/\/www.ansia.de\/"},{"@type":"ListItem","position":2,"name":"Versicherungen","item":"https:\/\/www.ansia.de\/index.php\/versicherungen\/"},{"@type":"ListItem","position":3,"name":"Kaution"}]},{"@type":"WebSite","@id":"https:\/\/www.ansia.de\/#website","url":"https:\/\/www.ansia.de\/","name":"Ansia","description":"","potentialAction":[{"@type":"SearchAction","target":{"@type":"EntryPoint","urlTemplate":"https:\/\/www.ansia.de\/?s={search_term_string}"},"query-input":{"@type":"PropertyValueSpecification","valueRequired":true,"valueName":"search_term_string"}}],"inLanguage":"de"}]}},"_links":{"self":[{"href":"https:\/\/www.ansia.de\/index.php\/wp-json\/wp\/v2\/pages\/428","targetHints":{"allow":["GET"]}}],"collection":[{"href":"https:\/\/www.ansia.de\/index.php\/wp-json\/wp\/v2\/pages"}],"about":[{"href":"https:\/\/www.ansia.de\/index.php\/wp-json\/wp\/v2\/types\/page"}],"author":[{"embeddable":true,"href":"https:\/\/www.ansia.de\/index.php\/wp-json\/wp\/v2\/users\/3"}],"replies":[{"embeddable":true,"href":"https:\/\/www.ansia.de\/index.php\/wp-json\/wp\/v2\/comments?post=428"}],"version-history":[{"count":7,"href":"https:\/\/www.ansia.de\/index.php\/wp-json\/wp\/v2\/pages\/428\/revisions"}],"predecessor-version":[{"id":1073,"href":"https:\/\/www.ansia.de\/index.php\/wp-json\/wp\/v2\/pages\/428\/revisions\/1073"}],"up":[{"embeddable":true,"href":"https:\/\/www.ansia.de\/index.php\/wp-json\/wp\/v2\/pages\/6"}],"wp:attachment":[{"href":"https:\/\/www.ansia.de\/index.php\/wp-json\/wp\/v2\/media?parent=428"}],"curies":[{"name":"wp","href":"https:\/\/api.w.org\/{rel}","templated":true}]}}