{"id":424,"date":"2011-08-09T16:23:27","date_gmt":"2011-08-09T16:23:27","guid":{"rendered":"http:\/\/www.ansia.de\/?page_id=424"},"modified":"2011-09-06T16:22:18","modified_gmt":"2011-09-06T16:22:18","slug":"betrieb","status":"publish","type":"page","link":"https:\/\/www.ansia.de\/index.php\/versicherungen\/beispiel-5\/betrieb\/","title":{"rendered":"Betrieb"},"content":{"rendered":"<p><a href=\"https:\/\/www.ansia.de\/wp-content\/uploads\/Betriebshaftpflicht.jpg\" rel=\"lightbox[424]\"><img loading=\"lazy\" decoding=\"async\" class=\"alignleft size-full wp-image-711\" title=\"Betriebshaftpflicht\" src=\"https:\/\/www.ansia.de\/wp-content\/uploads\/Betriebshaftpflicht.jpg\" alt=\"\" width=\"792\" height=\"224\" srcset=\"https:\/\/www.ansia.de\/wp-content\/uploads\/Betriebshaftpflicht.jpg 792w, https:\/\/www.ansia.de\/wp-content\/uploads\/Betriebshaftpflicht-670x189.jpg 670w\" sizes=\"auto, (max-width: 792px) 100vw, 792px\" \/><\/a>\u00a0\u00a0<\/p>\n<p><\/p>\n<p>In jedem Betrieb besteht die Gefahr, schon alleine durch die Betriebst\u00e4tigkeit eines Unternehmens einem Dritten einen Schaden zuzuf\u00fcgen.<\/p>\n<p><\/p>\n<p>Die Liste der Betriebe zur Einstufung des Risikos bei Versicherern ist sehr umfangreich. Allerdings liegt hier auch der Wettbewerb, denn Versicherer B. sch\u00e4tzt das Risiko f\u00fcr bestimmte Betriebe ganz anders ein als Versicherer K.<\/p>\n<p><\/p>\n<p>Lassen Sie sich beraten, wir bieten f\u00fcr sehr viele Betriebsarten sehr g\u00fcnstige Pr\u00e4mien.<\/p>\n<p><\/p>\n<p>&nbsp;<\/p>\n","protected":false},"excerpt":{"rendered":"<p>\u00a0\u00a0 In jedem Betrieb besteht die Gefahr, schon alleine durch die Betriebst\u00e4tigkeit eines Unternehmens einem Dritten einen Schaden zuzuf\u00fcgen. Die Liste der Betriebe zur Einstufung des Risikos bei Versicherern ist sehr umfangreich. Allerdings liegt hier auch der Wettbewerb, denn Versicherer &hellip; <a href=\"https:\/\/www.ansia.de\/index.php\/versicherungen\/beispiel-5\/betrieb\/\">Weiterlesen <span class=\"meta-nav\">&rarr;<\/span><\/a><\/p>\n","protected":false},"author":3,"featured_media":0,"parent":26,"menu_order":11,"comment_status":"closed","ping_status":"closed","template":"","meta":{"footnotes":""},"class_list":["post-424","page","type-page","status-publish","hentry"],"yoast_head":"<!-- This site is optimized with the Yoast SEO plugin v26.4 - https:\/\/yoast.com\/wordpress\/plugins\/seo\/ -->\n<title>Betrieb - Ansia<\/title>\n<meta name=\"robots\" content=\"index, follow, max-snippet:-1, max-image-preview:large, max-video-preview:-1\" \/>\n<link rel=\"canonical\" href=\"https:\/\/www.ansia.de\/index.php\/versicherungen\/beispiel-5\/betrieb\/\" \/>\n<meta property=\"og:locale\" content=\"de_DE\" \/>\n<meta property=\"og:type\" content=\"article\" \/>\n<meta property=\"og:title\" content=\"Betrieb - Ansia\" \/>\n<meta property=\"og:description\" content=\"\u00a0\u00a0 In jedem Betrieb besteht die Gefahr, schon alleine durch die Betriebst\u00e4tigkeit eines Unternehmens einem Dritten einen Schaden zuzuf\u00fcgen. Die Liste der Betriebe zur Einstufung des Risikos bei Versicherern ist sehr umfangreich. Allerdings liegt hier auch der Wettbewerb, denn Versicherer &hellip; Weiterlesen &rarr;\" \/>\n<meta property=\"og:url\" content=\"https:\/\/www.ansia.de\/index.php\/versicherungen\/beispiel-5\/betrieb\/\" \/>\n<meta property=\"og:site_name\" content=\"Ansia\" \/>\n<meta property=\"article:modified_time\" content=\"2011-09-06T16:22:18+00:00\" \/>\n<meta property=\"og:image\" content=\"https:\/\/www.ansia.de\/wp-content\/uploads\/Betriebshaftpflicht.jpg\" \/>\n<meta name=\"twitter:card\" content=\"summary_large_image\" \/>\n<script type=\"application\/ld+json\" class=\"yoast-schema-graph\">{\"@context\":\"https:\/\/schema.org\",\"@graph\":[{\"@type\":\"WebPage\",\"@id\":\"https:\/\/www.ansia.de\/index.php\/versicherungen\/beispiel-5\/betrieb\/\",\"url\":\"https:\/\/www.ansia.de\/index.php\/versicherungen\/beispiel-5\/betrieb\/\",\"name\":\"Betrieb - Ansia\",\"isPartOf\":{\"@id\":\"https:\/\/www.ansia.de\/#website\"},\"primaryImageOfPage\":{\"@id\":\"https:\/\/www.ansia.de\/index.php\/versicherungen\/beispiel-5\/betrieb\/#primaryimage\"},\"image\":{\"@id\":\"https:\/\/www.ansia.de\/index.php\/versicherungen\/beispiel-5\/betrieb\/#primaryimage\"},\"thumbnailUrl\":\"https:\/\/www.ansia.de\/wp-content\/uploads\/Betriebshaftpflicht.jpg\",\"datePublished\":\"2011-08-09T16:23:27+00:00\",\"dateModified\":\"2011-09-06T16:22:18+00:00\",\"breadcrumb\":{\"@id\":\"https:\/\/www.ansia.de\/index.php\/versicherungen\/beispiel-5\/betrieb\/#breadcrumb\"},\"inLanguage\":\"de\",\"potentialAction\":[{\"@type\":\"ReadAction\",\"target\":[\"https:\/\/www.ansia.de\/index.php\/versicherungen\/beispiel-5\/betrieb\/\"]}]},{\"@type\":\"ImageObject\",\"inLanguage\":\"de\",\"@id\":\"https:\/\/www.ansia.de\/index.php\/versicherungen\/beispiel-5\/betrieb\/#primaryimage\",\"url\":\"https:\/\/www.ansia.de\/wp-content\/uploads\/Betriebshaftpflicht.jpg\",\"contentUrl\":\"https:\/\/www.ansia.de\/wp-content\/uploads\/Betriebshaftpflicht.jpg\",\"width\":\"792\",\"height\":\"224\"},{\"@type\":\"BreadcrumbList\",\"@id\":\"https:\/\/www.ansia.de\/index.php\/versicherungen\/beispiel-5\/betrieb\/#breadcrumb\",\"itemListElement\":[{\"@type\":\"ListItem\",\"position\":1,\"name\":\"Startseite\",\"item\":\"https:\/\/www.ansia.de\/\"},{\"@type\":\"ListItem\",\"position\":2,\"name\":\"Versicherungen\",\"item\":\"https:\/\/www.ansia.de\/index.php\/versicherungen\/\"},{\"@type\":\"ListItem\",\"position\":3,\"name\":\"Haftpflicht\",\"item\":\"https:\/\/www.ansia.de\/index.php\/versicherungen\/beispiel-5\/\"},{\"@type\":\"ListItem\",\"position\":4,\"name\":\"Betrieb\"}]},{\"@type\":\"WebSite\",\"@id\":\"https:\/\/www.ansia.de\/#website\",\"url\":\"https:\/\/www.ansia.de\/\",\"name\":\"Ansia\",\"description\":\"\",\"potentialAction\":[{\"@type\":\"SearchAction\",\"target\":{\"@type\":\"EntryPoint\",\"urlTemplate\":\"https:\/\/www.ansia.de\/?s={search_term_string}\"},\"query-input\":{\"@type\":\"PropertyValueSpecification\",\"valueRequired\":true,\"valueName\":\"search_term_string\"}}],\"inLanguage\":\"de\"}]}<\/script>\n<!-- \/ Yoast SEO plugin. -->","yoast_head_json":{"title":"Betrieb - Ansia","robots":{"index":"index","follow":"follow","max-snippet":"max-snippet:-1","max-image-preview":"max-image-preview:large","max-video-preview":"max-video-preview:-1"},"canonical":"https:\/\/www.ansia.de\/index.php\/versicherungen\/beispiel-5\/betrieb\/","og_locale":"de_DE","og_type":"article","og_title":"Betrieb - Ansia","og_description":"\u00a0\u00a0 In jedem Betrieb besteht die Gefahr, schon alleine durch die Betriebst\u00e4tigkeit eines Unternehmens einem Dritten einen Schaden zuzuf\u00fcgen. Die Liste der Betriebe zur Einstufung des Risikos bei Versicherern ist sehr umfangreich. Allerdings liegt hier auch der Wettbewerb, denn Versicherer &hellip; Weiterlesen &rarr;","og_url":"https:\/\/www.ansia.de\/index.php\/versicherungen\/beispiel-5\/betrieb\/","og_site_name":"Ansia","article_modified_time":"2011-09-06T16:22:18+00:00","og_image":[{"url":"https:\/\/www.ansia.de\/wp-content\/uploads\/Betriebshaftpflicht.jpg","type":"","width":"","height":""}],"twitter_card":"summary_large_image","schema":{"@context":"https:\/\/schema.org","@graph":[{"@type":"WebPage","@id":"https:\/\/www.ansia.de\/index.php\/versicherungen\/beispiel-5\/betrieb\/","url":"https:\/\/www.ansia.de\/index.php\/versicherungen\/beispiel-5\/betrieb\/","name":"Betrieb - Ansia","isPartOf":{"@id":"https:\/\/www.ansia.de\/#website"},"primaryImageOfPage":{"@id":"https:\/\/www.ansia.de\/index.php\/versicherungen\/beispiel-5\/betrieb\/#primaryimage"},"image":{"@id":"https:\/\/www.ansia.de\/index.php\/versicherungen\/beispiel-5\/betrieb\/#primaryimage"},"thumbnailUrl":"https:\/\/www.ansia.de\/wp-content\/uploads\/Betriebshaftpflicht.jpg","datePublished":"2011-08-09T16:23:27+00:00","dateModified":"2011-09-06T16:22:18+00:00","breadcrumb":{"@id":"https:\/\/www.ansia.de\/index.php\/versicherungen\/beispiel-5\/betrieb\/#breadcrumb"},"inLanguage":"de","potentialAction":[{"@type":"ReadAction","target":["https:\/\/www.ansia.de\/index.php\/versicherungen\/beispiel-5\/betrieb\/"]}]},{"@type":"ImageObject","inLanguage":"de","@id":"https:\/\/www.ansia.de\/index.php\/versicherungen\/beispiel-5\/betrieb\/#primaryimage","url":"https:\/\/www.ansia.de\/wp-content\/uploads\/Betriebshaftpflicht.jpg","contentUrl":"https:\/\/www.ansia.de\/wp-content\/uploads\/Betriebshaftpflicht.jpg","width":"792","height":"224"},{"@type":"BreadcrumbList","@id":"https:\/\/www.ansia.de\/index.php\/versicherungen\/beispiel-5\/betrieb\/#breadcrumb","itemListElement":[{"@type":"ListItem","position":1,"name":"Startseite","item":"https:\/\/www.ansia.de\/"},{"@type":"ListItem","position":2,"name":"Versicherungen","item":"https:\/\/www.ansia.de\/index.php\/versicherungen\/"},{"@type":"ListItem","position":3,"name":"Haftpflicht","item":"https:\/\/www.ansia.de\/index.php\/versicherungen\/beispiel-5\/"},{"@type":"ListItem","position":4,"name":"Betrieb"}]},{"@type":"WebSite","@id":"https:\/\/www.ansia.de\/#website","url":"https:\/\/www.ansia.de\/","name":"Ansia","description":"","potentialAction":[{"@type":"SearchAction","target":{"@type":"EntryPoint","urlTemplate":"https:\/\/www.ansia.de\/?s={search_term_string}"},"query-input":{"@type":"PropertyValueSpecification","valueRequired":true,"valueName":"search_term_string"}}],"inLanguage":"de"}]}},"_links":{"self":[{"href":"https:\/\/www.ansia.de\/index.php\/wp-json\/wp\/v2\/pages\/424","targetHints":{"allow":["GET"]}}],"collection":[{"href":"https:\/\/www.ansia.de\/index.php\/wp-json\/wp\/v2\/pages"}],"about":[{"href":"https:\/\/www.ansia.de\/index.php\/wp-json\/wp\/v2\/types\/page"}],"author":[{"embeddable":true,"href":"https:\/\/www.ansia.de\/index.php\/wp-json\/wp\/v2\/users\/3"}],"replies":[{"embeddable":true,"href":"https:\/\/www.ansia.de\/index.php\/wp-json\/wp\/v2\/comments?post=424"}],"version-history":[{"count":6,"href":"https:\/\/www.ansia.de\/index.php\/wp-json\/wp\/v2\/pages\/424\/revisions"}],"predecessor-version":[{"id":771,"href":"https:\/\/www.ansia.de\/index.php\/wp-json\/wp\/v2\/pages\/424\/revisions\/771"}],"up":[{"embeddable":true,"href":"https:\/\/www.ansia.de\/index.php\/wp-json\/wp\/v2\/pages\/26"}],"wp:attachment":[{"href":"https:\/\/www.ansia.de\/index.php\/wp-json\/wp\/v2\/media?parent=424"}],"curies":[{"name":"wp","href":"https:\/\/api.w.org\/{rel}","templated":true}]}}