{"id":401,"date":"2011-07-29T08:29:58","date_gmt":"2011-07-29T08:29:58","guid":{"rendered":"http:\/\/www.ansia.de\/?page_id=401"},"modified":"2024-12-30T14:16:00","modified_gmt":"2024-12-30T14:16:00","slug":"kooperationen","status":"publish","type":"page","link":"https:\/\/www.ansia.de\/index.php\/kooperationen\/","title":{"rendered":"Kooperationen"},"content":{"rendered":"<p>&nbsp;<\/p>\n<ul>\n<li style=\"list-style-type: none;\">\n<ul>\n<li><span style=\"font-size: medium;\">Sind\u00a0Sie Versicherungskauffrau\/mann oder Versicherungsfachmann\/frau\u00a0BWV, bei der IHK registriert und auf der Suche nach einer neuen beruflichen Heimat?<\/span><\/li>\n<\/ul>\n<\/li>\n<\/ul>\n<p>&nbsp;<\/p>\n<ul>\n<li style=\"list-style-type: none;\">\n<ul>\n<li><span style=\"font-size: medium;\">Sind Sie es Leid, Tag f\u00fcr Tag als Einzelk\u00e4mpfer ohne Kollegenkontakte am Schreibtisch in administrativer Arbeit zu ersticken?<\/span><\/li>\n<\/ul>\n<\/li>\n<\/ul>\n<p>&nbsp;<\/p>\n<ul>\n<li style=\"list-style-type: none;\">\n<ul>\n<li><span style=\"font-size: medium;\">\u00c4rgert es Sie, dass Sie Ihrer Hauptaufgabe, dem Verkauf und der Kundenbetreuung nicht mehr ausreichend\u00a0nachkommen k\u00f6nnen?<\/span><\/li>\n<\/ul>\n<\/li>\n<\/ul>\n<p>&nbsp;<\/p>\n<ul>\n<li style=\"list-style-type: none;\">\n<ul>\n<li><span style=\"font-size: medium;\">W\u00fcrden Sie gerne in einem Team Kreativit\u00e4t und Motivation erfahren?<\/span><\/li>\n<\/ul>\n<\/li>\n<\/ul>\n<p>&nbsp;<\/p>\n<ul>\n<li style=\"list-style-type: none;\">\n<ul>\n<li><span style=\"font-size: medium;\">Wollen Sie Ihren <span style=\"text-decoration: underline;\">eigenen<\/span> Kundenbestand\u00a0aufbauen, der durch die Treuhandklausel gesch\u00fctzt ist und trotzdem Teil eines Teams sein?<\/span><\/li>\n<\/ul>\n<\/li>\n<\/ul>\n<p>&nbsp;<\/p>\n<ul>\n<li style=\"list-style-type: none;\">\n<ul>\n<li><span style=\"font-size: medium;\">M\u00f6gen Sie es auch als Mensch und nicht als Nummer behandelt zu werden?<\/span><\/li>\n<\/ul>\n<\/li>\n<\/ul>\n<p>&nbsp;<\/p>\n<ul>\n<li style=\"list-style-type: none;\">\n<ul>\n<li><span style=\"font-size: medium;\">Sind Sie auch der Meinung, dass Leute die gut miteinander arbeiten, auch gut miteinander feiern sollten?<\/span><\/li>\n<\/ul>\n<\/li>\n<\/ul>\n<p>&nbsp;<\/p>\n<ul>\n<li style=\"list-style-type: none;\">\n<ul>\n<li><span style=\"font-size: medium;\">Bilden Sie sich auch lieber durch eine pers\u00f6nlich gehaltene Schulung in angenehmer Umgebung\u00a0als durch stundenlanges Lesen oder Onlineberieselung weiter?<\/span><\/li>\n<\/ul>\n<\/li>\n<\/ul>\n<p>&nbsp;<\/p>\n<ul>\n<li style=\"list-style-type: none;\">\n<ul>\n<li style=\"text-align: left;\"><span style=\"font-size: medium;\">M\u00f6chten Sie gelegentlich\u00a0Ihre Erfolgs-\u00a0oder\u00a0Frusterlebnisse, Ideen und Gedanken,\u00a0auch nach 18.00 Uhr mit jemandem besprechen, der Sie auch fachlich versteht?\u00a0<\/span><\/li>\n<\/ul>\n<\/li>\n<\/ul>\n<p>&nbsp;<\/p>\n<p>&nbsp;<\/p>\n<p style=\"text-align: left;\"><span style=\"font-size: medium;\">Wenn Sie diese Fragen mit\u00a0einem JA\u00a0beantworten k\u00f6nnen, sollten Sie Kontakt mit uns aufnehmen. Gute Produkte und Konditionen sind dabei f\u00fcr uns selbstverst\u00e4ndlich.\u00a0\u00a0 <\/span><\/p>\n<p>&nbsp;<\/p>\n<p><span style=\"font-size: medium;\">\u00a0<\/span><\/p>\n","protected":false},"excerpt":{"rendered":"<p>&nbsp; Sind\u00a0Sie Versicherungskauffrau\/mann oder Versicherungsfachmann\/frau\u00a0BWV, bei der IHK registriert und auf der Suche nach einer neuen beruflichen Heimat? &nbsp; Sind Sie es Leid, Tag f\u00fcr Tag als Einzelk\u00e4mpfer ohne Kollegenkontakte am Schreibtisch in administrativer Arbeit zu ersticken? &nbsp; \u00c4rgert es &hellip; <a href=\"https:\/\/www.ansia.de\/index.php\/kooperationen\/\">Weiterlesen <span class=\"meta-nav\">&rarr;<\/span><\/a><\/p>\n","protected":false},"author":3,"featured_media":0,"parent":0,"menu_order":16,"comment_status":"closed","ping_status":"closed","template":"","meta":{"footnotes":""},"class_list":["post-401","page","type-page","status-publish","hentry"],"yoast_head":"<!-- This site is optimized with the Yoast SEO plugin v26.4 - https:\/\/yoast.com\/wordpress\/plugins\/seo\/ -->\n<title>Kooperationen - Ansia<\/title>\n<meta name=\"robots\" content=\"index, follow, max-snippet:-1, max-image-preview:large, max-video-preview:-1\" \/>\n<link rel=\"canonical\" href=\"https:\/\/www.ansia.de\/index.php\/kooperationen\/\" \/>\n<meta property=\"og:locale\" content=\"de_DE\" \/>\n<meta property=\"og:type\" content=\"article\" \/>\n<meta property=\"og:title\" content=\"Kooperationen - Ansia\" \/>\n<meta property=\"og:description\" content=\"&nbsp; Sind\u00a0Sie Versicherungskauffrau\/mann oder Versicherungsfachmann\/frau\u00a0BWV, bei der IHK registriert und auf der Suche nach einer neuen beruflichen Heimat? &nbsp; Sind Sie es Leid, Tag f\u00fcr Tag als Einzelk\u00e4mpfer ohne Kollegenkontakte am Schreibtisch in administrativer Arbeit zu ersticken? &nbsp; \u00c4rgert es &hellip; Weiterlesen &rarr;\" \/>\n<meta property=\"og:url\" content=\"https:\/\/www.ansia.de\/index.php\/kooperationen\/\" \/>\n<meta property=\"og:site_name\" content=\"Ansia\" \/>\n<meta property=\"article:modified_time\" content=\"2024-12-30T14:16:00+00:00\" \/>\n<meta name=\"twitter:card\" content=\"summary_large_image\" \/>\n<script type=\"application\/ld+json\" class=\"yoast-schema-graph\">{\"@context\":\"https:\/\/schema.org\",\"@graph\":[{\"@type\":\"WebPage\",\"@id\":\"https:\/\/www.ansia.de\/index.php\/kooperationen\/\",\"url\":\"https:\/\/www.ansia.de\/index.php\/kooperationen\/\",\"name\":\"Kooperationen - Ansia\",\"isPartOf\":{\"@id\":\"https:\/\/www.ansia.de\/#website\"},\"datePublished\":\"2011-07-29T08:29:58+00:00\",\"dateModified\":\"2024-12-30T14:16:00+00:00\",\"breadcrumb\":{\"@id\":\"https:\/\/www.ansia.de\/index.php\/kooperationen\/#breadcrumb\"},\"inLanguage\":\"de\",\"potentialAction\":[{\"@type\":\"ReadAction\",\"target\":[\"https:\/\/www.ansia.de\/index.php\/kooperationen\/\"]}]},{\"@type\":\"BreadcrumbList\",\"@id\":\"https:\/\/www.ansia.de\/index.php\/kooperationen\/#breadcrumb\",\"itemListElement\":[{\"@type\":\"ListItem\",\"position\":1,\"name\":\"Startseite\",\"item\":\"https:\/\/www.ansia.de\/\"},{\"@type\":\"ListItem\",\"position\":2,\"name\":\"Kooperationen\"}]},{\"@type\":\"WebSite\",\"@id\":\"https:\/\/www.ansia.de\/#website\",\"url\":\"https:\/\/www.ansia.de\/\",\"name\":\"Ansia\",\"description\":\"\",\"potentialAction\":[{\"@type\":\"SearchAction\",\"target\":{\"@type\":\"EntryPoint\",\"urlTemplate\":\"https:\/\/www.ansia.de\/?s={search_term_string}\"},\"query-input\":{\"@type\":\"PropertyValueSpecification\",\"valueRequired\":true,\"valueName\":\"search_term_string\"}}],\"inLanguage\":\"de\"}]}<\/script>\n<!-- \/ Yoast SEO plugin. -->","yoast_head_json":{"title":"Kooperationen - Ansia","robots":{"index":"index","follow":"follow","max-snippet":"max-snippet:-1","max-image-preview":"max-image-preview:large","max-video-preview":"max-video-preview:-1"},"canonical":"https:\/\/www.ansia.de\/index.php\/kooperationen\/","og_locale":"de_DE","og_type":"article","og_title":"Kooperationen - Ansia","og_description":"&nbsp; Sind\u00a0Sie Versicherungskauffrau\/mann oder Versicherungsfachmann\/frau\u00a0BWV, bei der IHK registriert und auf der Suche nach einer neuen beruflichen Heimat? &nbsp; Sind Sie es Leid, Tag f\u00fcr Tag als Einzelk\u00e4mpfer ohne Kollegenkontakte am Schreibtisch in administrativer Arbeit zu ersticken? &nbsp; \u00c4rgert es &hellip; Weiterlesen &rarr;","og_url":"https:\/\/www.ansia.de\/index.php\/kooperationen\/","og_site_name":"Ansia","article_modified_time":"2024-12-30T14:16:00+00:00","twitter_card":"summary_large_image","schema":{"@context":"https:\/\/schema.org","@graph":[{"@type":"WebPage","@id":"https:\/\/www.ansia.de\/index.php\/kooperationen\/","url":"https:\/\/www.ansia.de\/index.php\/kooperationen\/","name":"Kooperationen - Ansia","isPartOf":{"@id":"https:\/\/www.ansia.de\/#website"},"datePublished":"2011-07-29T08:29:58+00:00","dateModified":"2024-12-30T14:16:00+00:00","breadcrumb":{"@id":"https:\/\/www.ansia.de\/index.php\/kooperationen\/#breadcrumb"},"inLanguage":"de","potentialAction":[{"@type":"ReadAction","target":["https:\/\/www.ansia.de\/index.php\/kooperationen\/"]}]},{"@type":"BreadcrumbList","@id":"https:\/\/www.ansia.de\/index.php\/kooperationen\/#breadcrumb","itemListElement":[{"@type":"ListItem","position":1,"name":"Startseite","item":"https:\/\/www.ansia.de\/"},{"@type":"ListItem","position":2,"name":"Kooperationen"}]},{"@type":"WebSite","@id":"https:\/\/www.ansia.de\/#website","url":"https:\/\/www.ansia.de\/","name":"Ansia","description":"","potentialAction":[{"@type":"SearchAction","target":{"@type":"EntryPoint","urlTemplate":"https:\/\/www.ansia.de\/?s={search_term_string}"},"query-input":{"@type":"PropertyValueSpecification","valueRequired":true,"valueName":"search_term_string"}}],"inLanguage":"de"}]}},"_links":{"self":[{"href":"https:\/\/www.ansia.de\/index.php\/wp-json\/wp\/v2\/pages\/401","targetHints":{"allow":["GET"]}}],"collection":[{"href":"https:\/\/www.ansia.de\/index.php\/wp-json\/wp\/v2\/pages"}],"about":[{"href":"https:\/\/www.ansia.de\/index.php\/wp-json\/wp\/v2\/types\/page"}],"author":[{"embeddable":true,"href":"https:\/\/www.ansia.de\/index.php\/wp-json\/wp\/v2\/users\/3"}],"replies":[{"embeddable":true,"href":"https:\/\/www.ansia.de\/index.php\/wp-json\/wp\/v2\/comments?post=401"}],"version-history":[{"count":19,"href":"https:\/\/www.ansia.de\/index.php\/wp-json\/wp\/v2\/pages\/401\/revisions"}],"predecessor-version":[{"id":3183,"href":"https:\/\/www.ansia.de\/index.php\/wp-json\/wp\/v2\/pages\/401\/revisions\/3183"}],"wp:attachment":[{"href":"https:\/\/www.ansia.de\/index.php\/wp-json\/wp\/v2\/media?parent=401"}],"curies":[{"name":"wp","href":"https:\/\/api.w.org\/{rel}","templated":true}]}}