{"id":379,"date":"2011-07-28T16:15:12","date_gmt":"2011-07-28T16:15:12","guid":{"rendered":"http:\/\/www.ansia.de\/?page_id=379"},"modified":"2016-03-09T11:59:38","modified_gmt":"2016-03-09T11:59:38","slug":"sterbegeld","status":"publish","type":"page","link":"https:\/\/www.ansia.de\/index.php\/versicherungen\/sterbegeld\/","title":{"rendered":"Sterbegeld"},"content":{"rendered":"<p><img loading=\"lazy\" decoding=\"async\" class=\"size-full wp-image-668 alignnone\" title=\"Sterbegeld\" src=\"https:\/\/www.ansia.de\/wp-content\/uploads\/021-0011.jpg\" alt=\"\" width=\"670\" height=\"150\" \/><\/p>\n<p>Ein uns wohl allen\u00a0bekanntes Zitat lautet:\u00a0&#8222;Umsonst ist der Tod; aber er kostet das Leben.&#8220;<\/p>\n<p>Wie falsch diese Aussage ist, wird jeder best\u00e4tigen, der sich\u00a0schon einmal mit einer Bestattung und deren Kosten auseinandersetzen mu\u00dfte. Sp\u00e4testens nachdem die Zusch\u00fcsse der Krankenkassen nicht\u00a0mehr gezahlt werden, entstehen durch einen Sterbefall\u00a0Kosten die \u20ac 4000.&#8211; bis \u20ac 7000,&#8211; betragen k\u00f6nnen.<\/p>\n<p>Kommen dann noch die Kosten eines Grabsteins hinzu, k\u00f6nnen auch\u00a0noch wesentlich h\u00f6here\u00a0Betr\u00e4ge auf die Hinterbliebenen zukommen.<\/p>\n<p>Hier hilft der Abschlu\u00df einer Sterbegeldversicherung.<\/p>\n<p>Einige Versicherer bieten diese Vertr\u00e4ge\u00a0ohne Gesundheitsfragen und Pr\u00fcfung an.<\/p>\n<p>Welche Gesellschaften das sind sagen Ihnen unsere Makler.<\/p>\n","protected":false},"excerpt":{"rendered":"<p>Ein uns wohl allen\u00a0bekanntes Zitat lautet:\u00a0&#8222;Umsonst ist der Tod; aber er kostet das Leben.&#8220; Wie falsch diese Aussage ist, wird jeder best\u00e4tigen, der sich\u00a0schon einmal mit einer Bestattung und deren Kosten auseinandersetzen mu\u00dfte. Sp\u00e4testens nachdem die Zusch\u00fcsse der Krankenkassen nicht\u00a0mehr &hellip; <a href=\"https:\/\/www.ansia.de\/index.php\/versicherungen\/sterbegeld\/\">Weiterlesen <span class=\"meta-nav\">&rarr;<\/span><\/a><\/p>\n","protected":false},"author":3,"featured_media":0,"parent":6,"menu_order":97,"comment_status":"closed","ping_status":"closed","template":"","meta":{"footnotes":""},"class_list":["post-379","page","type-page","status-publish","hentry"],"yoast_head":"<!-- This site is optimized with the Yoast SEO plugin v26.4 - https:\/\/yoast.com\/wordpress\/plugins\/seo\/ -->\n<title>Sterbegeld - Ansia<\/title>\n<meta name=\"robots\" content=\"index, follow, max-snippet:-1, max-image-preview:large, max-video-preview:-1\" \/>\n<link rel=\"canonical\" href=\"https:\/\/www.ansia.de\/index.php\/versicherungen\/sterbegeld\/\" \/>\n<meta property=\"og:locale\" content=\"de_DE\" \/>\n<meta property=\"og:type\" content=\"article\" \/>\n<meta property=\"og:title\" content=\"Sterbegeld - Ansia\" \/>\n<meta property=\"og:description\" content=\"Ein uns wohl allen\u00a0bekanntes Zitat lautet:\u00a0&#8222;Umsonst ist der Tod; aber er kostet das Leben.&#8220; Wie falsch diese Aussage ist, wird jeder best\u00e4tigen, der sich\u00a0schon einmal mit einer Bestattung und deren Kosten auseinandersetzen mu\u00dfte. Sp\u00e4testens nachdem die Zusch\u00fcsse der Krankenkassen nicht\u00a0mehr &hellip; Weiterlesen &rarr;\" \/>\n<meta property=\"og:url\" content=\"https:\/\/www.ansia.de\/index.php\/versicherungen\/sterbegeld\/\" \/>\n<meta property=\"og:site_name\" content=\"Ansia\" \/>\n<meta property=\"article:modified_time\" content=\"2016-03-09T11:59:38+00:00\" \/>\n<meta property=\"og:image\" content=\"https:\/\/www.ansia.de\/wp-content\/uploads\/021-0011.jpg\" \/>\n<meta name=\"twitter:card\" content=\"summary_large_image\" \/>\n<script type=\"application\/ld+json\" class=\"yoast-schema-graph\">{\"@context\":\"https:\/\/schema.org\",\"@graph\":[{\"@type\":\"WebPage\",\"@id\":\"https:\/\/www.ansia.de\/index.php\/versicherungen\/sterbegeld\/\",\"url\":\"https:\/\/www.ansia.de\/index.php\/versicherungen\/sterbegeld\/\",\"name\":\"Sterbegeld - Ansia\",\"isPartOf\":{\"@id\":\"https:\/\/www.ansia.de\/#website\"},\"primaryImageOfPage\":{\"@id\":\"https:\/\/www.ansia.de\/index.php\/versicherungen\/sterbegeld\/#primaryimage\"},\"image\":{\"@id\":\"https:\/\/www.ansia.de\/index.php\/versicherungen\/sterbegeld\/#primaryimage\"},\"thumbnailUrl\":\"https:\/\/www.ansia.de\/wp-content\/uploads\/021-0011.jpg\",\"datePublished\":\"2011-07-28T16:15:12+00:00\",\"dateModified\":\"2016-03-09T11:59:38+00:00\",\"breadcrumb\":{\"@id\":\"https:\/\/www.ansia.de\/index.php\/versicherungen\/sterbegeld\/#breadcrumb\"},\"inLanguage\":\"de\",\"potentialAction\":[{\"@type\":\"ReadAction\",\"target\":[\"https:\/\/www.ansia.de\/index.php\/versicherungen\/sterbegeld\/\"]}]},{\"@type\":\"ImageObject\",\"inLanguage\":\"de\",\"@id\":\"https:\/\/www.ansia.de\/index.php\/versicherungen\/sterbegeld\/#primaryimage\",\"url\":\"https:\/\/www.ansia.de\/wp-content\/uploads\/021-0011.jpg\",\"contentUrl\":\"https:\/\/www.ansia.de\/wp-content\/uploads\/021-0011.jpg\",\"width\":\"670\",\"height\":\"150\"},{\"@type\":\"BreadcrumbList\",\"@id\":\"https:\/\/www.ansia.de\/index.php\/versicherungen\/sterbegeld\/#breadcrumb\",\"itemListElement\":[{\"@type\":\"ListItem\",\"position\":1,\"name\":\"Startseite\",\"item\":\"https:\/\/www.ansia.de\/\"},{\"@type\":\"ListItem\",\"position\":2,\"name\":\"Versicherungen\",\"item\":\"https:\/\/www.ansia.de\/index.php\/versicherungen\/\"},{\"@type\":\"ListItem\",\"position\":3,\"name\":\"Sterbegeld\"}]},{\"@type\":\"WebSite\",\"@id\":\"https:\/\/www.ansia.de\/#website\",\"url\":\"https:\/\/www.ansia.de\/\",\"name\":\"Ansia\",\"description\":\"\",\"potentialAction\":[{\"@type\":\"SearchAction\",\"target\":{\"@type\":\"EntryPoint\",\"urlTemplate\":\"https:\/\/www.ansia.de\/?s={search_term_string}\"},\"query-input\":{\"@type\":\"PropertyValueSpecification\",\"valueRequired\":true,\"valueName\":\"search_term_string\"}}],\"inLanguage\":\"de\"}]}<\/script>\n<!-- \/ Yoast SEO plugin. -->","yoast_head_json":{"title":"Sterbegeld - Ansia","robots":{"index":"index","follow":"follow","max-snippet":"max-snippet:-1","max-image-preview":"max-image-preview:large","max-video-preview":"max-video-preview:-1"},"canonical":"https:\/\/www.ansia.de\/index.php\/versicherungen\/sterbegeld\/","og_locale":"de_DE","og_type":"article","og_title":"Sterbegeld - Ansia","og_description":"Ein uns wohl allen\u00a0bekanntes Zitat lautet:\u00a0&#8222;Umsonst ist der Tod; aber er kostet das Leben.&#8220; Wie falsch diese Aussage ist, wird jeder best\u00e4tigen, der sich\u00a0schon einmal mit einer Bestattung und deren Kosten auseinandersetzen mu\u00dfte. Sp\u00e4testens nachdem die Zusch\u00fcsse der Krankenkassen nicht\u00a0mehr &hellip; Weiterlesen &rarr;","og_url":"https:\/\/www.ansia.de\/index.php\/versicherungen\/sterbegeld\/","og_site_name":"Ansia","article_modified_time":"2016-03-09T11:59:38+00:00","og_image":[{"url":"https:\/\/www.ansia.de\/wp-content\/uploads\/021-0011.jpg","type":"","width":"","height":""}],"twitter_card":"summary_large_image","schema":{"@context":"https:\/\/schema.org","@graph":[{"@type":"WebPage","@id":"https:\/\/www.ansia.de\/index.php\/versicherungen\/sterbegeld\/","url":"https:\/\/www.ansia.de\/index.php\/versicherungen\/sterbegeld\/","name":"Sterbegeld - Ansia","isPartOf":{"@id":"https:\/\/www.ansia.de\/#website"},"primaryImageOfPage":{"@id":"https:\/\/www.ansia.de\/index.php\/versicherungen\/sterbegeld\/#primaryimage"},"image":{"@id":"https:\/\/www.ansia.de\/index.php\/versicherungen\/sterbegeld\/#primaryimage"},"thumbnailUrl":"https:\/\/www.ansia.de\/wp-content\/uploads\/021-0011.jpg","datePublished":"2011-07-28T16:15:12+00:00","dateModified":"2016-03-09T11:59:38+00:00","breadcrumb":{"@id":"https:\/\/www.ansia.de\/index.php\/versicherungen\/sterbegeld\/#breadcrumb"},"inLanguage":"de","potentialAction":[{"@type":"ReadAction","target":["https:\/\/www.ansia.de\/index.php\/versicherungen\/sterbegeld\/"]}]},{"@type":"ImageObject","inLanguage":"de","@id":"https:\/\/www.ansia.de\/index.php\/versicherungen\/sterbegeld\/#primaryimage","url":"https:\/\/www.ansia.de\/wp-content\/uploads\/021-0011.jpg","contentUrl":"https:\/\/www.ansia.de\/wp-content\/uploads\/021-0011.jpg","width":"670","height":"150"},{"@type":"BreadcrumbList","@id":"https:\/\/www.ansia.de\/index.php\/versicherungen\/sterbegeld\/#breadcrumb","itemListElement":[{"@type":"ListItem","position":1,"name":"Startseite","item":"https:\/\/www.ansia.de\/"},{"@type":"ListItem","position":2,"name":"Versicherungen","item":"https:\/\/www.ansia.de\/index.php\/versicherungen\/"},{"@type":"ListItem","position":3,"name":"Sterbegeld"}]},{"@type":"WebSite","@id":"https:\/\/www.ansia.de\/#website","url":"https:\/\/www.ansia.de\/","name":"Ansia","description":"","potentialAction":[{"@type":"SearchAction","target":{"@type":"EntryPoint","urlTemplate":"https:\/\/www.ansia.de\/?s={search_term_string}"},"query-input":{"@type":"PropertyValueSpecification","valueRequired":true,"valueName":"search_term_string"}}],"inLanguage":"de"}]}},"_links":{"self":[{"href":"https:\/\/www.ansia.de\/index.php\/wp-json\/wp\/v2\/pages\/379","targetHints":{"allow":["GET"]}}],"collection":[{"href":"https:\/\/www.ansia.de\/index.php\/wp-json\/wp\/v2\/pages"}],"about":[{"href":"https:\/\/www.ansia.de\/index.php\/wp-json\/wp\/v2\/types\/page"}],"author":[{"embeddable":true,"href":"https:\/\/www.ansia.de\/index.php\/wp-json\/wp\/v2\/users\/3"}],"replies":[{"embeddable":true,"href":"https:\/\/www.ansia.de\/index.php\/wp-json\/wp\/v2\/comments?post=379"}],"version-history":[{"count":17,"href":"https:\/\/www.ansia.de\/index.php\/wp-json\/wp\/v2\/pages\/379\/revisions"}],"predecessor-version":[{"id":2632,"href":"https:\/\/www.ansia.de\/index.php\/wp-json\/wp\/v2\/pages\/379\/revisions\/2632"}],"up":[{"embeddable":true,"href":"https:\/\/www.ansia.de\/index.php\/wp-json\/wp\/v2\/pages\/6"}],"wp:attachment":[{"href":"https:\/\/www.ansia.de\/index.php\/wp-json\/wp\/v2\/media?parent=379"}],"curies":[{"name":"wp","href":"https:\/\/api.w.org\/{rel}","templated":true}]}}