{"id":343,"date":"2011-07-28T14:20:57","date_gmt":"2011-07-28T14:20:57","guid":{"rendered":"http:\/\/www.ansia.de\/?page_id=343"},"modified":"2012-01-13T16:34:34","modified_gmt":"2012-01-13T16:34:34","slug":"geschaftsleitung","status":"publish","type":"page","link":"https:\/\/www.ansia.de\/index.php\/uber-uns\/geschaftsleitung\/","title":{"rendered":"Gesch\u00e4ftsleitung"},"content":{"rendered":"<table border=\"0\" cellspacing=\"5\" cellpadding=\"5\"><\/p>\n<tbody><\/p>\n<tr><\/p>\n<td><a href=\"https:\/\/www.ansia.de\/wp-content\/uploads\/Importierte-Fotos-000061.jpg\" rel=\"lightbox[343]\"><img loading=\"lazy\" decoding=\"async\" class=\"alignleft size-medium wp-image-1558\" title=\"Importierte Fotos 00006\" src=\"https:\/\/www.ansia.de\/wp-content\/uploads\/Importierte-Fotos-000061-445x670.jpg\" alt=\"\" width=\"312\" height=\"469\" srcset=\"https:\/\/www.ansia.de\/wp-content\/uploads\/Importierte-Fotos-000061-445x670.jpg 445w, https:\/\/www.ansia.de\/wp-content\/uploads\/Importierte-Fotos-000061-680x1024.jpg 680w\" sizes=\"auto, (max-width: 312px) 100vw, 312px\" \/><\/a><\/td>\n<p><\/p>\n<td><\/p>\n<p><span style=\"font-size: small;\">Wolfgang Buchholz<\/span><\/p>\n<p><\/p>\n<p><span style=\"font-size: small;\">Gesch\u00e4ftsf\u00fchrer Frontoffice<\/span><\/p>\n<p><\/p>\n<p><span style=\"font-size: small;\">Versicherungskaufmann,<\/span><\/p>\n<p><\/p>\n<p><span style=\"font-size: small;\">35 Jahre Vertriebserfahrung als Organisationsleiter, Bezirksdirektor, Prokurist und Niederlassungsleiter bei Versicherern und einem gro\u00dfen Mehrfachvermittlungsunternehmen<\/span><\/p>\n<p><\/td>\n<p><\/tr>\n<p><\/p>\n<tr><\/p>\n<td><a href=\"https:\/\/www.ansia.de\/wp-content\/uploads\/Importierte-Fotos-00003.jpg\" rel=\"lightbox[343]\"><img loading=\"lazy\" decoding=\"async\" class=\"alignleft size-medium wp-image-1562\" title=\"Importierte Fotos 00003\" src=\"https:\/\/www.ansia.de\/wp-content\/uploads\/Importierte-Fotos-00003-445x670.jpg\" alt=\"\" width=\"312\" height=\"469\" srcset=\"https:\/\/www.ansia.de\/wp-content\/uploads\/Importierte-Fotos-00003-445x670.jpg 445w, https:\/\/www.ansia.de\/wp-content\/uploads\/Importierte-Fotos-00003-680x1024.jpg 680w\" sizes=\"auto, (max-width: 312px) 100vw, 312px\" \/><\/a><\/td>\n<p><\/p>\n<td><\/p>\n<p><span style=\"font-size: small;\">Christian Hoffmann<\/span><\/p>\n<p><\/p>\n<p><span style=\"font-size: small;\">Gesch\u00e4ftsf\u00fchrer Backoffice<\/span><\/p>\n<p><\/p>\n<p><span style=\"font-size: small;\">Versicherungskaufmann,<\/span><\/p>\n<p><\/p>\n<p><span style=\"font-size: small;\">26 Jahre Erfahrung als Innendienstf\u00fchrungkraft und B\u00fcroleiter bei Versicherern und einem gro\u00dfen Mehrfachvermittlungsunternehmen<\/span><\/p>\n<p><\/td>\n<p><\/tr>\n<p><\/tbody>\n<p><\/table>\n","protected":false},"excerpt":{"rendered":"<p>Wolfgang Buchholz Gesch\u00e4ftsf\u00fchrer Frontoffice Versicherungskaufmann, 35 Jahre Vertriebserfahrung als Organisationsleiter, Bezirksdirektor, Prokurist und Niederlassungsleiter bei Versicherern und einem gro\u00dfen Mehrfachvermittlungsunternehmen Christian Hoffmann Gesch\u00e4ftsf\u00fchrer Backoffice Versicherungskaufmann, 26 Jahre Erfahrung als Innendienstf\u00fchrungkraft und B\u00fcroleiter bei Versicherern und einem gro\u00dfen Mehrfachvermittlungsunternehmen<\/p>\n","protected":false},"author":3,"featured_media":0,"parent":235,"menu_order":1,"comment_status":"closed","ping_status":"closed","template":"","meta":{"footnotes":""},"class_list":["post-343","page","type-page","status-publish","hentry"],"yoast_head":"<!-- This site is optimized with the Yoast SEO plugin v26.4 - https:\/\/yoast.com\/wordpress\/plugins\/seo\/ -->\n<title>Gesch\u00e4ftsleitung - Ansia<\/title>\n<meta name=\"robots\" content=\"index, follow, max-snippet:-1, max-image-preview:large, max-video-preview:-1\" \/>\n<link rel=\"canonical\" href=\"https:\/\/www.ansia.de\/index.php\/uber-uns\/geschaftsleitung\/\" \/>\n<meta property=\"og:locale\" content=\"de_DE\" \/>\n<meta property=\"og:type\" content=\"article\" \/>\n<meta property=\"og:title\" content=\"Gesch\u00e4ftsleitung - Ansia\" \/>\n<meta property=\"og:description\" content=\"Wolfgang Buchholz Gesch\u00e4ftsf\u00fchrer Frontoffice Versicherungskaufmann, 35 Jahre Vertriebserfahrung als Organisationsleiter, Bezirksdirektor, Prokurist und Niederlassungsleiter bei Versicherern und einem gro\u00dfen Mehrfachvermittlungsunternehmen Christian Hoffmann Gesch\u00e4ftsf\u00fchrer Backoffice Versicherungskaufmann, 26 Jahre Erfahrung als Innendienstf\u00fchrungkraft und B\u00fcroleiter bei Versicherern und einem gro\u00dfen Mehrfachvermittlungsunternehmen\" \/>\n<meta property=\"og:url\" content=\"https:\/\/www.ansia.de\/index.php\/uber-uns\/geschaftsleitung\/\" \/>\n<meta property=\"og:site_name\" content=\"Ansia\" \/>\n<meta property=\"article:modified_time\" content=\"2012-01-13T16:34:34+00:00\" \/>\n<meta property=\"og:image\" content=\"https:\/\/www.ansia.de\/wp-content\/uploads\/Importierte-Fotos-000061-445x670.jpg\" \/>\n<meta name=\"twitter:card\" content=\"summary_large_image\" \/>\n<script type=\"application\/ld+json\" class=\"yoast-schema-graph\">{\"@context\":\"https:\/\/schema.org\",\"@graph\":[{\"@type\":\"WebPage\",\"@id\":\"https:\/\/www.ansia.de\/index.php\/uber-uns\/geschaftsleitung\/\",\"url\":\"https:\/\/www.ansia.de\/index.php\/uber-uns\/geschaftsleitung\/\",\"name\":\"Gesch\u00e4ftsleitung - Ansia\",\"isPartOf\":{\"@id\":\"https:\/\/www.ansia.de\/#website\"},\"primaryImageOfPage\":{\"@id\":\"https:\/\/www.ansia.de\/index.php\/uber-uns\/geschaftsleitung\/#primaryimage\"},\"image\":{\"@id\":\"https:\/\/www.ansia.de\/index.php\/uber-uns\/geschaftsleitung\/#primaryimage\"},\"thumbnailUrl\":\"https:\/\/www.ansia.de\/wp-content\/uploads\/Importierte-Fotos-000061-445x670.jpg\",\"datePublished\":\"2011-07-28T14:20:57+00:00\",\"dateModified\":\"2012-01-13T16:34:34+00:00\",\"breadcrumb\":{\"@id\":\"https:\/\/www.ansia.de\/index.php\/uber-uns\/geschaftsleitung\/#breadcrumb\"},\"inLanguage\":\"de\",\"potentialAction\":[{\"@type\":\"ReadAction\",\"target\":[\"https:\/\/www.ansia.de\/index.php\/uber-uns\/geschaftsleitung\/\"]}]},{\"@type\":\"ImageObject\",\"inLanguage\":\"de\",\"@id\":\"https:\/\/www.ansia.de\/index.php\/uber-uns\/geschaftsleitung\/#primaryimage\",\"url\":\"https:\/\/www.ansia.de\/wp-content\/uploads\/Importierte-Fotos-000061.jpg\",\"contentUrl\":\"https:\/\/www.ansia.de\/wp-content\/uploads\/Importierte-Fotos-000061.jpg\",\"width\":\"2136\",\"height\":\"3216\"},{\"@type\":\"BreadcrumbList\",\"@id\":\"https:\/\/www.ansia.de\/index.php\/uber-uns\/geschaftsleitung\/#breadcrumb\",\"itemListElement\":[{\"@type\":\"ListItem\",\"position\":1,\"name\":\"Startseite\",\"item\":\"https:\/\/www.ansia.de\/\"},{\"@type\":\"ListItem\",\"position\":2,\"name\":\"\u00dcber uns\",\"item\":\"https:\/\/www.ansia.de\/index.php\/uber-uns\/\"},{\"@type\":\"ListItem\",\"position\":3,\"name\":\"Gesch\u00e4ftsleitung\"}]},{\"@type\":\"WebSite\",\"@id\":\"https:\/\/www.ansia.de\/#website\",\"url\":\"https:\/\/www.ansia.de\/\",\"name\":\"Ansia\",\"description\":\"\",\"potentialAction\":[{\"@type\":\"SearchAction\",\"target\":{\"@type\":\"EntryPoint\",\"urlTemplate\":\"https:\/\/www.ansia.de\/?s={search_term_string}\"},\"query-input\":{\"@type\":\"PropertyValueSpecification\",\"valueRequired\":true,\"valueName\":\"search_term_string\"}}],\"inLanguage\":\"de\"}]}<\/script>\n<!-- \/ Yoast SEO plugin. -->","yoast_head_json":{"title":"Gesch\u00e4ftsleitung - Ansia","robots":{"index":"index","follow":"follow","max-snippet":"max-snippet:-1","max-image-preview":"max-image-preview:large","max-video-preview":"max-video-preview:-1"},"canonical":"https:\/\/www.ansia.de\/index.php\/uber-uns\/geschaftsleitung\/","og_locale":"de_DE","og_type":"article","og_title":"Gesch\u00e4ftsleitung - Ansia","og_description":"Wolfgang Buchholz Gesch\u00e4ftsf\u00fchrer Frontoffice Versicherungskaufmann, 35 Jahre Vertriebserfahrung als Organisationsleiter, Bezirksdirektor, Prokurist und Niederlassungsleiter bei Versicherern und einem gro\u00dfen Mehrfachvermittlungsunternehmen Christian Hoffmann Gesch\u00e4ftsf\u00fchrer Backoffice Versicherungskaufmann, 26 Jahre Erfahrung als Innendienstf\u00fchrungkraft und B\u00fcroleiter bei Versicherern und einem gro\u00dfen Mehrfachvermittlungsunternehmen","og_url":"https:\/\/www.ansia.de\/index.php\/uber-uns\/geschaftsleitung\/","og_site_name":"Ansia","article_modified_time":"2012-01-13T16:34:34+00:00","og_image":[{"url":"https:\/\/www.ansia.de\/wp-content\/uploads\/Importierte-Fotos-000061-445x670.jpg","type":"","width":"","height":""}],"twitter_card":"summary_large_image","schema":{"@context":"https:\/\/schema.org","@graph":[{"@type":"WebPage","@id":"https:\/\/www.ansia.de\/index.php\/uber-uns\/geschaftsleitung\/","url":"https:\/\/www.ansia.de\/index.php\/uber-uns\/geschaftsleitung\/","name":"Gesch\u00e4ftsleitung - Ansia","isPartOf":{"@id":"https:\/\/www.ansia.de\/#website"},"primaryImageOfPage":{"@id":"https:\/\/www.ansia.de\/index.php\/uber-uns\/geschaftsleitung\/#primaryimage"},"image":{"@id":"https:\/\/www.ansia.de\/index.php\/uber-uns\/geschaftsleitung\/#primaryimage"},"thumbnailUrl":"https:\/\/www.ansia.de\/wp-content\/uploads\/Importierte-Fotos-000061-445x670.jpg","datePublished":"2011-07-28T14:20:57+00:00","dateModified":"2012-01-13T16:34:34+00:00","breadcrumb":{"@id":"https:\/\/www.ansia.de\/index.php\/uber-uns\/geschaftsleitung\/#breadcrumb"},"inLanguage":"de","potentialAction":[{"@type":"ReadAction","target":["https:\/\/www.ansia.de\/index.php\/uber-uns\/geschaftsleitung\/"]}]},{"@type":"ImageObject","inLanguage":"de","@id":"https:\/\/www.ansia.de\/index.php\/uber-uns\/geschaftsleitung\/#primaryimage","url":"https:\/\/www.ansia.de\/wp-content\/uploads\/Importierte-Fotos-000061.jpg","contentUrl":"https:\/\/www.ansia.de\/wp-content\/uploads\/Importierte-Fotos-000061.jpg","width":"2136","height":"3216"},{"@type":"BreadcrumbList","@id":"https:\/\/www.ansia.de\/index.php\/uber-uns\/geschaftsleitung\/#breadcrumb","itemListElement":[{"@type":"ListItem","position":1,"name":"Startseite","item":"https:\/\/www.ansia.de\/"},{"@type":"ListItem","position":2,"name":"\u00dcber uns","item":"https:\/\/www.ansia.de\/index.php\/uber-uns\/"},{"@type":"ListItem","position":3,"name":"Gesch\u00e4ftsleitung"}]},{"@type":"WebSite","@id":"https:\/\/www.ansia.de\/#website","url":"https:\/\/www.ansia.de\/","name":"Ansia","description":"","potentialAction":[{"@type":"SearchAction","target":{"@type":"EntryPoint","urlTemplate":"https:\/\/www.ansia.de\/?s={search_term_string}"},"query-input":{"@type":"PropertyValueSpecification","valueRequired":true,"valueName":"search_term_string"}}],"inLanguage":"de"}]}},"_links":{"self":[{"href":"https:\/\/www.ansia.de\/index.php\/wp-json\/wp\/v2\/pages\/343","targetHints":{"allow":["GET"]}}],"collection":[{"href":"https:\/\/www.ansia.de\/index.php\/wp-json\/wp\/v2\/pages"}],"about":[{"href":"https:\/\/www.ansia.de\/index.php\/wp-json\/wp\/v2\/types\/page"}],"author":[{"embeddable":true,"href":"https:\/\/www.ansia.de\/index.php\/wp-json\/wp\/v2\/users\/3"}],"replies":[{"embeddable":true,"href":"https:\/\/www.ansia.de\/index.php\/wp-json\/wp\/v2\/comments?post=343"}],"version-history":[{"count":27,"href":"https:\/\/www.ansia.de\/index.php\/wp-json\/wp\/v2\/pages\/343\/revisions"}],"predecessor-version":[{"id":1564,"href":"https:\/\/www.ansia.de\/index.php\/wp-json\/wp\/v2\/pages\/343\/revisions\/1564"}],"up":[{"embeddable":true,"href":"https:\/\/www.ansia.de\/index.php\/wp-json\/wp\/v2\/pages\/235"}],"wp:attachment":[{"href":"https:\/\/www.ansia.de\/index.php\/wp-json\/wp\/v2\/media?parent=343"}],"curies":[{"name":"wp","href":"https:\/\/api.w.org\/{rel}","templated":true}]}}