{"id":338,"date":"2011-07-28T13:52:35","date_gmt":"2011-07-28T13:52:35","guid":{"rendered":"http:\/\/www.ansia.de\/?page_id=338"},"modified":"2024-12-30T14:18:54","modified_gmt":"2024-12-30T14:18:54","slug":"voll","status":"publish","type":"page","link":"https:\/\/www.ansia.de\/index.php\/versicherungen\/kranken\/voll\/","title":{"rendered":"Vollversicherung"},"content":{"rendered":"<p>&nbsp;<\/p>\n<p>&nbsp;<\/p>\n<p>&nbsp;<\/p>\n<p>&nbsp;<\/p>\n<p>&nbsp;<\/p>\n<p>&nbsp;<\/p>\n<p>&nbsp;<\/p>\n<p>&nbsp;<\/p>\n<p>&nbsp;<\/p>\n<p>&nbsp;<\/p>\n<p>Das deutsche Krankenversicherungssystem geh\u00f6rt zu den besten der Welt. Die damit verbundene \u00e4rztliche Versorgung ist vorbildlich.<\/p>\n<p>&nbsp;<\/p>\n<p>Die Unterschiede der PKV zur GKV liegen im wesendlichen im Leistungsumfang, der Beitagskalkulation und dem Solidarit\u00e4tsprinzip. Auch der Familienstand kann eine sehr gro\u00dfe Rolle spielen, wenn man w\u00e4hlen darf und\u00a0es\u00a0darum geht, ob die\u00a0PKV oder GKV die richtige L\u00f6sung ist.<\/p>\n<p>&nbsp;<\/p>\n<p>Die private Krankenversicherung ist eine der sensibelsten Versicherungsformen auf dem deutschen Versicherungsmarkt.\u00a0Mit ihren gravierenden Unterschieden in Beitrag, Beitragsr\u00fcckerstattungen\u00a0und Leistung ist sie selbst f\u00fcr\u00a0Fachleute immer wieder eine neue Herausforderung.\u00a0Ein Fehler in der Auswahl des Versicherers kann zu erheblichen Nachteilen im Leistungsfall f\u00fchren. Dieser Versicherungsschutz sollte immer sehr individuell auf die zu versichernde Person zugeschnitten sein.<\/p>\n<p>&nbsp;<\/p>\n<p>Lassen Sie sich die Unterschiede erkl\u00e4ren.<\/p>\n","protected":false},"excerpt":{"rendered":"<p>&nbsp; &nbsp; &nbsp; &nbsp; &nbsp; &nbsp; &nbsp; &nbsp; &nbsp; &nbsp; Das deutsche Krankenversicherungssystem geh\u00f6rt zu den besten der Welt. Die damit verbundene \u00e4rztliche Versorgung ist vorbildlich. &nbsp; Die Unterschiede der PKV zur GKV liegen im wesendlichen im Leistungsumfang, der Beitagskalkulation &hellip; <a href=\"https:\/\/www.ansia.de\/index.php\/versicherungen\/kranken\/voll\/\">Weiterlesen <span class=\"meta-nav\">&rarr;<\/span><\/a><\/p>\n","protected":false},"author":3,"featured_media":0,"parent":332,"menu_order":1,"comment_status":"closed","ping_status":"closed","template":"page_listsubpages.php","meta":{"footnotes":""},"class_list":["post-338","page","type-page","status-publish","hentry"],"yoast_head":"<!-- This site is optimized with the Yoast SEO plugin v26.4 - https:\/\/yoast.com\/wordpress\/plugins\/seo\/ -->\n<title>Vollversicherung - Ansia<\/title>\n<meta name=\"robots\" content=\"index, follow, max-snippet:-1, max-image-preview:large, max-video-preview:-1\" \/>\n<link rel=\"canonical\" href=\"https:\/\/www.ansia.de\/index.php\/versicherungen\/kranken\/voll\/\" \/>\n<meta property=\"og:locale\" content=\"de_DE\" \/>\n<meta property=\"og:type\" content=\"article\" \/>\n<meta property=\"og:title\" content=\"Vollversicherung - Ansia\" \/>\n<meta property=\"og:description\" content=\"&nbsp; &nbsp; &nbsp; &nbsp; &nbsp; &nbsp; &nbsp; &nbsp; &nbsp; &nbsp; Das deutsche Krankenversicherungssystem geh\u00f6rt zu den besten der Welt. Die damit verbundene \u00e4rztliche Versorgung ist vorbildlich. &nbsp; Die Unterschiede der PKV zur GKV liegen im wesendlichen im Leistungsumfang, der Beitagskalkulation &hellip; Weiterlesen &rarr;\" \/>\n<meta property=\"og:url\" content=\"https:\/\/www.ansia.de\/index.php\/versicherungen\/kranken\/voll\/\" \/>\n<meta property=\"og:site_name\" content=\"Ansia\" \/>\n<meta property=\"article:modified_time\" content=\"2024-12-30T14:18:54+00:00\" \/>\n<meta name=\"twitter:card\" content=\"summary_large_image\" \/>\n<script type=\"application\/ld+json\" class=\"yoast-schema-graph\">{\"@context\":\"https:\/\/schema.org\",\"@graph\":[{\"@type\":\"WebPage\",\"@id\":\"https:\/\/www.ansia.de\/index.php\/versicherungen\/kranken\/voll\/\",\"url\":\"https:\/\/www.ansia.de\/index.php\/versicherungen\/kranken\/voll\/\",\"name\":\"Vollversicherung - Ansia\",\"isPartOf\":{\"@id\":\"https:\/\/www.ansia.de\/#website\"},\"datePublished\":\"2011-07-28T13:52:35+00:00\",\"dateModified\":\"2024-12-30T14:18:54+00:00\",\"breadcrumb\":{\"@id\":\"https:\/\/www.ansia.de\/index.php\/versicherungen\/kranken\/voll\/#breadcrumb\"},\"inLanguage\":\"de\",\"potentialAction\":[{\"@type\":\"ReadAction\",\"target\":[\"https:\/\/www.ansia.de\/index.php\/versicherungen\/kranken\/voll\/\"]}]},{\"@type\":\"BreadcrumbList\",\"@id\":\"https:\/\/www.ansia.de\/index.php\/versicherungen\/kranken\/voll\/#breadcrumb\",\"itemListElement\":[{\"@type\":\"ListItem\",\"position\":1,\"name\":\"Startseite\",\"item\":\"https:\/\/www.ansia.de\/\"},{\"@type\":\"ListItem\",\"position\":2,\"name\":\"Versicherungen\",\"item\":\"https:\/\/www.ansia.de\/index.php\/versicherungen\/\"},{\"@type\":\"ListItem\",\"position\":3,\"name\":\"Kranken\",\"item\":\"https:\/\/www.ansia.de\/index.php\/versicherungen\/kranken\/\"},{\"@type\":\"ListItem\",\"position\":4,\"name\":\"Vollversicherung\"}]},{\"@type\":\"WebSite\",\"@id\":\"https:\/\/www.ansia.de\/#website\",\"url\":\"https:\/\/www.ansia.de\/\",\"name\":\"Ansia\",\"description\":\"\",\"potentialAction\":[{\"@type\":\"SearchAction\",\"target\":{\"@type\":\"EntryPoint\",\"urlTemplate\":\"https:\/\/www.ansia.de\/?s={search_term_string}\"},\"query-input\":{\"@type\":\"PropertyValueSpecification\",\"valueRequired\":true,\"valueName\":\"search_term_string\"}}],\"inLanguage\":\"de\"}]}<\/script>\n<!-- \/ Yoast SEO plugin. -->","yoast_head_json":{"title":"Vollversicherung - Ansia","robots":{"index":"index","follow":"follow","max-snippet":"max-snippet:-1","max-image-preview":"max-image-preview:large","max-video-preview":"max-video-preview:-1"},"canonical":"https:\/\/www.ansia.de\/index.php\/versicherungen\/kranken\/voll\/","og_locale":"de_DE","og_type":"article","og_title":"Vollversicherung - Ansia","og_description":"&nbsp; &nbsp; &nbsp; &nbsp; &nbsp; &nbsp; &nbsp; &nbsp; &nbsp; &nbsp; Das deutsche Krankenversicherungssystem geh\u00f6rt zu den besten der Welt. Die damit verbundene \u00e4rztliche Versorgung ist vorbildlich. &nbsp; Die Unterschiede der PKV zur GKV liegen im wesendlichen im Leistungsumfang, der Beitagskalkulation &hellip; Weiterlesen &rarr;","og_url":"https:\/\/www.ansia.de\/index.php\/versicherungen\/kranken\/voll\/","og_site_name":"Ansia","article_modified_time":"2024-12-30T14:18:54+00:00","twitter_card":"summary_large_image","schema":{"@context":"https:\/\/schema.org","@graph":[{"@type":"WebPage","@id":"https:\/\/www.ansia.de\/index.php\/versicherungen\/kranken\/voll\/","url":"https:\/\/www.ansia.de\/index.php\/versicherungen\/kranken\/voll\/","name":"Vollversicherung - Ansia","isPartOf":{"@id":"https:\/\/www.ansia.de\/#website"},"datePublished":"2011-07-28T13:52:35+00:00","dateModified":"2024-12-30T14:18:54+00:00","breadcrumb":{"@id":"https:\/\/www.ansia.de\/index.php\/versicherungen\/kranken\/voll\/#breadcrumb"},"inLanguage":"de","potentialAction":[{"@type":"ReadAction","target":["https:\/\/www.ansia.de\/index.php\/versicherungen\/kranken\/voll\/"]}]},{"@type":"BreadcrumbList","@id":"https:\/\/www.ansia.de\/index.php\/versicherungen\/kranken\/voll\/#breadcrumb","itemListElement":[{"@type":"ListItem","position":1,"name":"Startseite","item":"https:\/\/www.ansia.de\/"},{"@type":"ListItem","position":2,"name":"Versicherungen","item":"https:\/\/www.ansia.de\/index.php\/versicherungen\/"},{"@type":"ListItem","position":3,"name":"Kranken","item":"https:\/\/www.ansia.de\/index.php\/versicherungen\/kranken\/"},{"@type":"ListItem","position":4,"name":"Vollversicherung"}]},{"@type":"WebSite","@id":"https:\/\/www.ansia.de\/#website","url":"https:\/\/www.ansia.de\/","name":"Ansia","description":"","potentialAction":[{"@type":"SearchAction","target":{"@type":"EntryPoint","urlTemplate":"https:\/\/www.ansia.de\/?s={search_term_string}"},"query-input":{"@type":"PropertyValueSpecification","valueRequired":true,"valueName":"search_term_string"}}],"inLanguage":"de"}]}},"_links":{"self":[{"href":"https:\/\/www.ansia.de\/index.php\/wp-json\/wp\/v2\/pages\/338","targetHints":{"allow":["GET"]}}],"collection":[{"href":"https:\/\/www.ansia.de\/index.php\/wp-json\/wp\/v2\/pages"}],"about":[{"href":"https:\/\/www.ansia.de\/index.php\/wp-json\/wp\/v2\/types\/page"}],"author":[{"embeddable":true,"href":"https:\/\/www.ansia.de\/index.php\/wp-json\/wp\/v2\/users\/3"}],"replies":[{"embeddable":true,"href":"https:\/\/www.ansia.de\/index.php\/wp-json\/wp\/v2\/comments?post=338"}],"version-history":[{"count":15,"href":"https:\/\/www.ansia.de\/index.php\/wp-json\/wp\/v2\/pages\/338\/revisions"}],"predecessor-version":[{"id":3186,"href":"https:\/\/www.ansia.de\/index.php\/wp-json\/wp\/v2\/pages\/338\/revisions\/3186"}],"up":[{"embeddable":true,"href":"https:\/\/www.ansia.de\/index.php\/wp-json\/wp\/v2\/pages\/332"}],"wp:attachment":[{"href":"https:\/\/www.ansia.de\/index.php\/wp-json\/wp\/v2\/media?parent=338"}],"curies":[{"name":"wp","href":"https:\/\/api.w.org\/{rel}","templated":true}]}}