{"id":332,"date":"2011-07-28T13:49:48","date_gmt":"2011-07-28T13:49:48","guid":{"rendered":"http:\/\/www.ansia.de\/?page_id=332"},"modified":"2011-09-15T13:21:34","modified_gmt":"2011-09-15T13:21:34","slug":"kranken","status":"publish","type":"page","link":"https:\/\/www.ansia.de\/index.php\/versicherungen\/kranken\/","title":{"rendered":"Kranken"},"content":{"rendered":"<p><img loading=\"lazy\" decoding=\"async\" class=\"aligncenter size-full wp-image-856\" title=\"Krankenversicherung\" src=\"https:\/\/www.ansia.de\/wp-content\/uploads\/kranken.jpg\" alt=\"\" width=\"868\" height=\"202\" srcset=\"https:\/\/www.ansia.de\/wp-content\/uploads\/kranken.jpg 868w, https:\/\/www.ansia.de\/wp-content\/uploads\/kranken-670x155.jpg 670w\" sizes=\"auto, (max-width: 868px) 100vw, 868px\" \/><\/p>\n<p><\/p>\n<p>In der privaten Krankenversicherung unterscheidet man grunds\u00e4tzlich zwischen den beiden gro\u00dfen Bereichen Vollversicherung und Krankenzusatzversicherung.<\/p>\n<p><\/p>\n<p>F\u00fcr die \u00fcberwiegende Zahl der Versicherten aus dem Bereich Arbeiter und Angestellte, deren Einkommen unterhalb der sogenannten Versicherungspflichtgrenze liegt, ist die gesetzliche Krankenversicherung eine Pflichtversicherung. Ein Wechsel in die private Krankenversicherung ist f\u00fcr diesen Personenkreis nicht m\u00f6glich. Hier bleibt dann nur die Erg\u00e4nzung des Krankenversicherungsschutzes durch eine Zusatzversicherung.<\/p>\n","protected":false},"excerpt":{"rendered":"<p>In der privaten Krankenversicherung unterscheidet man grunds\u00e4tzlich zwischen den beiden gro\u00dfen Bereichen Vollversicherung und Krankenzusatzversicherung. F\u00fcr die \u00fcberwiegende Zahl der Versicherten aus dem Bereich Arbeiter und Angestellte, deren Einkommen unterhalb der sogenannten Versicherungspflichtgrenze liegt, ist die gesetzliche Krankenversicherung eine Pflichtversicherung. &hellip; <a href=\"https:\/\/www.ansia.de\/index.php\/versicherungen\/kranken\/\">Weiterlesen <span class=\"meta-nav\">&rarr;<\/span><\/a><\/p>\n","protected":false},"author":3,"featured_media":0,"parent":6,"menu_order":7,"comment_status":"closed","ping_status":"closed","template":"page_listsubpages.php","meta":{"footnotes":""},"class_list":["post-332","page","type-page","status-publish","hentry"],"yoast_head":"<!-- This site is optimized with the Yoast SEO plugin v26.4 - https:\/\/yoast.com\/wordpress\/plugins\/seo\/ -->\n<title>Kranken - Ansia<\/title>\n<meta name=\"robots\" content=\"index, follow, max-snippet:-1, max-image-preview:large, max-video-preview:-1\" \/>\n<link rel=\"canonical\" href=\"https:\/\/www.ansia.de\/index.php\/versicherungen\/kranken\/\" \/>\n<meta property=\"og:locale\" content=\"de_DE\" \/>\n<meta property=\"og:type\" content=\"article\" \/>\n<meta property=\"og:title\" content=\"Kranken - Ansia\" \/>\n<meta property=\"og:description\" content=\"In der privaten Krankenversicherung unterscheidet man grunds\u00e4tzlich zwischen den beiden gro\u00dfen Bereichen Vollversicherung und Krankenzusatzversicherung. F\u00fcr die \u00fcberwiegende Zahl der Versicherten aus dem Bereich Arbeiter und Angestellte, deren Einkommen unterhalb der sogenannten Versicherungspflichtgrenze liegt, ist die gesetzliche Krankenversicherung eine Pflichtversicherung. &hellip; Weiterlesen &rarr;\" \/>\n<meta property=\"og:url\" content=\"https:\/\/www.ansia.de\/index.php\/versicherungen\/kranken\/\" \/>\n<meta property=\"og:site_name\" content=\"Ansia\" \/>\n<meta property=\"article:modified_time\" content=\"2011-09-15T13:21:34+00:00\" \/>\n<meta property=\"og:image\" content=\"https:\/\/www.ansia.de\/wp-content\/uploads\/kranken.jpg\" \/>\n<meta name=\"twitter:card\" content=\"summary_large_image\" \/>\n<script type=\"application\/ld+json\" class=\"yoast-schema-graph\">{\"@context\":\"https:\/\/schema.org\",\"@graph\":[{\"@type\":\"WebPage\",\"@id\":\"https:\/\/www.ansia.de\/index.php\/versicherungen\/kranken\/\",\"url\":\"https:\/\/www.ansia.de\/index.php\/versicherungen\/kranken\/\",\"name\":\"Kranken - Ansia\",\"isPartOf\":{\"@id\":\"https:\/\/www.ansia.de\/#website\"},\"primaryImageOfPage\":{\"@id\":\"https:\/\/www.ansia.de\/index.php\/versicherungen\/kranken\/#primaryimage\"},\"image\":{\"@id\":\"https:\/\/www.ansia.de\/index.php\/versicherungen\/kranken\/#primaryimage\"},\"thumbnailUrl\":\"https:\/\/www.ansia.de\/wp-content\/uploads\/kranken.jpg\",\"datePublished\":\"2011-07-28T13:49:48+00:00\",\"dateModified\":\"2011-09-15T13:21:34+00:00\",\"breadcrumb\":{\"@id\":\"https:\/\/www.ansia.de\/index.php\/versicherungen\/kranken\/#breadcrumb\"},\"inLanguage\":\"de\",\"potentialAction\":[{\"@type\":\"ReadAction\",\"target\":[\"https:\/\/www.ansia.de\/index.php\/versicherungen\/kranken\/\"]}]},{\"@type\":\"ImageObject\",\"inLanguage\":\"de\",\"@id\":\"https:\/\/www.ansia.de\/index.php\/versicherungen\/kranken\/#primaryimage\",\"url\":\"https:\/\/www.ansia.de\/wp-content\/uploads\/kranken.jpg\",\"contentUrl\":\"https:\/\/www.ansia.de\/wp-content\/uploads\/kranken.jpg\",\"width\":\"868\",\"height\":\"202\"},{\"@type\":\"BreadcrumbList\",\"@id\":\"https:\/\/www.ansia.de\/index.php\/versicherungen\/kranken\/#breadcrumb\",\"itemListElement\":[{\"@type\":\"ListItem\",\"position\":1,\"name\":\"Startseite\",\"item\":\"https:\/\/www.ansia.de\/\"},{\"@type\":\"ListItem\",\"position\":2,\"name\":\"Versicherungen\",\"item\":\"https:\/\/www.ansia.de\/index.php\/versicherungen\/\"},{\"@type\":\"ListItem\",\"position\":3,\"name\":\"Kranken\"}]},{\"@type\":\"WebSite\",\"@id\":\"https:\/\/www.ansia.de\/#website\",\"url\":\"https:\/\/www.ansia.de\/\",\"name\":\"Ansia\",\"description\":\"\",\"potentialAction\":[{\"@type\":\"SearchAction\",\"target\":{\"@type\":\"EntryPoint\",\"urlTemplate\":\"https:\/\/www.ansia.de\/?s={search_term_string}\"},\"query-input\":{\"@type\":\"PropertyValueSpecification\",\"valueRequired\":true,\"valueName\":\"search_term_string\"}}],\"inLanguage\":\"de\"}]}<\/script>\n<!-- \/ Yoast SEO plugin. -->","yoast_head_json":{"title":"Kranken - Ansia","robots":{"index":"index","follow":"follow","max-snippet":"max-snippet:-1","max-image-preview":"max-image-preview:large","max-video-preview":"max-video-preview:-1"},"canonical":"https:\/\/www.ansia.de\/index.php\/versicherungen\/kranken\/","og_locale":"de_DE","og_type":"article","og_title":"Kranken - Ansia","og_description":"In der privaten Krankenversicherung unterscheidet man grunds\u00e4tzlich zwischen den beiden gro\u00dfen Bereichen Vollversicherung und Krankenzusatzversicherung. F\u00fcr die \u00fcberwiegende Zahl der Versicherten aus dem Bereich Arbeiter und Angestellte, deren Einkommen unterhalb der sogenannten Versicherungspflichtgrenze liegt, ist die gesetzliche Krankenversicherung eine Pflichtversicherung. &hellip; Weiterlesen &rarr;","og_url":"https:\/\/www.ansia.de\/index.php\/versicherungen\/kranken\/","og_site_name":"Ansia","article_modified_time":"2011-09-15T13:21:34+00:00","og_image":[{"url":"https:\/\/www.ansia.de\/wp-content\/uploads\/kranken.jpg","type":"","width":"","height":""}],"twitter_card":"summary_large_image","schema":{"@context":"https:\/\/schema.org","@graph":[{"@type":"WebPage","@id":"https:\/\/www.ansia.de\/index.php\/versicherungen\/kranken\/","url":"https:\/\/www.ansia.de\/index.php\/versicherungen\/kranken\/","name":"Kranken - Ansia","isPartOf":{"@id":"https:\/\/www.ansia.de\/#website"},"primaryImageOfPage":{"@id":"https:\/\/www.ansia.de\/index.php\/versicherungen\/kranken\/#primaryimage"},"image":{"@id":"https:\/\/www.ansia.de\/index.php\/versicherungen\/kranken\/#primaryimage"},"thumbnailUrl":"https:\/\/www.ansia.de\/wp-content\/uploads\/kranken.jpg","datePublished":"2011-07-28T13:49:48+00:00","dateModified":"2011-09-15T13:21:34+00:00","breadcrumb":{"@id":"https:\/\/www.ansia.de\/index.php\/versicherungen\/kranken\/#breadcrumb"},"inLanguage":"de","potentialAction":[{"@type":"ReadAction","target":["https:\/\/www.ansia.de\/index.php\/versicherungen\/kranken\/"]}]},{"@type":"ImageObject","inLanguage":"de","@id":"https:\/\/www.ansia.de\/index.php\/versicherungen\/kranken\/#primaryimage","url":"https:\/\/www.ansia.de\/wp-content\/uploads\/kranken.jpg","contentUrl":"https:\/\/www.ansia.de\/wp-content\/uploads\/kranken.jpg","width":"868","height":"202"},{"@type":"BreadcrumbList","@id":"https:\/\/www.ansia.de\/index.php\/versicherungen\/kranken\/#breadcrumb","itemListElement":[{"@type":"ListItem","position":1,"name":"Startseite","item":"https:\/\/www.ansia.de\/"},{"@type":"ListItem","position":2,"name":"Versicherungen","item":"https:\/\/www.ansia.de\/index.php\/versicherungen\/"},{"@type":"ListItem","position":3,"name":"Kranken"}]},{"@type":"WebSite","@id":"https:\/\/www.ansia.de\/#website","url":"https:\/\/www.ansia.de\/","name":"Ansia","description":"","potentialAction":[{"@type":"SearchAction","target":{"@type":"EntryPoint","urlTemplate":"https:\/\/www.ansia.de\/?s={search_term_string}"},"query-input":{"@type":"PropertyValueSpecification","valueRequired":true,"valueName":"search_term_string"}}],"inLanguage":"de"}]}},"_links":{"self":[{"href":"https:\/\/www.ansia.de\/index.php\/wp-json\/wp\/v2\/pages\/332","targetHints":{"allow":["GET"]}}],"collection":[{"href":"https:\/\/www.ansia.de\/index.php\/wp-json\/wp\/v2\/pages"}],"about":[{"href":"https:\/\/www.ansia.de\/index.php\/wp-json\/wp\/v2\/types\/page"}],"author":[{"embeddable":true,"href":"https:\/\/www.ansia.de\/index.php\/wp-json\/wp\/v2\/users\/3"}],"replies":[{"embeddable":true,"href":"https:\/\/www.ansia.de\/index.php\/wp-json\/wp\/v2\/comments?post=332"}],"version-history":[{"count":13,"href":"https:\/\/www.ansia.de\/index.php\/wp-json\/wp\/v2\/pages\/332\/revisions"}],"predecessor-version":[{"id":1074,"href":"https:\/\/www.ansia.de\/index.php\/wp-json\/wp\/v2\/pages\/332\/revisions\/1074"}],"up":[{"embeddable":true,"href":"https:\/\/www.ansia.de\/index.php\/wp-json\/wp\/v2\/pages\/6"}],"wp:attachment":[{"href":"https:\/\/www.ansia.de\/index.php\/wp-json\/wp\/v2\/media?parent=332"}],"curies":[{"name":"wp","href":"https:\/\/api.w.org\/{rel}","templated":true}]}}