{"id":319,"date":"2011-07-28T13:24:00","date_gmt":"2011-07-28T13:24:00","guid":{"rendered":"http:\/\/www.ansia.de\/?page_id=319"},"modified":"2011-09-15T13:23:19","modified_gmt":"2011-09-15T13:23:19","slug":"rechtsschutz","status":"publish","type":"page","link":"https:\/\/www.ansia.de\/index.php\/versicherungen\/rechtsschutz\/","title":{"rendered":"Rechtsschutz"},"content":{"rendered":"<p><img loading=\"lazy\" decoding=\"async\" class=\"alignleft size-full wp-image-709\" title=\"Rechtsschutz\" src=\"https:\/\/www.ansia.de\/wp-content\/uploads\/Rechtsschutz1.jpg\" alt=\"\" width=\"894\" height=\"234\" srcset=\"https:\/\/www.ansia.de\/wp-content\/uploads\/Rechtsschutz1.jpg 894w, https:\/\/www.ansia.de\/wp-content\/uploads\/Rechtsschutz1-670x175.jpg 670w\" sizes=\"auto, (max-width: 894px) 100vw, 894px\" \/>&#8222;Es kann der Fr\u00f6mmste nicht in Frieden leben, wenn es dem Nachbarn nicht gef\u00e4llt.&#8220;<\/p>\n<p><\/p>\n<p>\u00c4rger, Frust und Streit geh\u00f6ren zum Alltagsleben. Die Gerichte in Deutschland werden so oft in Anspruch genommen, dass einzelne Prozesse monatelange Wartezeiten haben.\u00a0\u00a0 Wenn\u00a0Sie nicht nur Recht haben, sondern Ihr Recht auch bekommen wollen, sollten Sie daf\u00fcr sorgen, dass Sie nicht aus finanziellen Gr\u00fcnden klein beigeben m\u00fcssen. Oft\u00a0bekommt der Recht, der den besseren Rechtsbeistand hat.<\/p>\n<p><\/p>\n<p>Eine Rechtsschutzversicherung gibt es f\u00fcr Unternehmen und Privatleute. Sie deckt Anwaltskosten, Gerichtskosten und Sachverst\u00e4ndigenkosten ab. Hier einige Beispiele der Leistungarten:<\/p>\n<p><\/p>\n<ul><\/p>\n<li>Verkehrsrechtsschutz<\/li>\n<p><\/p>\n<li>Arbeitsrechtsschutz<\/li>\n<p><\/p>\n<li>Sozialgerichtsrechtsschutz<\/li>\n<p><\/p>\n<li>Mietrechtsschutz<\/li>\n<p><\/p>\n<li>Vermieterrechtsschutz<\/li>\n<p><\/p>\n<li>Schadenersatzrechtsschutz<\/li>\n<p><\/p>\n<li>Strafrechtsschutz<\/li>\n<p><\/p>\n<li>Beratungsrechtsschutz<\/li>\n<p><\/p>\n<li>&#8230;&#8230;&#8230;&#8230;&#8230;&#8230;&#8230;.<\/li>\n<p><\/p>\n<li>&#8230;&#8230;&#8230;&#8230;&#8230;&#8230;&#8230;.<\/li>\n<p><\/ul>\n<p><\/p>\n<p>Einige Versicherer bieten in ihren Vertr\u00e4gen zus\u00e4tzliche Einschl\u00fcsse wie telefonische Rechtsberatung oder Inkassounterst\u00fctzung an. Es gibt Vertr\u00e4ge mit und ohne Selbstbeteiligung. Seit einigen Monaten werden wieder Berufs,-Vertragsrechtsschutzvertr\u00e4ge f\u00fcr bestimmte Berufsgruppen angeboten. Welche Berufsgruppen diesen speziellen Versicherungsschutz wieder abschlie\u00dfen k\u00f6nnen, erfahren Sie von unseren Maklern.<\/p>\n<p><\/p>\n<p>&nbsp;<\/p>\n<p><\/p>\n<p>&nbsp;<\/p>\n<p><\/p>\n<p>&nbsp;<\/p>\n<p><\/p>\n<p>&nbsp;<\/p>\n","protected":false},"excerpt":{"rendered":"<p>&#8222;Es kann der Fr\u00f6mmste nicht in Frieden leben, wenn es dem Nachbarn nicht gef\u00e4llt.&#8220; \u00c4rger, Frust und Streit geh\u00f6ren zum Alltagsleben. Die Gerichte in Deutschland werden so oft in Anspruch genommen, dass einzelne Prozesse monatelange Wartezeiten haben.\u00a0\u00a0 Wenn\u00a0Sie nicht nur &hellip; <a href=\"https:\/\/www.ansia.de\/index.php\/versicherungen\/rechtsschutz\/\">Weiterlesen <span class=\"meta-nav\">&rarr;<\/span><\/a><\/p>\n","protected":false},"author":3,"featured_media":0,"parent":6,"menu_order":8,"comment_status":"closed","ping_status":"closed","template":"","meta":{"footnotes":""},"class_list":["post-319","page","type-page","status-publish","hentry"],"yoast_head":"<!-- This site is optimized with the Yoast SEO plugin v26.4 - https:\/\/yoast.com\/wordpress\/plugins\/seo\/ -->\n<title>Rechtsschutz - Ansia<\/title>\n<meta name=\"robots\" content=\"index, follow, max-snippet:-1, max-image-preview:large, max-video-preview:-1\" \/>\n<link rel=\"canonical\" href=\"https:\/\/www.ansia.de\/index.php\/versicherungen\/rechtsschutz\/\" \/>\n<meta property=\"og:locale\" content=\"de_DE\" \/>\n<meta property=\"og:type\" content=\"article\" \/>\n<meta property=\"og:title\" content=\"Rechtsschutz - Ansia\" \/>\n<meta property=\"og:description\" content=\"&#8222;Es kann der Fr\u00f6mmste nicht in Frieden leben, wenn es dem Nachbarn nicht gef\u00e4llt.&#8220; \u00c4rger, Frust und Streit geh\u00f6ren zum Alltagsleben. Die Gerichte in Deutschland werden so oft in Anspruch genommen, dass einzelne Prozesse monatelange Wartezeiten haben.\u00a0\u00a0 Wenn\u00a0Sie nicht nur &hellip; Weiterlesen &rarr;\" \/>\n<meta property=\"og:url\" content=\"https:\/\/www.ansia.de\/index.php\/versicherungen\/rechtsschutz\/\" \/>\n<meta property=\"og:site_name\" content=\"Ansia\" \/>\n<meta property=\"article:modified_time\" content=\"2011-09-15T13:23:19+00:00\" \/>\n<meta property=\"og:image\" content=\"https:\/\/www.ansia.de\/wp-content\/uploads\/Rechtsschutz1.jpg\" \/>\n<meta name=\"twitter:card\" content=\"summary_large_image\" \/>\n<script type=\"application\/ld+json\" class=\"yoast-schema-graph\">{\"@context\":\"https:\/\/schema.org\",\"@graph\":[{\"@type\":\"WebPage\",\"@id\":\"https:\/\/www.ansia.de\/index.php\/versicherungen\/rechtsschutz\/\",\"url\":\"https:\/\/www.ansia.de\/index.php\/versicherungen\/rechtsschutz\/\",\"name\":\"Rechtsschutz - Ansia\",\"isPartOf\":{\"@id\":\"https:\/\/www.ansia.de\/#website\"},\"primaryImageOfPage\":{\"@id\":\"https:\/\/www.ansia.de\/index.php\/versicherungen\/rechtsschutz\/#primaryimage\"},\"image\":{\"@id\":\"https:\/\/www.ansia.de\/index.php\/versicherungen\/rechtsschutz\/#primaryimage\"},\"thumbnailUrl\":\"https:\/\/www.ansia.de\/wp-content\/uploads\/Rechtsschutz1.jpg\",\"datePublished\":\"2011-07-28T13:24:00+00:00\",\"dateModified\":\"2011-09-15T13:23:19+00:00\",\"breadcrumb\":{\"@id\":\"https:\/\/www.ansia.de\/index.php\/versicherungen\/rechtsschutz\/#breadcrumb\"},\"inLanguage\":\"de\",\"potentialAction\":[{\"@type\":\"ReadAction\",\"target\":[\"https:\/\/www.ansia.de\/index.php\/versicherungen\/rechtsschutz\/\"]}]},{\"@type\":\"ImageObject\",\"inLanguage\":\"de\",\"@id\":\"https:\/\/www.ansia.de\/index.php\/versicherungen\/rechtsschutz\/#primaryimage\",\"url\":\"https:\/\/www.ansia.de\/wp-content\/uploads\/Rechtsschutz1.jpg\",\"contentUrl\":\"https:\/\/www.ansia.de\/wp-content\/uploads\/Rechtsschutz1.jpg\",\"width\":\"894\",\"height\":\"234\"},{\"@type\":\"BreadcrumbList\",\"@id\":\"https:\/\/www.ansia.de\/index.php\/versicherungen\/rechtsschutz\/#breadcrumb\",\"itemListElement\":[{\"@type\":\"ListItem\",\"position\":1,\"name\":\"Startseite\",\"item\":\"https:\/\/www.ansia.de\/\"},{\"@type\":\"ListItem\",\"position\":2,\"name\":\"Versicherungen\",\"item\":\"https:\/\/www.ansia.de\/index.php\/versicherungen\/\"},{\"@type\":\"ListItem\",\"position\":3,\"name\":\"Rechtsschutz\"}]},{\"@type\":\"WebSite\",\"@id\":\"https:\/\/www.ansia.de\/#website\",\"url\":\"https:\/\/www.ansia.de\/\",\"name\":\"Ansia\",\"description\":\"\",\"potentialAction\":[{\"@type\":\"SearchAction\",\"target\":{\"@type\":\"EntryPoint\",\"urlTemplate\":\"https:\/\/www.ansia.de\/?s={search_term_string}\"},\"query-input\":{\"@type\":\"PropertyValueSpecification\",\"valueRequired\":true,\"valueName\":\"search_term_string\"}}],\"inLanguage\":\"de\"}]}<\/script>\n<!-- \/ Yoast SEO plugin. -->","yoast_head_json":{"title":"Rechtsschutz - Ansia","robots":{"index":"index","follow":"follow","max-snippet":"max-snippet:-1","max-image-preview":"max-image-preview:large","max-video-preview":"max-video-preview:-1"},"canonical":"https:\/\/www.ansia.de\/index.php\/versicherungen\/rechtsschutz\/","og_locale":"de_DE","og_type":"article","og_title":"Rechtsschutz - Ansia","og_description":"&#8222;Es kann der Fr\u00f6mmste nicht in Frieden leben, wenn es dem Nachbarn nicht gef\u00e4llt.&#8220; \u00c4rger, Frust und Streit geh\u00f6ren zum Alltagsleben. Die Gerichte in Deutschland werden so oft in Anspruch genommen, dass einzelne Prozesse monatelange Wartezeiten haben.\u00a0\u00a0 Wenn\u00a0Sie nicht nur &hellip; Weiterlesen &rarr;","og_url":"https:\/\/www.ansia.de\/index.php\/versicherungen\/rechtsschutz\/","og_site_name":"Ansia","article_modified_time":"2011-09-15T13:23:19+00:00","og_image":[{"url":"https:\/\/www.ansia.de\/wp-content\/uploads\/Rechtsschutz1.jpg","type":"","width":"","height":""}],"twitter_card":"summary_large_image","schema":{"@context":"https:\/\/schema.org","@graph":[{"@type":"WebPage","@id":"https:\/\/www.ansia.de\/index.php\/versicherungen\/rechtsschutz\/","url":"https:\/\/www.ansia.de\/index.php\/versicherungen\/rechtsschutz\/","name":"Rechtsschutz - Ansia","isPartOf":{"@id":"https:\/\/www.ansia.de\/#website"},"primaryImageOfPage":{"@id":"https:\/\/www.ansia.de\/index.php\/versicherungen\/rechtsschutz\/#primaryimage"},"image":{"@id":"https:\/\/www.ansia.de\/index.php\/versicherungen\/rechtsschutz\/#primaryimage"},"thumbnailUrl":"https:\/\/www.ansia.de\/wp-content\/uploads\/Rechtsschutz1.jpg","datePublished":"2011-07-28T13:24:00+00:00","dateModified":"2011-09-15T13:23:19+00:00","breadcrumb":{"@id":"https:\/\/www.ansia.de\/index.php\/versicherungen\/rechtsschutz\/#breadcrumb"},"inLanguage":"de","potentialAction":[{"@type":"ReadAction","target":["https:\/\/www.ansia.de\/index.php\/versicherungen\/rechtsschutz\/"]}]},{"@type":"ImageObject","inLanguage":"de","@id":"https:\/\/www.ansia.de\/index.php\/versicherungen\/rechtsschutz\/#primaryimage","url":"https:\/\/www.ansia.de\/wp-content\/uploads\/Rechtsschutz1.jpg","contentUrl":"https:\/\/www.ansia.de\/wp-content\/uploads\/Rechtsschutz1.jpg","width":"894","height":"234"},{"@type":"BreadcrumbList","@id":"https:\/\/www.ansia.de\/index.php\/versicherungen\/rechtsschutz\/#breadcrumb","itemListElement":[{"@type":"ListItem","position":1,"name":"Startseite","item":"https:\/\/www.ansia.de\/"},{"@type":"ListItem","position":2,"name":"Versicherungen","item":"https:\/\/www.ansia.de\/index.php\/versicherungen\/"},{"@type":"ListItem","position":3,"name":"Rechtsschutz"}]},{"@type":"WebSite","@id":"https:\/\/www.ansia.de\/#website","url":"https:\/\/www.ansia.de\/","name":"Ansia","description":"","potentialAction":[{"@type":"SearchAction","target":{"@type":"EntryPoint","urlTemplate":"https:\/\/www.ansia.de\/?s={search_term_string}"},"query-input":{"@type":"PropertyValueSpecification","valueRequired":true,"valueName":"search_term_string"}}],"inLanguage":"de"}]}},"_links":{"self":[{"href":"https:\/\/www.ansia.de\/index.php\/wp-json\/wp\/v2\/pages\/319","targetHints":{"allow":["GET"]}}],"collection":[{"href":"https:\/\/www.ansia.de\/index.php\/wp-json\/wp\/v2\/pages"}],"about":[{"href":"https:\/\/www.ansia.de\/index.php\/wp-json\/wp\/v2\/types\/page"}],"author":[{"embeddable":true,"href":"https:\/\/www.ansia.de\/index.php\/wp-json\/wp\/v2\/users\/3"}],"replies":[{"embeddable":true,"href":"https:\/\/www.ansia.de\/index.php\/wp-json\/wp\/v2\/comments?post=319"}],"version-history":[{"count":14,"href":"https:\/\/www.ansia.de\/index.php\/wp-json\/wp\/v2\/pages\/319\/revisions"}],"predecessor-version":[{"id":1077,"href":"https:\/\/www.ansia.de\/index.php\/wp-json\/wp\/v2\/pages\/319\/revisions\/1077"}],"up":[{"embeddable":true,"href":"https:\/\/www.ansia.de\/index.php\/wp-json\/wp\/v2\/pages\/6"}],"wp:attachment":[{"href":"https:\/\/www.ansia.de\/index.php\/wp-json\/wp\/v2\/media?parent=319"}],"curies":[{"name":"wp","href":"https:\/\/api.w.org\/{rel}","templated":true}]}}