{"id":316,"date":"2011-07-28T13:22:36","date_gmt":"2011-07-28T13:22:36","guid":{"rendered":"http:\/\/www.ansia.de\/?page_id=316"},"modified":"2016-03-09T12:05:38","modified_gmt":"2016-03-09T12:05:38","slug":"altersversorgung","status":"publish","type":"page","link":"https:\/\/www.ansia.de\/index.php\/versicherungen\/altersversorgung\/","title":{"rendered":"Altersversorgung"},"content":{"rendered":"<p><img loading=\"lazy\" decoding=\"async\" class=\"alignleft size-full wp-image-755\" title=\"Altersvorsorge\" src=\"https:\/\/www.ansia.de\/wp-content\/uploads\/Altersvorsorge-12.jpg\" alt=\"\" width=\"839\" height=\"166\" srcset=\"https:\/\/www.ansia.de\/wp-content\/uploads\/Altersvorsorge-12.jpg 839w, https:\/\/www.ansia.de\/wp-content\/uploads\/Altersvorsorge-12-670x132.jpg 670w\" sizes=\"auto, (max-width: 839px) 100vw, 839px\" \/><\/p>\n<p>Erst kommt die Arbeit, dann das Vergn\u00fcgen! Die Sonne scheint einem entspannten Rentner besonders hell. Das sind Lebensweisheiten von denen man sich w\u00fcnscht, dass sie auch irgendwann f\u00fcr den eigenen Lebensabend zutreffen. Aber neben bester Gesundheit ist die finanzielle Ausstattung die wichtigste Grundlage, um das Rentnerdasein entspannt, vergn\u00fcgt und besonders sonnig genie\u00dfen zu k\u00f6nnen.\u00a0Die\u00a0Rente ist sicher &#8211; gen\u00fcgt da schon lange nicht mehr. Aber was ist die beste Vorsorge\u00a0f\u00fcrs Alter?<\/p>\n<ul>\t<\/p>\n<li>Riester?<\/li>\n<p>\t<\/p>\n<li>R\u00fcrup?<\/li>\n<p>\t<\/p>\n<li>Vorsorge ohne staatliche Unterst\u00fctzung?<\/li>\n<p>\t<\/p>\n<li>Normaler Rentenvertrag?<\/li>\n<p>\t<\/p>\n<li>Fondspolice?<\/li>\n<p>\t<\/p>\n<li>Indexpolice?<\/li>\n<p>\t<\/p>\n<li>Betriebliche Altersversorgung?<\/li>\n<p>\t<\/p>\n<li>Sachwertpolice?<\/li>\n<p>\t<\/p>\n<li>Fremdw\u00e4hrungspolice?<\/li>\n<p><\/ul>\n<p>Unsere Makler beraten Sie gerne.<\/p>\n<p>&nbsp;<\/p>\n<p>&nbsp;<\/p>\n","protected":false},"excerpt":{"rendered":"<p>Erst kommt die Arbeit, dann das Vergn\u00fcgen! Die Sonne scheint einem entspannten Rentner besonders hell. Das sind Lebensweisheiten von denen man sich w\u00fcnscht, dass sie auch irgendwann f\u00fcr den eigenen Lebensabend zutreffen. Aber neben bester Gesundheit ist die finanzielle Ausstattung &hellip; <a href=\"https:\/\/www.ansia.de\/index.php\/versicherungen\/altersversorgung\/\">Weiterlesen <span class=\"meta-nav\">&rarr;<\/span><\/a><\/p>\n","protected":false},"author":3,"featured_media":0,"parent":6,"menu_order":1,"comment_status":"closed","ping_status":"closed","template":"","meta":{"footnotes":""},"class_list":["post-316","page","type-page","status-publish","hentry"],"yoast_head":"<!-- This site is optimized with the Yoast SEO plugin v26.4 - https:\/\/yoast.com\/wordpress\/plugins\/seo\/ -->\n<title>Altersversorgung - Ansia<\/title>\n<meta name=\"robots\" content=\"index, follow, max-snippet:-1, max-image-preview:large, max-video-preview:-1\" \/>\n<link rel=\"canonical\" href=\"https:\/\/www.ansia.de\/index.php\/versicherungen\/altersversorgung\/\" \/>\n<meta property=\"og:locale\" content=\"de_DE\" \/>\n<meta property=\"og:type\" content=\"article\" \/>\n<meta property=\"og:title\" content=\"Altersversorgung - Ansia\" \/>\n<meta property=\"og:description\" content=\"Erst kommt die Arbeit, dann das Vergn\u00fcgen! Die Sonne scheint einem entspannten Rentner besonders hell. Das sind Lebensweisheiten von denen man sich w\u00fcnscht, dass sie auch irgendwann f\u00fcr den eigenen Lebensabend zutreffen. Aber neben bester Gesundheit ist die finanzielle Ausstattung &hellip; Weiterlesen &rarr;\" \/>\n<meta property=\"og:url\" content=\"https:\/\/www.ansia.de\/index.php\/versicherungen\/altersversorgung\/\" \/>\n<meta property=\"og:site_name\" content=\"Ansia\" \/>\n<meta property=\"article:modified_time\" content=\"2016-03-09T12:05:38+00:00\" \/>\n<meta property=\"og:image\" content=\"https:\/\/www.ansia.de\/wp-content\/uploads\/Altersvorsorge-12.jpg\" \/>\n<meta name=\"twitter:card\" content=\"summary_large_image\" \/>\n<script type=\"application\/ld+json\" class=\"yoast-schema-graph\">{\"@context\":\"https:\/\/schema.org\",\"@graph\":[{\"@type\":\"WebPage\",\"@id\":\"https:\/\/www.ansia.de\/index.php\/versicherungen\/altersversorgung\/\",\"url\":\"https:\/\/www.ansia.de\/index.php\/versicherungen\/altersversorgung\/\",\"name\":\"Altersversorgung - Ansia\",\"isPartOf\":{\"@id\":\"https:\/\/www.ansia.de\/#website\"},\"primaryImageOfPage\":{\"@id\":\"https:\/\/www.ansia.de\/index.php\/versicherungen\/altersversorgung\/#primaryimage\"},\"image\":{\"@id\":\"https:\/\/www.ansia.de\/index.php\/versicherungen\/altersversorgung\/#primaryimage\"},\"thumbnailUrl\":\"https:\/\/www.ansia.de\/wp-content\/uploads\/Altersvorsorge-12.jpg\",\"datePublished\":\"2011-07-28T13:22:36+00:00\",\"dateModified\":\"2016-03-09T12:05:38+00:00\",\"breadcrumb\":{\"@id\":\"https:\/\/www.ansia.de\/index.php\/versicherungen\/altersversorgung\/#breadcrumb\"},\"inLanguage\":\"de\",\"potentialAction\":[{\"@type\":\"ReadAction\",\"target\":[\"https:\/\/www.ansia.de\/index.php\/versicherungen\/altersversorgung\/\"]}]},{\"@type\":\"ImageObject\",\"inLanguage\":\"de\",\"@id\":\"https:\/\/www.ansia.de\/index.php\/versicherungen\/altersversorgung\/#primaryimage\",\"url\":\"https:\/\/www.ansia.de\/wp-content\/uploads\/Altersvorsorge-12.jpg\",\"contentUrl\":\"https:\/\/www.ansia.de\/wp-content\/uploads\/Altersvorsorge-12.jpg\",\"width\":\"839\",\"height\":\"166\"},{\"@type\":\"BreadcrumbList\",\"@id\":\"https:\/\/www.ansia.de\/index.php\/versicherungen\/altersversorgung\/#breadcrumb\",\"itemListElement\":[{\"@type\":\"ListItem\",\"position\":1,\"name\":\"Startseite\",\"item\":\"https:\/\/www.ansia.de\/\"},{\"@type\":\"ListItem\",\"position\":2,\"name\":\"Versicherungen\",\"item\":\"https:\/\/www.ansia.de\/index.php\/versicherungen\/\"},{\"@type\":\"ListItem\",\"position\":3,\"name\":\"Altersversorgung\"}]},{\"@type\":\"WebSite\",\"@id\":\"https:\/\/www.ansia.de\/#website\",\"url\":\"https:\/\/www.ansia.de\/\",\"name\":\"Ansia\",\"description\":\"\",\"potentialAction\":[{\"@type\":\"SearchAction\",\"target\":{\"@type\":\"EntryPoint\",\"urlTemplate\":\"https:\/\/www.ansia.de\/?s={search_term_string}\"},\"query-input\":{\"@type\":\"PropertyValueSpecification\",\"valueRequired\":true,\"valueName\":\"search_term_string\"}}],\"inLanguage\":\"de\"}]}<\/script>\n<!-- \/ Yoast SEO plugin. -->","yoast_head_json":{"title":"Altersversorgung - Ansia","robots":{"index":"index","follow":"follow","max-snippet":"max-snippet:-1","max-image-preview":"max-image-preview:large","max-video-preview":"max-video-preview:-1"},"canonical":"https:\/\/www.ansia.de\/index.php\/versicherungen\/altersversorgung\/","og_locale":"de_DE","og_type":"article","og_title":"Altersversorgung - Ansia","og_description":"Erst kommt die Arbeit, dann das Vergn\u00fcgen! Die Sonne scheint einem entspannten Rentner besonders hell. Das sind Lebensweisheiten von denen man sich w\u00fcnscht, dass sie auch irgendwann f\u00fcr den eigenen Lebensabend zutreffen. Aber neben bester Gesundheit ist die finanzielle Ausstattung &hellip; Weiterlesen &rarr;","og_url":"https:\/\/www.ansia.de\/index.php\/versicherungen\/altersversorgung\/","og_site_name":"Ansia","article_modified_time":"2016-03-09T12:05:38+00:00","og_image":[{"url":"https:\/\/www.ansia.de\/wp-content\/uploads\/Altersvorsorge-12.jpg","type":"","width":"","height":""}],"twitter_card":"summary_large_image","schema":{"@context":"https:\/\/schema.org","@graph":[{"@type":"WebPage","@id":"https:\/\/www.ansia.de\/index.php\/versicherungen\/altersversorgung\/","url":"https:\/\/www.ansia.de\/index.php\/versicherungen\/altersversorgung\/","name":"Altersversorgung - Ansia","isPartOf":{"@id":"https:\/\/www.ansia.de\/#website"},"primaryImageOfPage":{"@id":"https:\/\/www.ansia.de\/index.php\/versicherungen\/altersversorgung\/#primaryimage"},"image":{"@id":"https:\/\/www.ansia.de\/index.php\/versicherungen\/altersversorgung\/#primaryimage"},"thumbnailUrl":"https:\/\/www.ansia.de\/wp-content\/uploads\/Altersvorsorge-12.jpg","datePublished":"2011-07-28T13:22:36+00:00","dateModified":"2016-03-09T12:05:38+00:00","breadcrumb":{"@id":"https:\/\/www.ansia.de\/index.php\/versicherungen\/altersversorgung\/#breadcrumb"},"inLanguage":"de","potentialAction":[{"@type":"ReadAction","target":["https:\/\/www.ansia.de\/index.php\/versicherungen\/altersversorgung\/"]}]},{"@type":"ImageObject","inLanguage":"de","@id":"https:\/\/www.ansia.de\/index.php\/versicherungen\/altersversorgung\/#primaryimage","url":"https:\/\/www.ansia.de\/wp-content\/uploads\/Altersvorsorge-12.jpg","contentUrl":"https:\/\/www.ansia.de\/wp-content\/uploads\/Altersvorsorge-12.jpg","width":"839","height":"166"},{"@type":"BreadcrumbList","@id":"https:\/\/www.ansia.de\/index.php\/versicherungen\/altersversorgung\/#breadcrumb","itemListElement":[{"@type":"ListItem","position":1,"name":"Startseite","item":"https:\/\/www.ansia.de\/"},{"@type":"ListItem","position":2,"name":"Versicherungen","item":"https:\/\/www.ansia.de\/index.php\/versicherungen\/"},{"@type":"ListItem","position":3,"name":"Altersversorgung"}]},{"@type":"WebSite","@id":"https:\/\/www.ansia.de\/#website","url":"https:\/\/www.ansia.de\/","name":"Ansia","description":"","potentialAction":[{"@type":"SearchAction","target":{"@type":"EntryPoint","urlTemplate":"https:\/\/www.ansia.de\/?s={search_term_string}"},"query-input":{"@type":"PropertyValueSpecification","valueRequired":true,"valueName":"search_term_string"}}],"inLanguage":"de"}]}},"_links":{"self":[{"href":"https:\/\/www.ansia.de\/index.php\/wp-json\/wp\/v2\/pages\/316","targetHints":{"allow":["GET"]}}],"collection":[{"href":"https:\/\/www.ansia.de\/index.php\/wp-json\/wp\/v2\/pages"}],"about":[{"href":"https:\/\/www.ansia.de\/index.php\/wp-json\/wp\/v2\/types\/page"}],"author":[{"embeddable":true,"href":"https:\/\/www.ansia.de\/index.php\/wp-json\/wp\/v2\/users\/3"}],"replies":[{"embeddable":true,"href":"https:\/\/www.ansia.de\/index.php\/wp-json\/wp\/v2\/comments?post=316"}],"version-history":[{"count":21,"href":"https:\/\/www.ansia.de\/index.php\/wp-json\/wp\/v2\/pages\/316\/revisions"}],"predecessor-version":[{"id":2634,"href":"https:\/\/www.ansia.de\/index.php\/wp-json\/wp\/v2\/pages\/316\/revisions\/2634"}],"up":[{"embeddable":true,"href":"https:\/\/www.ansia.de\/index.php\/wp-json\/wp\/v2\/pages\/6"}],"wp:attachment":[{"href":"https:\/\/www.ansia.de\/index.php\/wp-json\/wp\/v2\/media?parent=316"}],"curies":[{"name":"wp","href":"https:\/\/api.w.org\/{rel}","templated":true}]}}