{"id":302,"date":"2011-07-28T16:18:31","date_gmt":"2011-07-28T16:18:31","guid":{"rendered":"http:\/\/www.ansia.de\/?page_id=302"},"modified":"2011-09-12T15:06:55","modified_gmt":"2011-09-12T15:06:55","slug":"kraftfahrt-2","status":"publish","type":"page","link":"https:\/\/www.ansia.de\/index.php\/versicherungen\/kraftfahrt-2\/","title":{"rendered":"Kraftfahrt"},"content":{"rendered":"<p><img loading=\"lazy\" decoding=\"async\" title=\"Kraftfahrt\" src=\"https:\/\/www.ansia.de\/wp-content\/uploads\/a_autos.jpg\" alt=\"\" width=\"670\" height=\"150\" \/><\/p>\n<p><\/p>\n<p>Alle Jahre wieder.\u00a0 &#8211;\u00a0 Geht sie los, die Jagd auf den g\u00fcnstigsten Kraftfahrzeugversicherer. Durch die Fernsehwerbung und das Internet inspiriert, wird der Kraftfahrer Jahr f\u00fcr Jahr dazu aufgefordert von Versicherer C zum Versicherer M zu wechseln, da M in diesem Jahr besonders g\u00fcnstig ist.<\/p>\n<p><\/p>\n<p>Aber ist g\u00fcnstig auch gut?<\/p>\n<p><\/p>\n<ul><\/p>\n<li>Auf welchen Versicherungsschutz lege ich pers\u00f6nlich wert?<\/li>\n<p><\/p>\n<li>M\u00f6chte ich wirklich eine Werkstattbindung?<\/li>\n<p><\/p>\n<li>Wie ist der Versicherungsschutz bei grober Fahrl\u00e4ssigkeit?<\/li>\n<p><\/p>\n<li>Wildschadenklausel?<\/li>\n<p><\/p>\n<li>Gibt es bei einigen Versicherern evtl. besondere M\u00f6glichkeiten f\u00fcr den Schadenfreiheitsrabatt?<\/li>\n<p><\/ul>\n<p><\/p>\n<p>&nbsp;<\/p>\n<p><\/p>\n<p>Wie gut und umfangreich ich versichert bin, stellt sich leider h\u00e4ufig erst bei\u00a0 einem Schadenfall heraus.<\/p>\n<p><\/p>\n<p>Unsere Makler beraten Sie gerne.<\/p>\n<p><\/p>\n<p>&nbsp;<\/p>\n<p><\/p>\n<p>&nbsp;<\/p>\n<p><\/p>\n<p>&nbsp;<\/p>\n","protected":false},"excerpt":{"rendered":"<p>Alle Jahre wieder.\u00a0 &#8211;\u00a0 Geht sie los, die Jagd auf den g\u00fcnstigsten Kraftfahrzeugversicherer. Durch die Fernsehwerbung und das Internet inspiriert, wird der Kraftfahrer Jahr f\u00fcr Jahr dazu aufgefordert von Versicherer C zum Versicherer M zu wechseln, da M in diesem &hellip; <a href=\"https:\/\/www.ansia.de\/index.php\/versicherungen\/kraftfahrt-2\/\">Weiterlesen <span class=\"meta-nav\">&rarr;<\/span><\/a><\/p>\n","protected":false},"author":1,"featured_media":0,"parent":6,"menu_order":6,"comment_status":"closed","ping_status":"closed","template":"","meta":{"footnotes":""},"class_list":["post-302","page","type-page","status-publish","hentry"],"yoast_head":"<!-- This site is optimized with the Yoast SEO plugin v26.4 - https:\/\/yoast.com\/wordpress\/plugins\/seo\/ -->\n<title>Kraftfahrt - Ansia<\/title>\n<meta name=\"robots\" content=\"index, follow, max-snippet:-1, max-image-preview:large, max-video-preview:-1\" \/>\n<link rel=\"canonical\" href=\"https:\/\/www.ansia.de\/index.php\/versicherungen\/kraftfahrt-2\/\" \/>\n<meta property=\"og:locale\" content=\"de_DE\" \/>\n<meta property=\"og:type\" content=\"article\" \/>\n<meta property=\"og:title\" content=\"Kraftfahrt - Ansia\" \/>\n<meta property=\"og:description\" content=\"Alle Jahre wieder.\u00a0 &#8211;\u00a0 Geht sie los, die Jagd auf den g\u00fcnstigsten Kraftfahrzeugversicherer. Durch die Fernsehwerbung und das Internet inspiriert, wird der Kraftfahrer Jahr f\u00fcr Jahr dazu aufgefordert von Versicherer C zum Versicherer M zu wechseln, da M in diesem &hellip; Weiterlesen &rarr;\" \/>\n<meta property=\"og:url\" content=\"https:\/\/www.ansia.de\/index.php\/versicherungen\/kraftfahrt-2\/\" \/>\n<meta property=\"og:site_name\" content=\"Ansia\" \/>\n<meta property=\"article:modified_time\" content=\"2011-09-12T15:06:55+00:00\" \/>\n<meta property=\"og:image\" content=\"https:\/\/www.ansia.de\/wp-content\/uploads\/a_autos.jpg\" \/>\n<meta name=\"twitter:card\" content=\"summary_large_image\" \/>\n<script type=\"application\/ld+json\" class=\"yoast-schema-graph\">{\"@context\":\"https:\/\/schema.org\",\"@graph\":[{\"@type\":\"WebPage\",\"@id\":\"https:\/\/www.ansia.de\/index.php\/versicherungen\/kraftfahrt-2\/\",\"url\":\"https:\/\/www.ansia.de\/index.php\/versicherungen\/kraftfahrt-2\/\",\"name\":\"Kraftfahrt - Ansia\",\"isPartOf\":{\"@id\":\"https:\/\/www.ansia.de\/#website\"},\"primaryImageOfPage\":{\"@id\":\"https:\/\/www.ansia.de\/index.php\/versicherungen\/kraftfahrt-2\/#primaryimage\"},\"image\":{\"@id\":\"https:\/\/www.ansia.de\/index.php\/versicherungen\/kraftfahrt-2\/#primaryimage\"},\"thumbnailUrl\":\"https:\/\/www.ansia.de\/wp-content\/uploads\/a_autos.jpg\",\"datePublished\":\"2011-07-28T16:18:31+00:00\",\"dateModified\":\"2011-09-12T15:06:55+00:00\",\"breadcrumb\":{\"@id\":\"https:\/\/www.ansia.de\/index.php\/versicherungen\/kraftfahrt-2\/#breadcrumb\"},\"inLanguage\":\"de\",\"potentialAction\":[{\"@type\":\"ReadAction\",\"target\":[\"https:\/\/www.ansia.de\/index.php\/versicherungen\/kraftfahrt-2\/\"]}]},{\"@type\":\"ImageObject\",\"inLanguage\":\"de\",\"@id\":\"https:\/\/www.ansia.de\/index.php\/versicherungen\/kraftfahrt-2\/#primaryimage\",\"url\":\"https:\/\/www.ansia.de\/wp-content\/uploads\/a_autos.jpg\",\"contentUrl\":\"https:\/\/www.ansia.de\/wp-content\/uploads\/a_autos.jpg\",\"width\":\"670\",\"height\":\"150\"},{\"@type\":\"BreadcrumbList\",\"@id\":\"https:\/\/www.ansia.de\/index.php\/versicherungen\/kraftfahrt-2\/#breadcrumb\",\"itemListElement\":[{\"@type\":\"ListItem\",\"position\":1,\"name\":\"Startseite\",\"item\":\"https:\/\/www.ansia.de\/\"},{\"@type\":\"ListItem\",\"position\":2,\"name\":\"Versicherungen\",\"item\":\"https:\/\/www.ansia.de\/index.php\/versicherungen\/\"},{\"@type\":\"ListItem\",\"position\":3,\"name\":\"Kraftfahrt\"}]},{\"@type\":\"WebSite\",\"@id\":\"https:\/\/www.ansia.de\/#website\",\"url\":\"https:\/\/www.ansia.de\/\",\"name\":\"Ansia\",\"description\":\"\",\"potentialAction\":[{\"@type\":\"SearchAction\",\"target\":{\"@type\":\"EntryPoint\",\"urlTemplate\":\"https:\/\/www.ansia.de\/?s={search_term_string}\"},\"query-input\":{\"@type\":\"PropertyValueSpecification\",\"valueRequired\":true,\"valueName\":\"search_term_string\"}}],\"inLanguage\":\"de\"}]}<\/script>\n<!-- \/ Yoast SEO plugin. -->","yoast_head_json":{"title":"Kraftfahrt - Ansia","robots":{"index":"index","follow":"follow","max-snippet":"max-snippet:-1","max-image-preview":"max-image-preview:large","max-video-preview":"max-video-preview:-1"},"canonical":"https:\/\/www.ansia.de\/index.php\/versicherungen\/kraftfahrt-2\/","og_locale":"de_DE","og_type":"article","og_title":"Kraftfahrt - Ansia","og_description":"Alle Jahre wieder.\u00a0 &#8211;\u00a0 Geht sie los, die Jagd auf den g\u00fcnstigsten Kraftfahrzeugversicherer. Durch die Fernsehwerbung und das Internet inspiriert, wird der Kraftfahrer Jahr f\u00fcr Jahr dazu aufgefordert von Versicherer C zum Versicherer M zu wechseln, da M in diesem &hellip; Weiterlesen &rarr;","og_url":"https:\/\/www.ansia.de\/index.php\/versicherungen\/kraftfahrt-2\/","og_site_name":"Ansia","article_modified_time":"2011-09-12T15:06:55+00:00","og_image":[{"url":"https:\/\/www.ansia.de\/wp-content\/uploads\/a_autos.jpg","type":"","width":"","height":""}],"twitter_card":"summary_large_image","schema":{"@context":"https:\/\/schema.org","@graph":[{"@type":"WebPage","@id":"https:\/\/www.ansia.de\/index.php\/versicherungen\/kraftfahrt-2\/","url":"https:\/\/www.ansia.de\/index.php\/versicherungen\/kraftfahrt-2\/","name":"Kraftfahrt - Ansia","isPartOf":{"@id":"https:\/\/www.ansia.de\/#website"},"primaryImageOfPage":{"@id":"https:\/\/www.ansia.de\/index.php\/versicherungen\/kraftfahrt-2\/#primaryimage"},"image":{"@id":"https:\/\/www.ansia.de\/index.php\/versicherungen\/kraftfahrt-2\/#primaryimage"},"thumbnailUrl":"https:\/\/www.ansia.de\/wp-content\/uploads\/a_autos.jpg","datePublished":"2011-07-28T16:18:31+00:00","dateModified":"2011-09-12T15:06:55+00:00","breadcrumb":{"@id":"https:\/\/www.ansia.de\/index.php\/versicherungen\/kraftfahrt-2\/#breadcrumb"},"inLanguage":"de","potentialAction":[{"@type":"ReadAction","target":["https:\/\/www.ansia.de\/index.php\/versicherungen\/kraftfahrt-2\/"]}]},{"@type":"ImageObject","inLanguage":"de","@id":"https:\/\/www.ansia.de\/index.php\/versicherungen\/kraftfahrt-2\/#primaryimage","url":"https:\/\/www.ansia.de\/wp-content\/uploads\/a_autos.jpg","contentUrl":"https:\/\/www.ansia.de\/wp-content\/uploads\/a_autos.jpg","width":"670","height":"150"},{"@type":"BreadcrumbList","@id":"https:\/\/www.ansia.de\/index.php\/versicherungen\/kraftfahrt-2\/#breadcrumb","itemListElement":[{"@type":"ListItem","position":1,"name":"Startseite","item":"https:\/\/www.ansia.de\/"},{"@type":"ListItem","position":2,"name":"Versicherungen","item":"https:\/\/www.ansia.de\/index.php\/versicherungen\/"},{"@type":"ListItem","position":3,"name":"Kraftfahrt"}]},{"@type":"WebSite","@id":"https:\/\/www.ansia.de\/#website","url":"https:\/\/www.ansia.de\/","name":"Ansia","description":"","potentialAction":[{"@type":"SearchAction","target":{"@type":"EntryPoint","urlTemplate":"https:\/\/www.ansia.de\/?s={search_term_string}"},"query-input":{"@type":"PropertyValueSpecification","valueRequired":true,"valueName":"search_term_string"}}],"inLanguage":"de"}]}},"_links":{"self":[{"href":"https:\/\/www.ansia.de\/index.php\/wp-json\/wp\/v2\/pages\/302","targetHints":{"allow":["GET"]}}],"collection":[{"href":"https:\/\/www.ansia.de\/index.php\/wp-json\/wp\/v2\/pages"}],"about":[{"href":"https:\/\/www.ansia.de\/index.php\/wp-json\/wp\/v2\/types\/page"}],"author":[{"embeddable":true,"href":"https:\/\/www.ansia.de\/index.php\/wp-json\/wp\/v2\/users\/1"}],"replies":[{"embeddable":true,"href":"https:\/\/www.ansia.de\/index.php\/wp-json\/wp\/v2\/comments?post=302"}],"version-history":[{"count":8,"href":"https:\/\/www.ansia.de\/index.php\/wp-json\/wp\/v2\/pages\/302\/revisions"}],"predecessor-version":[{"id":872,"href":"https:\/\/www.ansia.de\/index.php\/wp-json\/wp\/v2\/pages\/302\/revisions\/872"}],"up":[{"embeddable":true,"href":"https:\/\/www.ansia.de\/index.php\/wp-json\/wp\/v2\/pages\/6"}],"wp:attachment":[{"href":"https:\/\/www.ansia.de\/index.php\/wp-json\/wp\/v2\/media?parent=302"}],"curies":[{"name":"wp","href":"https:\/\/api.w.org\/{rel}","templated":true}]}}