{"id":2892,"date":"2018-05-29T06:04:16","date_gmt":"2018-05-29T06:04:16","guid":{"rendered":"http:\/\/www.ansia.de\/index.php\/cookie-policy\/"},"modified":"2018-06-12T11:57:46","modified_gmt":"2018-06-12T11:57:46","slug":"cookie-policy","status":"publish","type":"page","link":"https:\/\/www.ansia.de\/index.php\/cookie-policy\/","title":{"rendered":"Cookie- Richtlinie"},"content":{"rendered":"<p>Cookie-Richtlinie<\/p>\n<p>Diese Website verwendet Cookies &#8211; kleine Textdateien, die auf Ihrem Rechner abgelegt werden, um eine bessere Benutzerfreundlichkeit zu gew\u00e4hrleisten. Im Allgemeinen werden Cookies verwendet, um Pr\u00e4ferenzen der Nutzer zu speichern, Informationen \u00fcber Warenk\u00f6rbe zu speichern und anonymisierte Tracking-Daten an Drittanwendungen wie Google Analytics weiterzugeben. In der Regel werden Cookies Ihr Browser-Erlebnis verbessern. Sie k\u00f6nnen es jedoch vorziehen, Cookies auf dieser Website und auf anderen Websites zu deaktivieren. Am effektivsten ist es, Cookies in Ihrem Browser zu deaktivieren. Wir empfehlen Ihnen, den Hilfe-Bereich Ihres Browsers zu konsultieren oder einen Blick auf die About Cookies-Website zu werfen, die eine Anleitung f\u00fcr alle modernen Browser bietet.<\/p>\n<p>Cookie-Policy<\/p>\n<p>This site uses cookies &#8211; small text files that are placed on your machine to help the site provide a better user experience. In general, cookies are used to retain user preferences, store information for things like shopping carts, and provide anonymised tracking data to third party applications like Google Analytics. As a rule, cookies will make your browsing experience better. However, you may prefer to disable cookies on this site and on others. The most effective way to do this is to disable cookies in your browser. We suggest consulting the Help section of your browser or taking a look at <a href=\"http:\/\/www.aboutcookies.org\">the About Cookies website<\/a> which offers guidance for all modern browsers<\/p>\n","protected":false},"excerpt":{"rendered":"<p>Cookie-Richtlinie Diese Website verwendet Cookies &#8211; kleine Textdateien, die auf Ihrem Rechner abgelegt werden, um eine bessere Benutzerfreundlichkeit zu gew\u00e4hrleisten. Im Allgemeinen werden Cookies verwendet, um Pr\u00e4ferenzen der Nutzer zu speichern, Informationen \u00fcber Warenk\u00f6rbe zu speichern und anonymisierte Tracking-Daten an &hellip; <a href=\"https:\/\/www.ansia.de\/index.php\/cookie-policy\/\">Weiterlesen <span class=\"meta-nav\">&rarr;<\/span><\/a><\/p>\n","protected":false},"author":1,"featured_media":0,"parent":0,"menu_order":999,"comment_status":"closed","ping_status":"closed","template":"","meta":{"footnotes":""},"class_list":["post-2892","page","type-page","status-publish","hentry"],"yoast_head":"<!-- This site is optimized with the Yoast SEO plugin v26.4 - https:\/\/yoast.com\/wordpress\/plugins\/seo\/ -->\n<title>Cookie- Richtlinie - Ansia<\/title>\n<meta name=\"robots\" content=\"index, follow, max-snippet:-1, max-image-preview:large, max-video-preview:-1\" \/>\n<link rel=\"canonical\" href=\"https:\/\/www.ansia.de\/index.php\/cookie-policy\/\" \/>\n<meta property=\"og:locale\" content=\"de_DE\" \/>\n<meta property=\"og:type\" content=\"article\" \/>\n<meta property=\"og:title\" content=\"Cookie- Richtlinie - Ansia\" \/>\n<meta property=\"og:description\" content=\"Cookie-Richtlinie Diese Website verwendet Cookies &#8211; kleine Textdateien, die auf Ihrem Rechner abgelegt werden, um eine bessere Benutzerfreundlichkeit zu gew\u00e4hrleisten. Im Allgemeinen werden Cookies verwendet, um Pr\u00e4ferenzen der Nutzer zu speichern, Informationen \u00fcber Warenk\u00f6rbe zu speichern und anonymisierte Tracking-Daten an &hellip; Weiterlesen &rarr;\" \/>\n<meta property=\"og:url\" content=\"https:\/\/www.ansia.de\/index.php\/cookie-policy\/\" \/>\n<meta property=\"og:site_name\" content=\"Ansia\" \/>\n<meta property=\"article:modified_time\" content=\"2018-06-12T11:57:46+00:00\" \/>\n<meta name=\"twitter:card\" content=\"summary_large_image\" \/>\n<script type=\"application\/ld+json\" class=\"yoast-schema-graph\">{\"@context\":\"https:\/\/schema.org\",\"@graph\":[{\"@type\":\"WebPage\",\"@id\":\"https:\/\/www.ansia.de\/index.php\/cookie-policy\/\",\"url\":\"https:\/\/www.ansia.de\/index.php\/cookie-policy\/\",\"name\":\"Cookie- Richtlinie - Ansia\",\"isPartOf\":{\"@id\":\"https:\/\/www.ansia.de\/#website\"},\"datePublished\":\"2018-05-29T06:04:16+00:00\",\"dateModified\":\"2018-06-12T11:57:46+00:00\",\"breadcrumb\":{\"@id\":\"https:\/\/www.ansia.de\/index.php\/cookie-policy\/#breadcrumb\"},\"inLanguage\":\"de\",\"potentialAction\":[{\"@type\":\"ReadAction\",\"target\":[\"https:\/\/www.ansia.de\/index.php\/cookie-policy\/\"]}]},{\"@type\":\"BreadcrumbList\",\"@id\":\"https:\/\/www.ansia.de\/index.php\/cookie-policy\/#breadcrumb\",\"itemListElement\":[{\"@type\":\"ListItem\",\"position\":1,\"name\":\"Startseite\",\"item\":\"https:\/\/www.ansia.de\/\"},{\"@type\":\"ListItem\",\"position\":2,\"name\":\"Cookie- Richtlinie\"}]},{\"@type\":\"WebSite\",\"@id\":\"https:\/\/www.ansia.de\/#website\",\"url\":\"https:\/\/www.ansia.de\/\",\"name\":\"Ansia\",\"description\":\"\",\"potentialAction\":[{\"@type\":\"SearchAction\",\"target\":{\"@type\":\"EntryPoint\",\"urlTemplate\":\"https:\/\/www.ansia.de\/?s={search_term_string}\"},\"query-input\":{\"@type\":\"PropertyValueSpecification\",\"valueRequired\":true,\"valueName\":\"search_term_string\"}}],\"inLanguage\":\"de\"}]}<\/script>\n<!-- \/ Yoast SEO plugin. -->","yoast_head_json":{"title":"Cookie- Richtlinie - Ansia","robots":{"index":"index","follow":"follow","max-snippet":"max-snippet:-1","max-image-preview":"max-image-preview:large","max-video-preview":"max-video-preview:-1"},"canonical":"https:\/\/www.ansia.de\/index.php\/cookie-policy\/","og_locale":"de_DE","og_type":"article","og_title":"Cookie- Richtlinie - Ansia","og_description":"Cookie-Richtlinie Diese Website verwendet Cookies &#8211; kleine Textdateien, die auf Ihrem Rechner abgelegt werden, um eine bessere Benutzerfreundlichkeit zu gew\u00e4hrleisten. Im Allgemeinen werden Cookies verwendet, um Pr\u00e4ferenzen der Nutzer zu speichern, Informationen \u00fcber Warenk\u00f6rbe zu speichern und anonymisierte Tracking-Daten an &hellip; Weiterlesen &rarr;","og_url":"https:\/\/www.ansia.de\/index.php\/cookie-policy\/","og_site_name":"Ansia","article_modified_time":"2018-06-12T11:57:46+00:00","twitter_card":"summary_large_image","schema":{"@context":"https:\/\/schema.org","@graph":[{"@type":"WebPage","@id":"https:\/\/www.ansia.de\/index.php\/cookie-policy\/","url":"https:\/\/www.ansia.de\/index.php\/cookie-policy\/","name":"Cookie- Richtlinie - Ansia","isPartOf":{"@id":"https:\/\/www.ansia.de\/#website"},"datePublished":"2018-05-29T06:04:16+00:00","dateModified":"2018-06-12T11:57:46+00:00","breadcrumb":{"@id":"https:\/\/www.ansia.de\/index.php\/cookie-policy\/#breadcrumb"},"inLanguage":"de","potentialAction":[{"@type":"ReadAction","target":["https:\/\/www.ansia.de\/index.php\/cookie-policy\/"]}]},{"@type":"BreadcrumbList","@id":"https:\/\/www.ansia.de\/index.php\/cookie-policy\/#breadcrumb","itemListElement":[{"@type":"ListItem","position":1,"name":"Startseite","item":"https:\/\/www.ansia.de\/"},{"@type":"ListItem","position":2,"name":"Cookie- Richtlinie"}]},{"@type":"WebSite","@id":"https:\/\/www.ansia.de\/#website","url":"https:\/\/www.ansia.de\/","name":"Ansia","description":"","potentialAction":[{"@type":"SearchAction","target":{"@type":"EntryPoint","urlTemplate":"https:\/\/www.ansia.de\/?s={search_term_string}"},"query-input":{"@type":"PropertyValueSpecification","valueRequired":true,"valueName":"search_term_string"}}],"inLanguage":"de"}]}},"_links":{"self":[{"href":"https:\/\/www.ansia.de\/index.php\/wp-json\/wp\/v2\/pages\/2892","targetHints":{"allow":["GET"]}}],"collection":[{"href":"https:\/\/www.ansia.de\/index.php\/wp-json\/wp\/v2\/pages"}],"about":[{"href":"https:\/\/www.ansia.de\/index.php\/wp-json\/wp\/v2\/types\/page"}],"author":[{"embeddable":true,"href":"https:\/\/www.ansia.de\/index.php\/wp-json\/wp\/v2\/users\/1"}],"replies":[{"embeddable":true,"href":"https:\/\/www.ansia.de\/index.php\/wp-json\/wp\/v2\/comments?post=2892"}],"version-history":[{"count":2,"href":"https:\/\/www.ansia.de\/index.php\/wp-json\/wp\/v2\/pages\/2892\/revisions"}],"predecessor-version":[{"id":2894,"href":"https:\/\/www.ansia.de\/index.php\/wp-json\/wp\/v2\/pages\/2892\/revisions\/2894"}],"wp:attachment":[{"href":"https:\/\/www.ansia.de\/index.php\/wp-json\/wp\/v2\/media?parent=2892"}],"curies":[{"name":"wp","href":"https:\/\/api.w.org\/{rel}","templated":true}]}}