{"id":24,"date":"2011-06-15T14:50:36","date_gmt":"2011-06-15T14:50:36","guid":{"rendered":"http:\/\/localhost\/www.ansia.de\/?page_id=24"},"modified":"2024-12-13T11:52:35","modified_gmt":"2024-12-13T11:52:35","slug":"beispiel-4","status":"publish","type":"page","link":"https:\/\/www.ansia.de\/index.php\/versicherungen\/beispiel-5\/beispiel-4\/","title":{"rendered":"Haus- und Grundbesitzer"},"content":{"rendered":"<p><a href=\"https:\/\/www.ansia.de\/wp-content\/uploads\/DSC02563.jpg\" rel=\"lightbox[24]\"><img loading=\"lazy\" decoding=\"async\" class=\"alignleft size-full wp-image-640\" title=\"DSC02563\" src=\"https:\/\/www.ansia.de\/wp-content\/uploads\/DSC02563.jpg\" alt=\"\" width=\"684\" height=\"212\" srcset=\"https:\/\/www.ansia.de\/wp-content\/uploads\/DSC02563.jpg 684w, https:\/\/www.ansia.de\/wp-content\/uploads\/DSC02563-670x207.jpg 670w\" sizes=\"auto, (max-width: 684px) 100vw, 684px\" \/><\/a><\/p>\n<p>&nbsp;<\/p>\n<p>&nbsp;<\/p>\n<p>&nbsp;<\/p>\n<p>Als Hauseigent\u00fcmer oder Grundbesitzer sind Sie voll verantwortlich f\u00fcr alle Sch\u00e4den rund um Ihr Haus und\/oder Grundst\u00fcck. Die gesetzliche Grundlage hierf\u00fcr ist im \u00a7 836 BGB festgelegt.<\/p>\n<p>&nbsp;<\/p>\n<p>Kommt es durch den Einsturz eines Geb\u00e4udes oder durch die Abl\u00f6sung von Teilen des selbigen, zu Personen- oder Sachsch\u00e4den, so hat hierf\u00fcr der Hausbesitzer zu haften, es sei denn, dass er die zur Schadensvorbeugung im Verkehr erforderliche Sorgfalt beachtet hat.<\/p>\n<p>&nbsp;<\/p>\n<p>Als Hausbesitzer unterliegen Sie auch einem Haftpflichtrisiko aufgrund der Ihnen obliegenden Verkehrssicherungspflicht. Jeder Grundst\u00fcckseigent\u00fcmer ist verpflichtet, sein Grundst\u00fcck so abzusichern, dass dort keine Person zu Schaden kommen kann.<\/p>\n<p>Dazu geh\u00f6rt die Instandhaltungspflicht (Dachziegel\u00a0 oder lockeres\u00a0 Mauerwerk), insbesondere aber im Winter das Reinigen und Streuen der Gehwege, sowie das Schneer\u00e4umen. Sollte per Mietvertrag bestimmt sein, dass anstelle des Hauseigent\u00fcmers der Mieter die Streu- und Reinigungspflichten zu erf\u00fcllen hat, so haftet trotzdem der Hauseigent\u00fcmer, wenn der Mieter seinen Pflichten gar nicht, oder nur unzureichend nachkommt.<\/p>\n","protected":false},"excerpt":{"rendered":"<p>&nbsp; &nbsp; &nbsp; Als Hauseigent\u00fcmer oder Grundbesitzer sind Sie voll verantwortlich f\u00fcr alle Sch\u00e4den rund um Ihr Haus und\/oder Grundst\u00fcck. Die gesetzliche Grundlage hierf\u00fcr ist im \u00a7 836 BGB festgelegt. &nbsp; Kommt es durch den Einsturz eines Geb\u00e4udes oder durch &hellip; <a href=\"https:\/\/www.ansia.de\/index.php\/versicherungen\/beispiel-5\/beispiel-4\/\">Weiterlesen <span class=\"meta-nav\">&rarr;<\/span><\/a><\/p>\n","protected":false},"author":1,"featured_media":0,"parent":26,"menu_order":22,"comment_status":"closed","ping_status":"closed","template":"","meta":{"footnotes":""},"class_list":["post-24","page","type-page","status-publish","hentry"],"yoast_head":"<!-- This site is optimized with the Yoast SEO plugin v26.4 - https:\/\/yoast.com\/wordpress\/plugins\/seo\/ -->\n<title>Haus- und Grundbesitzer - Ansia<\/title>\n<meta name=\"robots\" content=\"index, follow, max-snippet:-1, max-image-preview:large, max-video-preview:-1\" \/>\n<link rel=\"canonical\" href=\"https:\/\/www.ansia.de\/index.php\/versicherungen\/beispiel-5\/beispiel-4\/\" \/>\n<meta property=\"og:locale\" content=\"de_DE\" \/>\n<meta property=\"og:type\" content=\"article\" \/>\n<meta property=\"og:title\" content=\"Haus- und Grundbesitzer - Ansia\" \/>\n<meta property=\"og:description\" content=\"&nbsp; &nbsp; &nbsp; Als Hauseigent\u00fcmer oder Grundbesitzer sind Sie voll verantwortlich f\u00fcr alle Sch\u00e4den rund um Ihr Haus und\/oder Grundst\u00fcck. Die gesetzliche Grundlage hierf\u00fcr ist im \u00a7 836 BGB festgelegt. &nbsp; Kommt es durch den Einsturz eines Geb\u00e4udes oder durch &hellip; Weiterlesen &rarr;\" \/>\n<meta property=\"og:url\" content=\"https:\/\/www.ansia.de\/index.php\/versicherungen\/beispiel-5\/beispiel-4\/\" \/>\n<meta property=\"og:site_name\" content=\"Ansia\" \/>\n<meta property=\"article:modified_time\" content=\"2024-12-13T11:52:35+00:00\" \/>\n<meta property=\"og:image\" content=\"https:\/\/www.ansia.de\/wp-content\/uploads\/DSC02563.jpg\" \/>\n\t<meta property=\"og:image:width\" content=\"684\" \/>\n\t<meta property=\"og:image:height\" content=\"212\" \/>\n\t<meta property=\"og:image:type\" content=\"image\/jpeg\" \/>\n<meta name=\"twitter:card\" content=\"summary_large_image\" \/>\n<script type=\"application\/ld+json\" class=\"yoast-schema-graph\">{\"@context\":\"https:\/\/schema.org\",\"@graph\":[{\"@type\":\"WebPage\",\"@id\":\"https:\/\/www.ansia.de\/index.php\/versicherungen\/beispiel-5\/beispiel-4\/\",\"url\":\"https:\/\/www.ansia.de\/index.php\/versicherungen\/beispiel-5\/beispiel-4\/\",\"name\":\"Haus- und Grundbesitzer - Ansia\",\"isPartOf\":{\"@id\":\"https:\/\/www.ansia.de\/#website\"},\"primaryImageOfPage\":{\"@id\":\"https:\/\/www.ansia.de\/index.php\/versicherungen\/beispiel-5\/beispiel-4\/#primaryimage\"},\"image\":{\"@id\":\"https:\/\/www.ansia.de\/index.php\/versicherungen\/beispiel-5\/beispiel-4\/#primaryimage\"},\"thumbnailUrl\":\"https:\/\/www.ansia.de\/wp-content\/uploads\/DSC02563.jpg\",\"datePublished\":\"2011-06-15T14:50:36+00:00\",\"dateModified\":\"2024-12-13T11:52:35+00:00\",\"breadcrumb\":{\"@id\":\"https:\/\/www.ansia.de\/index.php\/versicherungen\/beispiel-5\/beispiel-4\/#breadcrumb\"},\"inLanguage\":\"de\",\"potentialAction\":[{\"@type\":\"ReadAction\",\"target\":[\"https:\/\/www.ansia.de\/index.php\/versicherungen\/beispiel-5\/beispiel-4\/\"]}]},{\"@type\":\"ImageObject\",\"inLanguage\":\"de\",\"@id\":\"https:\/\/www.ansia.de\/index.php\/versicherungen\/beispiel-5\/beispiel-4\/#primaryimage\",\"url\":\"https:\/\/www.ansia.de\/wp-content\/uploads\/DSC02563.jpg\",\"contentUrl\":\"https:\/\/www.ansia.de\/wp-content\/uploads\/DSC02563.jpg\",\"width\":\"684\",\"height\":\"212\"},{\"@type\":\"BreadcrumbList\",\"@id\":\"https:\/\/www.ansia.de\/index.php\/versicherungen\/beispiel-5\/beispiel-4\/#breadcrumb\",\"itemListElement\":[{\"@type\":\"ListItem\",\"position\":1,\"name\":\"Startseite\",\"item\":\"https:\/\/www.ansia.de\/\"},{\"@type\":\"ListItem\",\"position\":2,\"name\":\"Versicherungen\",\"item\":\"https:\/\/www.ansia.de\/index.php\/versicherungen\/\"},{\"@type\":\"ListItem\",\"position\":3,\"name\":\"Haftpflicht\",\"item\":\"https:\/\/www.ansia.de\/index.php\/versicherungen\/beispiel-5\/\"},{\"@type\":\"ListItem\",\"position\":4,\"name\":\"Haus- und Grundbesitzer\"}]},{\"@type\":\"WebSite\",\"@id\":\"https:\/\/www.ansia.de\/#website\",\"url\":\"https:\/\/www.ansia.de\/\",\"name\":\"Ansia\",\"description\":\"\",\"potentialAction\":[{\"@type\":\"SearchAction\",\"target\":{\"@type\":\"EntryPoint\",\"urlTemplate\":\"https:\/\/www.ansia.de\/?s={search_term_string}\"},\"query-input\":{\"@type\":\"PropertyValueSpecification\",\"valueRequired\":true,\"valueName\":\"search_term_string\"}}],\"inLanguage\":\"de\"}]}<\/script>\n<!-- \/ Yoast SEO plugin. -->","yoast_head_json":{"title":"Haus- und Grundbesitzer - Ansia","robots":{"index":"index","follow":"follow","max-snippet":"max-snippet:-1","max-image-preview":"max-image-preview:large","max-video-preview":"max-video-preview:-1"},"canonical":"https:\/\/www.ansia.de\/index.php\/versicherungen\/beispiel-5\/beispiel-4\/","og_locale":"de_DE","og_type":"article","og_title":"Haus- und Grundbesitzer - Ansia","og_description":"&nbsp; &nbsp; &nbsp; Als Hauseigent\u00fcmer oder Grundbesitzer sind Sie voll verantwortlich f\u00fcr alle Sch\u00e4den rund um Ihr Haus und\/oder Grundst\u00fcck. Die gesetzliche Grundlage hierf\u00fcr ist im \u00a7 836 BGB festgelegt. &nbsp; Kommt es durch den Einsturz eines Geb\u00e4udes oder durch &hellip; Weiterlesen &rarr;","og_url":"https:\/\/www.ansia.de\/index.php\/versicherungen\/beispiel-5\/beispiel-4\/","og_site_name":"Ansia","article_modified_time":"2024-12-13T11:52:35+00:00","og_image":[{"width":684,"height":212,"url":"https:\/\/www.ansia.de\/wp-content\/uploads\/DSC02563.jpg","type":"image\/jpeg"}],"twitter_card":"summary_large_image","schema":{"@context":"https:\/\/schema.org","@graph":[{"@type":"WebPage","@id":"https:\/\/www.ansia.de\/index.php\/versicherungen\/beispiel-5\/beispiel-4\/","url":"https:\/\/www.ansia.de\/index.php\/versicherungen\/beispiel-5\/beispiel-4\/","name":"Haus- und Grundbesitzer - Ansia","isPartOf":{"@id":"https:\/\/www.ansia.de\/#website"},"primaryImageOfPage":{"@id":"https:\/\/www.ansia.de\/index.php\/versicherungen\/beispiel-5\/beispiel-4\/#primaryimage"},"image":{"@id":"https:\/\/www.ansia.de\/index.php\/versicherungen\/beispiel-5\/beispiel-4\/#primaryimage"},"thumbnailUrl":"https:\/\/www.ansia.de\/wp-content\/uploads\/DSC02563.jpg","datePublished":"2011-06-15T14:50:36+00:00","dateModified":"2024-12-13T11:52:35+00:00","breadcrumb":{"@id":"https:\/\/www.ansia.de\/index.php\/versicherungen\/beispiel-5\/beispiel-4\/#breadcrumb"},"inLanguage":"de","potentialAction":[{"@type":"ReadAction","target":["https:\/\/www.ansia.de\/index.php\/versicherungen\/beispiel-5\/beispiel-4\/"]}]},{"@type":"ImageObject","inLanguage":"de","@id":"https:\/\/www.ansia.de\/index.php\/versicherungen\/beispiel-5\/beispiel-4\/#primaryimage","url":"https:\/\/www.ansia.de\/wp-content\/uploads\/DSC02563.jpg","contentUrl":"https:\/\/www.ansia.de\/wp-content\/uploads\/DSC02563.jpg","width":"684","height":"212"},{"@type":"BreadcrumbList","@id":"https:\/\/www.ansia.de\/index.php\/versicherungen\/beispiel-5\/beispiel-4\/#breadcrumb","itemListElement":[{"@type":"ListItem","position":1,"name":"Startseite","item":"https:\/\/www.ansia.de\/"},{"@type":"ListItem","position":2,"name":"Versicherungen","item":"https:\/\/www.ansia.de\/index.php\/versicherungen\/"},{"@type":"ListItem","position":3,"name":"Haftpflicht","item":"https:\/\/www.ansia.de\/index.php\/versicherungen\/beispiel-5\/"},{"@type":"ListItem","position":4,"name":"Haus- und Grundbesitzer"}]},{"@type":"WebSite","@id":"https:\/\/www.ansia.de\/#website","url":"https:\/\/www.ansia.de\/","name":"Ansia","description":"","potentialAction":[{"@type":"SearchAction","target":{"@type":"EntryPoint","urlTemplate":"https:\/\/www.ansia.de\/?s={search_term_string}"},"query-input":{"@type":"PropertyValueSpecification","valueRequired":true,"valueName":"search_term_string"}}],"inLanguage":"de"}]}},"_links":{"self":[{"href":"https:\/\/www.ansia.de\/index.php\/wp-json\/wp\/v2\/pages\/24","targetHints":{"allow":["GET"]}}],"collection":[{"href":"https:\/\/www.ansia.de\/index.php\/wp-json\/wp\/v2\/pages"}],"about":[{"href":"https:\/\/www.ansia.de\/index.php\/wp-json\/wp\/v2\/types\/page"}],"author":[{"embeddable":true,"href":"https:\/\/www.ansia.de\/index.php\/wp-json\/wp\/v2\/users\/1"}],"replies":[{"embeddable":true,"href":"https:\/\/www.ansia.de\/index.php\/wp-json\/wp\/v2\/comments?post=24"}],"version-history":[{"count":14,"href":"https:\/\/www.ansia.de\/index.php\/wp-json\/wp\/v2\/pages\/24\/revisions"}],"predecessor-version":[{"id":3179,"href":"https:\/\/www.ansia.de\/index.php\/wp-json\/wp\/v2\/pages\/24\/revisions\/3179"}],"up":[{"embeddable":true,"href":"https:\/\/www.ansia.de\/index.php\/wp-json\/wp\/v2\/pages\/26"}],"wp:attachment":[{"href":"https:\/\/www.ansia.de\/index.php\/wp-json\/wp\/v2\/media?parent=24"}],"curies":[{"name":"wp","href":"https:\/\/api.w.org\/{rel}","templated":true}]}}