{"id":231,"date":"2011-07-15T12:45:04","date_gmt":"2011-07-15T12:45:04","guid":{"rendered":"http:\/\/www.ansia.de\/?page_id=231"},"modified":"2011-09-11T19:35:32","modified_gmt":"2011-09-11T19:35:32","slug":"motivation-und-ziele","status":"publish","type":"page","link":"https:\/\/www.ansia.de\/index.php\/uber-uns\/motivation-und-ziele\/","title":{"rendered":"Motivation und Ziele"},"content":{"rendered":"<p style=\"text-align: left;\"><img loading=\"lazy\" decoding=\"async\" class=\"aligncenter size-full wp-image-265\" title=\"Motivation u. Ziele\" src=\"https:\/\/www.ansia.de\/wp-content\/uploads\/baeume.jpg\" alt=\"\" width=\"670\" height=\"150\" \/>\u00a0\u00a0\u00a0\u00a0Wir:<\/p>\n<p><\/p>\n<ul><\/p>\n<li style=\"text-align: left;\">wollen in unserem Arbeitsgebiet Nordrhein-Westfalen als kundennahe\u00a0 Versicherungsvermittlungsgesellschaft eine Top-Adresse f\u00fcr Firmen-und Privatkunden sein.<\/li>\n<p><\/p>\n<li style=\"text-align: left;\">wollen uns durch Kompetenz, Schnelligkeit,\u00a0 Flexibilit\u00e4t und Service\u00a0gegen\u00fcber dem Wettbewerb herausheben.<\/li>\n<p><\/p>\n<li style=\"text-align: left;\">bieten unseren Kunden eine auf die jeweiligen Bed\u00fcrfnisse zugeschnittene, innovative Produkt &#8211; und Leistungspalette.<\/li>\n<p><\/p>\n<li style=\"text-align: left;\">sind in unserem Handeln durch eine besondere Kundenorientierung motiviert und bieten l\u00f6sungsorientierte\u00a0 Betreuung und Beratung.<\/li>\n<p><\/p>\n<li style=\"text-align: left;\">wollen unsere Kunden\u00a0mit unseren Maklern\u00a0pers\u00f6nlich betreuen. Das Internet dient uns nur\u00a0als Informationsmedium.<\/li>\n<p><\/p>\n<li style=\"text-align: left;\">wollen unseren Maklern, durch optimale\u00a0administrative und vertriebliche Unterst\u00fctzung, die n\u00f6tige Zeit schaffen, um die vorgenannten Ziele beim Kunden umsetzen zu k\u00f6nnen.<\/li>\n<p><\/ul>\n","protected":false},"excerpt":{"rendered":"<p>\u00a0\u00a0\u00a0\u00a0Wir: wollen in unserem Arbeitsgebiet Nordrhein-Westfalen als kundennahe\u00a0 Versicherungsvermittlungsgesellschaft eine Top-Adresse f\u00fcr Firmen-und Privatkunden sein. wollen uns durch Kompetenz, Schnelligkeit,\u00a0 Flexibilit\u00e4t und Service\u00a0gegen\u00fcber dem Wettbewerb herausheben. bieten unseren Kunden eine auf die jeweiligen Bed\u00fcrfnisse zugeschnittene, innovative Produkt &#8211; und Leistungspalette. &hellip; <a href=\"https:\/\/www.ansia.de\/index.php\/uber-uns\/motivation-und-ziele\/\">Weiterlesen <span class=\"meta-nav\">&rarr;<\/span><\/a><\/p>\n","protected":false},"author":3,"featured_media":0,"parent":235,"menu_order":2,"comment_status":"closed","ping_status":"closed","template":"page_listsubpages.php","meta":{"footnotes":""},"class_list":["post-231","page","type-page","status-publish","hentry"],"yoast_head":"<!-- This site is optimized with the Yoast SEO plugin v26.4 - https:\/\/yoast.com\/wordpress\/plugins\/seo\/ -->\n<title>Motivation und Ziele - Ansia<\/title>\n<meta name=\"robots\" content=\"index, follow, max-snippet:-1, max-image-preview:large, max-video-preview:-1\" \/>\n<link rel=\"canonical\" href=\"https:\/\/www.ansia.de\/index.php\/uber-uns\/motivation-und-ziele\/\" \/>\n<meta property=\"og:locale\" content=\"de_DE\" \/>\n<meta property=\"og:type\" content=\"article\" \/>\n<meta property=\"og:title\" content=\"Motivation und Ziele - Ansia\" \/>\n<meta property=\"og:description\" content=\"\u00a0\u00a0\u00a0\u00a0Wir: wollen in unserem Arbeitsgebiet Nordrhein-Westfalen als kundennahe\u00a0 Versicherungsvermittlungsgesellschaft eine Top-Adresse f\u00fcr Firmen-und Privatkunden sein. wollen uns durch Kompetenz, Schnelligkeit,\u00a0 Flexibilit\u00e4t und Service\u00a0gegen\u00fcber dem Wettbewerb herausheben. bieten unseren Kunden eine auf die jeweiligen Bed\u00fcrfnisse zugeschnittene, innovative Produkt &#8211; und Leistungspalette. &hellip; Weiterlesen &rarr;\" \/>\n<meta property=\"og:url\" content=\"https:\/\/www.ansia.de\/index.php\/uber-uns\/motivation-und-ziele\/\" \/>\n<meta property=\"og:site_name\" content=\"Ansia\" \/>\n<meta property=\"article:modified_time\" content=\"2011-09-11T19:35:32+00:00\" \/>\n<meta property=\"og:image\" content=\"https:\/\/www.ansia.de\/wp-content\/uploads\/baeume.jpg\" \/>\n<meta name=\"twitter:card\" content=\"summary_large_image\" \/>\n<script type=\"application\/ld+json\" class=\"yoast-schema-graph\">{\"@context\":\"https:\/\/schema.org\",\"@graph\":[{\"@type\":\"WebPage\",\"@id\":\"https:\/\/www.ansia.de\/index.php\/uber-uns\/motivation-und-ziele\/\",\"url\":\"https:\/\/www.ansia.de\/index.php\/uber-uns\/motivation-und-ziele\/\",\"name\":\"Motivation und Ziele - Ansia\",\"isPartOf\":{\"@id\":\"https:\/\/www.ansia.de\/#website\"},\"primaryImageOfPage\":{\"@id\":\"https:\/\/www.ansia.de\/index.php\/uber-uns\/motivation-und-ziele\/#primaryimage\"},\"image\":{\"@id\":\"https:\/\/www.ansia.de\/index.php\/uber-uns\/motivation-und-ziele\/#primaryimage\"},\"thumbnailUrl\":\"https:\/\/www.ansia.de\/wp-content\/uploads\/baeume.jpg\",\"datePublished\":\"2011-07-15T12:45:04+00:00\",\"dateModified\":\"2011-09-11T19:35:32+00:00\",\"breadcrumb\":{\"@id\":\"https:\/\/www.ansia.de\/index.php\/uber-uns\/motivation-und-ziele\/#breadcrumb\"},\"inLanguage\":\"de\",\"potentialAction\":[{\"@type\":\"ReadAction\",\"target\":[\"https:\/\/www.ansia.de\/index.php\/uber-uns\/motivation-und-ziele\/\"]}]},{\"@type\":\"ImageObject\",\"inLanguage\":\"de\",\"@id\":\"https:\/\/www.ansia.de\/index.php\/uber-uns\/motivation-und-ziele\/#primaryimage\",\"url\":\"https:\/\/www.ansia.de\/wp-content\/uploads\/baeume.jpg\",\"contentUrl\":\"https:\/\/www.ansia.de\/wp-content\/uploads\/baeume.jpg\",\"width\":\"670\",\"height\":\"150\"},{\"@type\":\"BreadcrumbList\",\"@id\":\"https:\/\/www.ansia.de\/index.php\/uber-uns\/motivation-und-ziele\/#breadcrumb\",\"itemListElement\":[{\"@type\":\"ListItem\",\"position\":1,\"name\":\"Startseite\",\"item\":\"https:\/\/www.ansia.de\/\"},{\"@type\":\"ListItem\",\"position\":2,\"name\":\"\u00dcber uns\",\"item\":\"https:\/\/www.ansia.de\/index.php\/uber-uns\/\"},{\"@type\":\"ListItem\",\"position\":3,\"name\":\"Motivation und Ziele\"}]},{\"@type\":\"WebSite\",\"@id\":\"https:\/\/www.ansia.de\/#website\",\"url\":\"https:\/\/www.ansia.de\/\",\"name\":\"Ansia\",\"description\":\"\",\"potentialAction\":[{\"@type\":\"SearchAction\",\"target\":{\"@type\":\"EntryPoint\",\"urlTemplate\":\"https:\/\/www.ansia.de\/?s={search_term_string}\"},\"query-input\":{\"@type\":\"PropertyValueSpecification\",\"valueRequired\":true,\"valueName\":\"search_term_string\"}}],\"inLanguage\":\"de\"}]}<\/script>\n<!-- \/ Yoast SEO plugin. -->","yoast_head_json":{"title":"Motivation und Ziele - Ansia","robots":{"index":"index","follow":"follow","max-snippet":"max-snippet:-1","max-image-preview":"max-image-preview:large","max-video-preview":"max-video-preview:-1"},"canonical":"https:\/\/www.ansia.de\/index.php\/uber-uns\/motivation-und-ziele\/","og_locale":"de_DE","og_type":"article","og_title":"Motivation und Ziele - Ansia","og_description":"\u00a0\u00a0\u00a0\u00a0Wir: wollen in unserem Arbeitsgebiet Nordrhein-Westfalen als kundennahe\u00a0 Versicherungsvermittlungsgesellschaft eine Top-Adresse f\u00fcr Firmen-und Privatkunden sein. wollen uns durch Kompetenz, Schnelligkeit,\u00a0 Flexibilit\u00e4t und Service\u00a0gegen\u00fcber dem Wettbewerb herausheben. bieten unseren Kunden eine auf die jeweiligen Bed\u00fcrfnisse zugeschnittene, innovative Produkt &#8211; und Leistungspalette. &hellip; Weiterlesen &rarr;","og_url":"https:\/\/www.ansia.de\/index.php\/uber-uns\/motivation-und-ziele\/","og_site_name":"Ansia","article_modified_time":"2011-09-11T19:35:32+00:00","og_image":[{"url":"https:\/\/www.ansia.de\/wp-content\/uploads\/baeume.jpg","type":"","width":"","height":""}],"twitter_card":"summary_large_image","schema":{"@context":"https:\/\/schema.org","@graph":[{"@type":"WebPage","@id":"https:\/\/www.ansia.de\/index.php\/uber-uns\/motivation-und-ziele\/","url":"https:\/\/www.ansia.de\/index.php\/uber-uns\/motivation-und-ziele\/","name":"Motivation und Ziele - Ansia","isPartOf":{"@id":"https:\/\/www.ansia.de\/#website"},"primaryImageOfPage":{"@id":"https:\/\/www.ansia.de\/index.php\/uber-uns\/motivation-und-ziele\/#primaryimage"},"image":{"@id":"https:\/\/www.ansia.de\/index.php\/uber-uns\/motivation-und-ziele\/#primaryimage"},"thumbnailUrl":"https:\/\/www.ansia.de\/wp-content\/uploads\/baeume.jpg","datePublished":"2011-07-15T12:45:04+00:00","dateModified":"2011-09-11T19:35:32+00:00","breadcrumb":{"@id":"https:\/\/www.ansia.de\/index.php\/uber-uns\/motivation-und-ziele\/#breadcrumb"},"inLanguage":"de","potentialAction":[{"@type":"ReadAction","target":["https:\/\/www.ansia.de\/index.php\/uber-uns\/motivation-und-ziele\/"]}]},{"@type":"ImageObject","inLanguage":"de","@id":"https:\/\/www.ansia.de\/index.php\/uber-uns\/motivation-und-ziele\/#primaryimage","url":"https:\/\/www.ansia.de\/wp-content\/uploads\/baeume.jpg","contentUrl":"https:\/\/www.ansia.de\/wp-content\/uploads\/baeume.jpg","width":"670","height":"150"},{"@type":"BreadcrumbList","@id":"https:\/\/www.ansia.de\/index.php\/uber-uns\/motivation-und-ziele\/#breadcrumb","itemListElement":[{"@type":"ListItem","position":1,"name":"Startseite","item":"https:\/\/www.ansia.de\/"},{"@type":"ListItem","position":2,"name":"\u00dcber uns","item":"https:\/\/www.ansia.de\/index.php\/uber-uns\/"},{"@type":"ListItem","position":3,"name":"Motivation und Ziele"}]},{"@type":"WebSite","@id":"https:\/\/www.ansia.de\/#website","url":"https:\/\/www.ansia.de\/","name":"Ansia","description":"","potentialAction":[{"@type":"SearchAction","target":{"@type":"EntryPoint","urlTemplate":"https:\/\/www.ansia.de\/?s={search_term_string}"},"query-input":{"@type":"PropertyValueSpecification","valueRequired":true,"valueName":"search_term_string"}}],"inLanguage":"de"}]}},"_links":{"self":[{"href":"https:\/\/www.ansia.de\/index.php\/wp-json\/wp\/v2\/pages\/231","targetHints":{"allow":["GET"]}}],"collection":[{"href":"https:\/\/www.ansia.de\/index.php\/wp-json\/wp\/v2\/pages"}],"about":[{"href":"https:\/\/www.ansia.de\/index.php\/wp-json\/wp\/v2\/types\/page"}],"author":[{"embeddable":true,"href":"https:\/\/www.ansia.de\/index.php\/wp-json\/wp\/v2\/users\/3"}],"replies":[{"embeddable":true,"href":"https:\/\/www.ansia.de\/index.php\/wp-json\/wp\/v2\/comments?post=231"}],"version-history":[{"count":20,"href":"https:\/\/www.ansia.de\/index.php\/wp-json\/wp\/v2\/pages\/231\/revisions"}],"predecessor-version":[{"id":860,"href":"https:\/\/www.ansia.de\/index.php\/wp-json\/wp\/v2\/pages\/231\/revisions\/860"}],"up":[{"embeddable":true,"href":"https:\/\/www.ansia.de\/index.php\/wp-json\/wp\/v2\/pages\/235"}],"wp:attachment":[{"href":"https:\/\/www.ansia.de\/index.php\/wp-json\/wp\/v2\/media?parent=231"}],"curies":[{"name":"wp","href":"https:\/\/api.w.org\/{rel}","templated":true}]}}