{"id":203,"date":"2011-07-14T16:36:51","date_gmt":"2011-07-14T16:36:51","guid":{"rendered":"http:\/\/www.ansia.de\/?page_id=203"},"modified":"2024-12-30T14:46:13","modified_gmt":"2024-12-30T14:46:13","slug":"test","status":"publish","type":"page","link":"https:\/\/www.ansia.de\/index.php\/versicherungen\/beispiel-5\/test\/","title":{"rendered":"Privat"},"content":{"rendered":"<p>&nbsp;<\/p>\n<p>&nbsp;<\/p>\n<p><strong>\u00a0 <\/strong>Eine private Haftpflichtversicherung braucht jeder! Denn jeder haftet f\u00fcr Sch\u00e4den anderer, die er zu verantworten hat, mit seinem gesamten Verm\u00f6gen und seinem Einkommen oberhalb der Pf\u00e4ndungsfreigrenze. Besonders wichtig ist die private Haftpflicht f\u00fcr Familien mit Kindern.<\/p>\n<p>&nbsp;<\/p>\n<p>Der Versicherer kommt nicht nur f\u00fcr den Schaden auf, den ein Mensch einem anderen zuf\u00fcgt, sondern wehrt auch unberechtigte Anspr\u00fcche ab. Das kann sogar bis zu einem Proze\u00df gegen den Anspruchsteller f\u00fchren, der dann allerdings durch den Versicherer gef\u00fchrt und bezahlt wird.<\/p>\n<p>&nbsp;<\/p>\n<p>In den letzen Jahren haben\u00a0 die Versicherungsgesellschaften ihre Policen mit teilweise sehr n\u00fctzlichen Zusatzeinschl\u00fcssen versehen. Wir nennen Ihnen hier nur einige Beispiele.<\/p>\n<p>&nbsp;<\/p>\n<ul>\n<li style=\"list-style-type: none;\">\n<ul>\n<li>Die Versicherungssumme sollte mindestens 3 Millionen Euro\u00a0pauschal f\u00fcr Personen und Sachsch\u00e4den betragen.<\/li>\n<\/ul>\n<\/li>\n<\/ul>\n<p>&nbsp;<\/p>\n<ul>\n<li style=\"list-style-type: none;\">\n<ul>\n<li>Schl\u00fcsselverlust (gewerblich und privat)<\/li>\n<\/ul>\n<\/li>\n<\/ul>\n<p>&nbsp;<\/p>\n<ul>\n<li style=\"list-style-type: none;\">\n<ul>\n<li>Forderungsausfalldeckung<\/li>\n<\/ul>\n<\/li>\n<\/ul>\n<p>&nbsp;<\/p>\n<ul>\n<li style=\"list-style-type: none;\">\n<ul>\n<li>Gef\u00e4lligkeitshandlungen<\/li>\n<\/ul>\n<\/li>\n<\/ul>\n<p>&nbsp;<\/p>\n<ul>\n<li style=\"list-style-type: none;\">\n<ul>\n<li>Mietsachsch\u00e4den<\/li>\n<\/ul>\n<\/li>\n<\/ul>\n<p>&nbsp;<\/p>\n<ul>\n<li style=\"list-style-type: none;\">\n<ul>\n<li>Deliktunf\u00e4hige Kinder<\/li>\n<\/ul>\n<\/li>\n<\/ul>\n<p>&nbsp;<\/p>\n<p>&nbsp;<\/p>\n<p>Diese Liste ist abh\u00e4ngig von der pers\u00f6nlichen Situation des Versicherungsnehmers und seiner Familie und\u00a0noch durch viele Einschl\u00fcsse erweiterbar.\u00a0Durch eine\u00a0Beratung werden wir den f\u00fcr Sie ma\u00dfgeschneiderten Versicherungsschutz finden.<\/p>\n<p>&nbsp;<\/p>\n<p>&nbsp;<\/p>\n<p>&nbsp;<\/p>\n<p>&nbsp;<\/p>\n<p>&nbsp;<\/p>\n<p>&nbsp;<\/p>\n<p>&nbsp;<\/p>\n<p>&nbsp;<\/p>\n<p>&nbsp;<\/p>\n<p>&nbsp;<\/p>\n<p>&nbsp;<\/p>\n<p>&nbsp;<\/p>\n<p>&nbsp;<\/p>\n<p>&nbsp;<\/p>\n<p>&nbsp;<\/p>\n<p>&nbsp;<\/p>\n<p>&nbsp;<\/p>\n<p>&nbsp;<\/p>\n<p>&nbsp;<\/p>\n<p>&nbsp;<\/p>\n<p>&nbsp;<\/p>\n<p>&nbsp;<\/p>\n<p>&nbsp;<\/p>\n<p>&nbsp;<\/p>\n<p>&nbsp;<\/p>\n<p>&nbsp;<\/p>\n<p>&nbsp;<\/p>\n<p>&nbsp;<\/p>\n<p>&nbsp;<\/p>\n<p>&nbsp;<\/p>\n","protected":false},"excerpt":{"rendered":"<p>&nbsp; &nbsp; \u00a0 Eine private Haftpflichtversicherung braucht jeder! Denn jeder haftet f\u00fcr Sch\u00e4den anderer, die er zu verantworten hat, mit seinem gesamten Verm\u00f6gen und seinem Einkommen oberhalb der Pf\u00e4ndungsfreigrenze. Besonders wichtig ist die private Haftpflicht f\u00fcr Familien mit Kindern. &nbsp; &hellip; <a href=\"https:\/\/www.ansia.de\/index.php\/versicherungen\/beispiel-5\/test\/\">Weiterlesen <span class=\"meta-nav\">&rarr;<\/span><\/a><\/p>\n","protected":false},"author":3,"featured_media":0,"parent":26,"menu_order":33,"comment_status":"closed","ping_status":"closed","template":"","meta":{"footnotes":""},"class_list":["post-203","page","type-page","status-publish","hentry"],"yoast_head":"<!-- This site is optimized with the Yoast SEO plugin v26.4 - https:\/\/yoast.com\/wordpress\/plugins\/seo\/ -->\n<title>Privat - Ansia<\/title>\n<meta name=\"robots\" content=\"index, follow, max-snippet:-1, max-image-preview:large, max-video-preview:-1\" \/>\n<link rel=\"canonical\" href=\"https:\/\/www.ansia.de\/index.php\/versicherungen\/beispiel-5\/test\/\" \/>\n<meta property=\"og:locale\" content=\"de_DE\" \/>\n<meta property=\"og:type\" content=\"article\" \/>\n<meta property=\"og:title\" content=\"Privat - Ansia\" \/>\n<meta property=\"og:description\" content=\"&nbsp; &nbsp; \u00a0 Eine private Haftpflichtversicherung braucht jeder! Denn jeder haftet f\u00fcr Sch\u00e4den anderer, die er zu verantworten hat, mit seinem gesamten Verm\u00f6gen und seinem Einkommen oberhalb der Pf\u00e4ndungsfreigrenze. Besonders wichtig ist die private Haftpflicht f\u00fcr Familien mit Kindern. &nbsp; &hellip; Weiterlesen &rarr;\" \/>\n<meta property=\"og:url\" content=\"https:\/\/www.ansia.de\/index.php\/versicherungen\/beispiel-5\/test\/\" \/>\n<meta property=\"og:site_name\" content=\"Ansia\" \/>\n<meta property=\"article:modified_time\" content=\"2024-12-30T14:46:13+00:00\" \/>\n<meta name=\"twitter:card\" content=\"summary_large_image\" \/>\n<script type=\"application\/ld+json\" class=\"yoast-schema-graph\">{\"@context\":\"https:\/\/schema.org\",\"@graph\":[{\"@type\":\"WebPage\",\"@id\":\"https:\/\/www.ansia.de\/index.php\/versicherungen\/beispiel-5\/test\/\",\"url\":\"https:\/\/www.ansia.de\/index.php\/versicherungen\/beispiel-5\/test\/\",\"name\":\"Privat - Ansia\",\"isPartOf\":{\"@id\":\"https:\/\/www.ansia.de\/#website\"},\"datePublished\":\"2011-07-14T16:36:51+00:00\",\"dateModified\":\"2024-12-30T14:46:13+00:00\",\"breadcrumb\":{\"@id\":\"https:\/\/www.ansia.de\/index.php\/versicherungen\/beispiel-5\/test\/#breadcrumb\"},\"inLanguage\":\"de\",\"potentialAction\":[{\"@type\":\"ReadAction\",\"target\":[\"https:\/\/www.ansia.de\/index.php\/versicherungen\/beispiel-5\/test\/\"]}]},{\"@type\":\"BreadcrumbList\",\"@id\":\"https:\/\/www.ansia.de\/index.php\/versicherungen\/beispiel-5\/test\/#breadcrumb\",\"itemListElement\":[{\"@type\":\"ListItem\",\"position\":1,\"name\":\"Startseite\",\"item\":\"https:\/\/www.ansia.de\/\"},{\"@type\":\"ListItem\",\"position\":2,\"name\":\"Versicherungen\",\"item\":\"https:\/\/www.ansia.de\/index.php\/versicherungen\/\"},{\"@type\":\"ListItem\",\"position\":3,\"name\":\"Haftpflicht\",\"item\":\"https:\/\/www.ansia.de\/index.php\/versicherungen\/beispiel-5\/\"},{\"@type\":\"ListItem\",\"position\":4,\"name\":\"Privat\"}]},{\"@type\":\"WebSite\",\"@id\":\"https:\/\/www.ansia.de\/#website\",\"url\":\"https:\/\/www.ansia.de\/\",\"name\":\"Ansia\",\"description\":\"\",\"potentialAction\":[{\"@type\":\"SearchAction\",\"target\":{\"@type\":\"EntryPoint\",\"urlTemplate\":\"https:\/\/www.ansia.de\/?s={search_term_string}\"},\"query-input\":{\"@type\":\"PropertyValueSpecification\",\"valueRequired\":true,\"valueName\":\"search_term_string\"}}],\"inLanguage\":\"de\"}]}<\/script>\n<!-- \/ Yoast SEO plugin. -->","yoast_head_json":{"title":"Privat - Ansia","robots":{"index":"index","follow":"follow","max-snippet":"max-snippet:-1","max-image-preview":"max-image-preview:large","max-video-preview":"max-video-preview:-1"},"canonical":"https:\/\/www.ansia.de\/index.php\/versicherungen\/beispiel-5\/test\/","og_locale":"de_DE","og_type":"article","og_title":"Privat - Ansia","og_description":"&nbsp; &nbsp; \u00a0 Eine private Haftpflichtversicherung braucht jeder! Denn jeder haftet f\u00fcr Sch\u00e4den anderer, die er zu verantworten hat, mit seinem gesamten Verm\u00f6gen und seinem Einkommen oberhalb der Pf\u00e4ndungsfreigrenze. Besonders wichtig ist die private Haftpflicht f\u00fcr Familien mit Kindern. &nbsp; &hellip; Weiterlesen &rarr;","og_url":"https:\/\/www.ansia.de\/index.php\/versicherungen\/beispiel-5\/test\/","og_site_name":"Ansia","article_modified_time":"2024-12-30T14:46:13+00:00","twitter_card":"summary_large_image","schema":{"@context":"https:\/\/schema.org","@graph":[{"@type":"WebPage","@id":"https:\/\/www.ansia.de\/index.php\/versicherungen\/beispiel-5\/test\/","url":"https:\/\/www.ansia.de\/index.php\/versicherungen\/beispiel-5\/test\/","name":"Privat - Ansia","isPartOf":{"@id":"https:\/\/www.ansia.de\/#website"},"datePublished":"2011-07-14T16:36:51+00:00","dateModified":"2024-12-30T14:46:13+00:00","breadcrumb":{"@id":"https:\/\/www.ansia.de\/index.php\/versicherungen\/beispiel-5\/test\/#breadcrumb"},"inLanguage":"de","potentialAction":[{"@type":"ReadAction","target":["https:\/\/www.ansia.de\/index.php\/versicherungen\/beispiel-5\/test\/"]}]},{"@type":"BreadcrumbList","@id":"https:\/\/www.ansia.de\/index.php\/versicherungen\/beispiel-5\/test\/#breadcrumb","itemListElement":[{"@type":"ListItem","position":1,"name":"Startseite","item":"https:\/\/www.ansia.de\/"},{"@type":"ListItem","position":2,"name":"Versicherungen","item":"https:\/\/www.ansia.de\/index.php\/versicherungen\/"},{"@type":"ListItem","position":3,"name":"Haftpflicht","item":"https:\/\/www.ansia.de\/index.php\/versicherungen\/beispiel-5\/"},{"@type":"ListItem","position":4,"name":"Privat"}]},{"@type":"WebSite","@id":"https:\/\/www.ansia.de\/#website","url":"https:\/\/www.ansia.de\/","name":"Ansia","description":"","potentialAction":[{"@type":"SearchAction","target":{"@type":"EntryPoint","urlTemplate":"https:\/\/www.ansia.de\/?s={search_term_string}"},"query-input":{"@type":"PropertyValueSpecification","valueRequired":true,"valueName":"search_term_string"}}],"inLanguage":"de"}]}},"_links":{"self":[{"href":"https:\/\/www.ansia.de\/index.php\/wp-json\/wp\/v2\/pages\/203","targetHints":{"allow":["GET"]}}],"collection":[{"href":"https:\/\/www.ansia.de\/index.php\/wp-json\/wp\/v2\/pages"}],"about":[{"href":"https:\/\/www.ansia.de\/index.php\/wp-json\/wp\/v2\/types\/page"}],"author":[{"embeddable":true,"href":"https:\/\/www.ansia.de\/index.php\/wp-json\/wp\/v2\/users\/3"}],"replies":[{"embeddable":true,"href":"https:\/\/www.ansia.de\/index.php\/wp-json\/wp\/v2\/comments?post=203"}],"version-history":[{"count":15,"href":"https:\/\/www.ansia.de\/index.php\/wp-json\/wp\/v2\/pages\/203\/revisions"}],"predecessor-version":[{"id":3190,"href":"https:\/\/www.ansia.de\/index.php\/wp-json\/wp\/v2\/pages\/203\/revisions\/3190"}],"up":[{"embeddable":true,"href":"https:\/\/www.ansia.de\/index.php\/wp-json\/wp\/v2\/pages\/26"}],"wp:attachment":[{"href":"https:\/\/www.ansia.de\/index.php\/wp-json\/wp\/v2\/media?parent=203"}],"curies":[{"name":"wp","href":"https:\/\/api.w.org\/{rel}","templated":true}]}}