{"id":20,"date":"2011-06-15T14:50:00","date_gmt":"2011-06-15T14:50:00","guid":{"rendered":"http:\/\/localhost\/www.ansia.de\/?page_id=20"},"modified":"2011-09-15T13:26:23","modified_gmt":"2011-09-15T13:26:23","slug":"beispiel-2","status":"publish","type":"page","link":"https:\/\/www.ansia.de\/index.php\/versicherungen\/beispiel-2\/","title":{"rendered":"Unfall"},"content":{"rendered":"<p style=\"text-align: center;\"><img loading=\"lazy\" decoding=\"async\" class=\"aligncenter size-full wp-image-298\" title=\"Unfall\" src=\"https:\/\/www.ansia.de\/wp-content\/uploads\/a_schnee.jpg\" alt=\"\" width=\"670\" height=\"221\" \/><\/p>\n<p><\/p>\n<p>Im \u00a71 der Allgemeinen Unfallversicherungsbedingungen (AUB) wird der Begriff Unfall folgenderma\u00dfen definiert:<\/p>\n<p><\/p>\n<p>\u201cEin Unfall liegt vor, wenn die versicherte Person durch ein pl\u00f6tzlich von au\u00dfen auf ihren K\u00f6rper wirkendes Ereignis (Unfallereignis) unfreiwillig eine Gesundheitssch\u00e4digung erleidet.\u201c Als Unfall gilt auch, wenn durch eine erh\u00f6hte Kraftanstrengung an Gliedma\u00dfen oder Wirbels\u00e4ule ein Gelenk verrenkt wird oder Muskeln, Sehnen, B\u00e4nder oder Kapseln gezerrt oder zerrissen werden.<\/p>\n<p><\/p>\n<p>Das Bild auf dieser Seite zeigt uns nicht nur eine wundervoll\u00a0verschneite Winterlandschaft, sondern auch eine potentielle Gefahrerh\u00f6hung im Bereich der Unfallversicherung. Bei diesen Witterungsverh\u00e4ltnissen ist die Gefahr eines Unfalls\u00a0sehr hoch, ganz besonders bei \u00e4lteren Menschen.<\/p>\n<p><\/p>\n<p>Folgende Leistungen kann man in einen Vertrag einschliessen.<\/p>\n<p><\/p>\n<ul><\/p>\n<li>Todesfallkapital<\/li>\n<p><\/p>\n<li>Invalidit\u00e4tskapital<\/li>\n<p><\/p>\n<li>Unfallrente<\/li>\n<p><\/p>\n<li>Krankenhaustagegeld<\/li>\n<p><\/p>\n<li>Genesungsgeld<\/li>\n<p><\/p>\n<li>Krankentagegeld<\/li>\n<p><\/p>\n<li>\u00dcbergangsleistungen<\/li>\n<p><\/p>\n<li>Kosten f\u00fcr Kosmetische Operationen<\/li>\n<p><\/p>\n<li>Knochenbr\u00fcche<\/li>\n<p><\/p>\n<li>Kurkostenbeihilfe<\/li>\n<p><\/p>\n<li>Haushaltskostenhilfe<\/li>\n<p><\/p>\n<li>Haushaltsservice<\/li>\n<p><\/p>\n<li>Soforthilfe bei schweren Unf\u00e4llen<\/li>\n<p><\/ul>\n<p><\/p>\n<p>Diese Liste ist nicht vollst\u00e4ndig. Dem Einfallsreichtum der Versicherer sind hier buchst\u00e4blich keine Grenzen gesetzt. Doch braucht man diese Einschl\u00fcsse auch wirklich, oder sind ganz andere Fragen wichtig f\u00fcr eine gute private Unfallabsicherung?<\/p>\n<p><\/p>\n<ul><\/p>\n<li>Was ist eine Gliedertaxe und wie wird sie angewand?<\/li>\n<p><\/p>\n<li>Wie hoch darf der Mitwirkungsanteil sein?<\/li>\n<p><\/p>\n<li>Was ist\u00a0bei Vergiftungen durch\u00a0D\u00e4mpfe\u00a0oder Lebensmittel?\u00a0<\/li>\n<p><\/p>\n<li>Wie sieht der Versicherungsschutz bei Insekten oder Tierbissen aus?<\/li>\n<p><\/ul>\n<p><\/p>\n<p>Welchen Versicherungsumfang der Einzelne ausw\u00e4hlt, h\u00e4ngt von seiner pers\u00f6nlichen Situation und seinen Anspr\u00fcchen ab. Unsere Makler helfen Ihnen gerne den besten Versicherungsschutz f\u00fcr Sie zusammenzustellen.<\/p>\n<p><\/p>\n<p>&nbsp;<\/p>\n<p><\/p>\n<p>&nbsp;<\/p>\n<p><\/p>\n<p>&nbsp;<\/p>\n<p><\/p>\n<p>&nbsp;<\/p>\n<p><\/p>\n<p>&nbsp;<\/p>\n<p><\/p>\n<p>&nbsp;<\/p>\n<p><\/p>\n<p>&nbsp;<\/p>\n","protected":false},"excerpt":{"rendered":"<p>Im \u00a71 der Allgemeinen Unfallversicherungsbedingungen (AUB) wird der Begriff Unfall folgenderma\u00dfen definiert: \u201cEin Unfall liegt vor, wenn die versicherte Person durch ein pl\u00f6tzlich von au\u00dfen auf ihren K\u00f6rper wirkendes Ereignis (Unfallereignis) unfreiwillig eine Gesundheitssch\u00e4digung erleidet.\u201c Als Unfall gilt auch, wenn &hellip; <a href=\"https:\/\/www.ansia.de\/index.php\/versicherungen\/beispiel-2\/\">Weiterlesen <span class=\"meta-nav\">&rarr;<\/span><\/a><\/p>\n","protected":false},"author":1,"featured_media":0,"parent":6,"menu_order":99,"comment_status":"closed","ping_status":"closed","template":"","meta":{"footnotes":""},"class_list":["post-20","page","type-page","status-publish","hentry"],"yoast_head":"<!-- This site is optimized with the Yoast SEO plugin v26.4 - https:\/\/yoast.com\/wordpress\/plugins\/seo\/ -->\n<title>Unfall - Ansia<\/title>\n<meta name=\"robots\" content=\"index, follow, max-snippet:-1, max-image-preview:large, max-video-preview:-1\" \/>\n<link rel=\"canonical\" href=\"https:\/\/www.ansia.de\/index.php\/versicherungen\/beispiel-2\/\" \/>\n<meta property=\"og:locale\" content=\"de_DE\" \/>\n<meta property=\"og:type\" content=\"article\" \/>\n<meta property=\"og:title\" content=\"Unfall - Ansia\" \/>\n<meta property=\"og:description\" content=\"Im \u00a71 der Allgemeinen Unfallversicherungsbedingungen (AUB) wird der Begriff Unfall folgenderma\u00dfen definiert: \u201cEin Unfall liegt vor, wenn die versicherte Person durch ein pl\u00f6tzlich von au\u00dfen auf ihren K\u00f6rper wirkendes Ereignis (Unfallereignis) unfreiwillig eine Gesundheitssch\u00e4digung erleidet.\u201c Als Unfall gilt auch, wenn &hellip; Weiterlesen &rarr;\" \/>\n<meta property=\"og:url\" content=\"https:\/\/www.ansia.de\/index.php\/versicherungen\/beispiel-2\/\" \/>\n<meta property=\"og:site_name\" content=\"Ansia\" \/>\n<meta property=\"article:modified_time\" content=\"2011-09-15T13:26:23+00:00\" \/>\n<meta property=\"og:image\" content=\"https:\/\/www.ansia.de\/wp-content\/uploads\/a_schnee.jpg\" \/>\n<meta name=\"twitter:card\" content=\"summary_large_image\" \/>\n<script type=\"application\/ld+json\" class=\"yoast-schema-graph\">{\"@context\":\"https:\/\/schema.org\",\"@graph\":[{\"@type\":\"WebPage\",\"@id\":\"https:\/\/www.ansia.de\/index.php\/versicherungen\/beispiel-2\/\",\"url\":\"https:\/\/www.ansia.de\/index.php\/versicherungen\/beispiel-2\/\",\"name\":\"Unfall - Ansia\",\"isPartOf\":{\"@id\":\"https:\/\/www.ansia.de\/#website\"},\"primaryImageOfPage\":{\"@id\":\"https:\/\/www.ansia.de\/index.php\/versicherungen\/beispiel-2\/#primaryimage\"},\"image\":{\"@id\":\"https:\/\/www.ansia.de\/index.php\/versicherungen\/beispiel-2\/#primaryimage\"},\"thumbnailUrl\":\"https:\/\/www.ansia.de\/wp-content\/uploads\/a_schnee.jpg\",\"datePublished\":\"2011-06-15T14:50:00+00:00\",\"dateModified\":\"2011-09-15T13:26:23+00:00\",\"breadcrumb\":{\"@id\":\"https:\/\/www.ansia.de\/index.php\/versicherungen\/beispiel-2\/#breadcrumb\"},\"inLanguage\":\"de\",\"potentialAction\":[{\"@type\":\"ReadAction\",\"target\":[\"https:\/\/www.ansia.de\/index.php\/versicherungen\/beispiel-2\/\"]}]},{\"@type\":\"ImageObject\",\"inLanguage\":\"de\",\"@id\":\"https:\/\/www.ansia.de\/index.php\/versicherungen\/beispiel-2\/#primaryimage\",\"url\":\"https:\/\/www.ansia.de\/wp-content\/uploads\/a_schnee.jpg\",\"contentUrl\":\"https:\/\/www.ansia.de\/wp-content\/uploads\/a_schnee.jpg\",\"width\":\"670\",\"height\":\"221\"},{\"@type\":\"BreadcrumbList\",\"@id\":\"https:\/\/www.ansia.de\/index.php\/versicherungen\/beispiel-2\/#breadcrumb\",\"itemListElement\":[{\"@type\":\"ListItem\",\"position\":1,\"name\":\"Startseite\",\"item\":\"https:\/\/www.ansia.de\/\"},{\"@type\":\"ListItem\",\"position\":2,\"name\":\"Versicherungen\",\"item\":\"https:\/\/www.ansia.de\/index.php\/versicherungen\/\"},{\"@type\":\"ListItem\",\"position\":3,\"name\":\"Unfall\"}]},{\"@type\":\"WebSite\",\"@id\":\"https:\/\/www.ansia.de\/#website\",\"url\":\"https:\/\/www.ansia.de\/\",\"name\":\"Ansia\",\"description\":\"\",\"potentialAction\":[{\"@type\":\"SearchAction\",\"target\":{\"@type\":\"EntryPoint\",\"urlTemplate\":\"https:\/\/www.ansia.de\/?s={search_term_string}\"},\"query-input\":{\"@type\":\"PropertyValueSpecification\",\"valueRequired\":true,\"valueName\":\"search_term_string\"}}],\"inLanguage\":\"de\"}]}<\/script>\n<!-- \/ Yoast SEO plugin. -->","yoast_head_json":{"title":"Unfall - Ansia","robots":{"index":"index","follow":"follow","max-snippet":"max-snippet:-1","max-image-preview":"max-image-preview:large","max-video-preview":"max-video-preview:-1"},"canonical":"https:\/\/www.ansia.de\/index.php\/versicherungen\/beispiel-2\/","og_locale":"de_DE","og_type":"article","og_title":"Unfall - Ansia","og_description":"Im \u00a71 der Allgemeinen Unfallversicherungsbedingungen (AUB) wird der Begriff Unfall folgenderma\u00dfen definiert: \u201cEin Unfall liegt vor, wenn die versicherte Person durch ein pl\u00f6tzlich von au\u00dfen auf ihren K\u00f6rper wirkendes Ereignis (Unfallereignis) unfreiwillig eine Gesundheitssch\u00e4digung erleidet.\u201c Als Unfall gilt auch, wenn &hellip; Weiterlesen &rarr;","og_url":"https:\/\/www.ansia.de\/index.php\/versicherungen\/beispiel-2\/","og_site_name":"Ansia","article_modified_time":"2011-09-15T13:26:23+00:00","og_image":[{"url":"https:\/\/www.ansia.de\/wp-content\/uploads\/a_schnee.jpg","type":"","width":"","height":""}],"twitter_card":"summary_large_image","schema":{"@context":"https:\/\/schema.org","@graph":[{"@type":"WebPage","@id":"https:\/\/www.ansia.de\/index.php\/versicherungen\/beispiel-2\/","url":"https:\/\/www.ansia.de\/index.php\/versicherungen\/beispiel-2\/","name":"Unfall - Ansia","isPartOf":{"@id":"https:\/\/www.ansia.de\/#website"},"primaryImageOfPage":{"@id":"https:\/\/www.ansia.de\/index.php\/versicherungen\/beispiel-2\/#primaryimage"},"image":{"@id":"https:\/\/www.ansia.de\/index.php\/versicherungen\/beispiel-2\/#primaryimage"},"thumbnailUrl":"https:\/\/www.ansia.de\/wp-content\/uploads\/a_schnee.jpg","datePublished":"2011-06-15T14:50:00+00:00","dateModified":"2011-09-15T13:26:23+00:00","breadcrumb":{"@id":"https:\/\/www.ansia.de\/index.php\/versicherungen\/beispiel-2\/#breadcrumb"},"inLanguage":"de","potentialAction":[{"@type":"ReadAction","target":["https:\/\/www.ansia.de\/index.php\/versicherungen\/beispiel-2\/"]}]},{"@type":"ImageObject","inLanguage":"de","@id":"https:\/\/www.ansia.de\/index.php\/versicherungen\/beispiel-2\/#primaryimage","url":"https:\/\/www.ansia.de\/wp-content\/uploads\/a_schnee.jpg","contentUrl":"https:\/\/www.ansia.de\/wp-content\/uploads\/a_schnee.jpg","width":"670","height":"221"},{"@type":"BreadcrumbList","@id":"https:\/\/www.ansia.de\/index.php\/versicherungen\/beispiel-2\/#breadcrumb","itemListElement":[{"@type":"ListItem","position":1,"name":"Startseite","item":"https:\/\/www.ansia.de\/"},{"@type":"ListItem","position":2,"name":"Versicherungen","item":"https:\/\/www.ansia.de\/index.php\/versicherungen\/"},{"@type":"ListItem","position":3,"name":"Unfall"}]},{"@type":"WebSite","@id":"https:\/\/www.ansia.de\/#website","url":"https:\/\/www.ansia.de\/","name":"Ansia","description":"","potentialAction":[{"@type":"SearchAction","target":{"@type":"EntryPoint","urlTemplate":"https:\/\/www.ansia.de\/?s={search_term_string}"},"query-input":{"@type":"PropertyValueSpecification","valueRequired":true,"valueName":"search_term_string"}}],"inLanguage":"de"}]}},"_links":{"self":[{"href":"https:\/\/www.ansia.de\/index.php\/wp-json\/wp\/v2\/pages\/20","targetHints":{"allow":["GET"]}}],"collection":[{"href":"https:\/\/www.ansia.de\/index.php\/wp-json\/wp\/v2\/pages"}],"about":[{"href":"https:\/\/www.ansia.de\/index.php\/wp-json\/wp\/v2\/types\/page"}],"author":[{"embeddable":true,"href":"https:\/\/www.ansia.de\/index.php\/wp-json\/wp\/v2\/users\/1"}],"replies":[{"embeddable":true,"href":"https:\/\/www.ansia.de\/index.php\/wp-json\/wp\/v2\/comments?post=20"}],"version-history":[{"count":32,"href":"https:\/\/www.ansia.de\/index.php\/wp-json\/wp\/v2\/pages\/20\/revisions"}],"predecessor-version":[{"id":1081,"href":"https:\/\/www.ansia.de\/index.php\/wp-json\/wp\/v2\/pages\/20\/revisions\/1081"}],"up":[{"embeddable":true,"href":"https:\/\/www.ansia.de\/index.php\/wp-json\/wp\/v2\/pages\/6"}],"wp:attachment":[{"href":"https:\/\/www.ansia.de\/index.php\/wp-json\/wp\/v2\/media?parent=20"}],"curies":[{"name":"wp","href":"https:\/\/api.w.org\/{rel}","templated":true}]}}