{"id":2,"date":"2011-05-22T12:50:41","date_gmt":"2011-05-22T12:50:41","guid":{"rendered":"http:\/\/localhost\/www.ansia.de\/?page_id=2"},"modified":"2026-03-27T12:47:03","modified_gmt":"2026-03-27T12:47:03","slug":"ansiahome","status":"publish","type":"page","link":"https:\/\/www.ansia.de\/","title":{"rendered":"Startseite"},"content":{"rendered":"<p>Ihr kompetenter Ansprechpartner, wenn es um den optimalen Versicherungsschutz geht. Sch\u00f6n, dass Sie uns in den gro\u00dfen Weiten des Internets gefunden haben. Auf dieser Homepage haben wir unser breites Leistungsspektrum in den Bereichen Personen,- Sach und Rechtsschutzversicherungen dargestellt.<\/p>\n<p>Wir betreuen\u00a0Gewerbe- und\u00a0Privatkunden.<\/p>\n<div id=\"attachment_1647\" style=\"width: 680px\" class=\"wp-caption alignnone\"><img loading=\"lazy\" decoding=\"async\" aria-describedby=\"caption-attachment-1647\" class=\"wp-image-1647 size-medium\" src=\"https:\/\/www.ansia.de\/wp-content\/uploads\/DSCN0412-670x502.jpg\" alt=\"\" width=\"670\" height=\"502\" srcset=\"https:\/\/www.ansia.de\/wp-content\/uploads\/DSCN0412-670x502.jpg 670w, https:\/\/www.ansia.de\/wp-content\/uploads\/DSCN0412-1024x768.jpg 1024w\" sizes=\"auto, (max-width: 670px) 100vw, 670px\" \/><p id=\"caption-attachment-1647\" class=\"wp-caption-text\">Fr\u00fchling<\/p><\/div>\n<p>Auf der Seite\u00a0 &#8211; Versicherungen &#8211;\u00a0haben wir die sogenannten\u00a0 &#8222;allt\u00e4glichen Risiken&#8220; aufgef\u00fchrt und\u00a0auf Besonderheiten des jeweiligen Versicherungsschutzes hingewiesen. Im Artikelbereich -Aktuelle Informationen- finden Sie\u00a0einige spezielle Angebote f\u00fcr besondere Personen oder Berufsgruppen. Wenn Sie die Inhalte dieser beiden\u00a0Bereiche eingesehen haben,\u00a0werden Sie verstehen,\u00a0warum Sie die Seite -Onlineabschluss- vergeblich bei uns suchen werden. Das ANSIA-Team und die uns angeschlossenen Makler m\u00f6chten Sie pers\u00f6nlich beraten und betreuen. Seien Sie also herzlich eingeladen auf unserer Homepage zu st\u00f6bern.<\/p>\n<p>Ihr ANSIA-Team<\/p>\n","protected":false},"excerpt":{"rendered":"<p>Ihr kompetenter Ansprechpartner, wenn es um den optimalen Versicherungsschutz geht. Sch\u00f6n, dass Sie uns in den gro\u00dfen Weiten des Internets gefunden haben. Auf dieser Homepage haben wir unser breites Leistungsspektrum in den Bereichen Personen,- Sach und Rechtsschutzversicherungen dargestellt. Wir betreuen\u00a0Gewerbe- &hellip; <a href=\"https:\/\/www.ansia.de\/\">Weiterlesen <span class=\"meta-nav\">&rarr;<\/span><\/a><\/p>\n","protected":false},"author":1,"featured_media":0,"parent":0,"menu_order":11,"comment_status":"closed","ping_status":"closed","template":"","meta":{"footnotes":""},"class_list":["post-2","page","type-page","status-publish","hentry"],"yoast_head":"<!-- This site is optimized with the Yoast SEO plugin v26.4 - https:\/\/yoast.com\/wordpress\/plugins\/seo\/ -->\n<title>Startseite - Ansia<\/title>\n<meta name=\"robots\" content=\"index, follow, max-snippet:-1, max-image-preview:large, max-video-preview:-1\" \/>\n<link rel=\"canonical\" href=\"https:\/\/www.ansia.de\/\" \/>\n<meta property=\"og:locale\" content=\"de_DE\" \/>\n<meta property=\"og:type\" content=\"article\" \/>\n<meta property=\"og:title\" content=\"Startseite - Ansia\" \/>\n<meta property=\"og:description\" content=\"Ihr kompetenter Ansprechpartner, wenn es um den optimalen Versicherungsschutz geht. Sch\u00f6n, dass Sie uns in den gro\u00dfen Weiten des Internets gefunden haben. Auf dieser Homepage haben wir unser breites Leistungsspektrum in den Bereichen Personen,- Sach und Rechtsschutzversicherungen dargestellt. Wir betreuen\u00a0Gewerbe- &hellip; Weiterlesen &rarr;\" \/>\n<meta property=\"og:url\" content=\"https:\/\/www.ansia.de\/\" \/>\n<meta property=\"og:site_name\" content=\"Ansia\" \/>\n<meta property=\"article:modified_time\" content=\"2026-03-27T12:47:03+00:00\" \/>\n<meta property=\"og:image\" content=\"https:\/\/www.ansia.de\/wp-content\/uploads\/DSCN0412.jpg\" \/>\n\t<meta property=\"og:image:width\" content=\"2592\" \/>\n\t<meta property=\"og:image:height\" content=\"1944\" \/>\n\t<meta property=\"og:image:type\" content=\"image\/jpeg\" \/>\n<meta name=\"twitter:card\" content=\"summary_large_image\" \/>\n<script type=\"application\/ld+json\" class=\"yoast-schema-graph\">{\"@context\":\"https:\/\/schema.org\",\"@graph\":[{\"@type\":\"WebPage\",\"@id\":\"https:\/\/www.ansia.de\/\",\"url\":\"https:\/\/www.ansia.de\/\",\"name\":\"Startseite - Ansia\",\"isPartOf\":{\"@id\":\"https:\/\/www.ansia.de\/#website\"},\"primaryImageOfPage\":{\"@id\":\"https:\/\/www.ansia.de\/#primaryimage\"},\"image\":{\"@id\":\"https:\/\/www.ansia.de\/#primaryimage\"},\"thumbnailUrl\":\"https:\/\/www.ansia.de\/wp-content\/uploads\/DSCN0412-670x502.jpg\",\"datePublished\":\"2011-05-22T12:50:41+00:00\",\"dateModified\":\"2026-03-27T12:47:03+00:00\",\"breadcrumb\":{\"@id\":\"https:\/\/www.ansia.de\/#breadcrumb\"},\"inLanguage\":\"de\",\"potentialAction\":[{\"@type\":\"ReadAction\",\"target\":[\"https:\/\/www.ansia.de\/\"]}]},{\"@type\":\"ImageObject\",\"inLanguage\":\"de\",\"@id\":\"https:\/\/www.ansia.de\/#primaryimage\",\"url\":\"https:\/\/www.ansia.de\/wp-content\/uploads\/DSCN0412.jpg\",\"contentUrl\":\"https:\/\/www.ansia.de\/wp-content\/uploads\/DSCN0412.jpg\",\"width\":\"2592\",\"height\":\"1944\",\"caption\":\"Fr\u00fchling\"},{\"@type\":\"BreadcrumbList\",\"@id\":\"https:\/\/www.ansia.de\/#breadcrumb\",\"itemListElement\":[{\"@type\":\"ListItem\",\"position\":1,\"name\":\"Startseite\",\"item\":\"https:\/\/www.ansia.de\/\"},{\"@type\":\"ListItem\",\"position\":2,\"name\":\"Startseite\"}]},{\"@type\":\"WebSite\",\"@id\":\"https:\/\/www.ansia.de\/#website\",\"url\":\"https:\/\/www.ansia.de\/\",\"name\":\"Ansia\",\"description\":\"\",\"potentialAction\":[{\"@type\":\"SearchAction\",\"target\":{\"@type\":\"EntryPoint\",\"urlTemplate\":\"https:\/\/www.ansia.de\/?s={search_term_string}\"},\"query-input\":{\"@type\":\"PropertyValueSpecification\",\"valueRequired\":true,\"valueName\":\"search_term_string\"}}],\"inLanguage\":\"de\"}]}<\/script>\n<!-- \/ Yoast SEO plugin. -->","yoast_head_json":{"title":"Startseite - Ansia","robots":{"index":"index","follow":"follow","max-snippet":"max-snippet:-1","max-image-preview":"max-image-preview:large","max-video-preview":"max-video-preview:-1"},"canonical":"https:\/\/www.ansia.de\/","og_locale":"de_DE","og_type":"article","og_title":"Startseite - Ansia","og_description":"Ihr kompetenter Ansprechpartner, wenn es um den optimalen Versicherungsschutz geht. Sch\u00f6n, dass Sie uns in den gro\u00dfen Weiten des Internets gefunden haben. Auf dieser Homepage haben wir unser breites Leistungsspektrum in den Bereichen Personen,- Sach und Rechtsschutzversicherungen dargestellt. Wir betreuen\u00a0Gewerbe- &hellip; Weiterlesen &rarr;","og_url":"https:\/\/www.ansia.de\/","og_site_name":"Ansia","article_modified_time":"2026-03-27T12:47:03+00:00","og_image":[{"width":2592,"height":1944,"url":"https:\/\/www.ansia.de\/wp-content\/uploads\/DSCN0412.jpg","type":"image\/jpeg"}],"twitter_card":"summary_large_image","schema":{"@context":"https:\/\/schema.org","@graph":[{"@type":"WebPage","@id":"https:\/\/www.ansia.de\/","url":"https:\/\/www.ansia.de\/","name":"Startseite - Ansia","isPartOf":{"@id":"https:\/\/www.ansia.de\/#website"},"primaryImageOfPage":{"@id":"https:\/\/www.ansia.de\/#primaryimage"},"image":{"@id":"https:\/\/www.ansia.de\/#primaryimage"},"thumbnailUrl":"https:\/\/www.ansia.de\/wp-content\/uploads\/DSCN0412-670x502.jpg","datePublished":"2011-05-22T12:50:41+00:00","dateModified":"2026-03-27T12:47:03+00:00","breadcrumb":{"@id":"https:\/\/www.ansia.de\/#breadcrumb"},"inLanguage":"de","potentialAction":[{"@type":"ReadAction","target":["https:\/\/www.ansia.de\/"]}]},{"@type":"ImageObject","inLanguage":"de","@id":"https:\/\/www.ansia.de\/#primaryimage","url":"https:\/\/www.ansia.de\/wp-content\/uploads\/DSCN0412.jpg","contentUrl":"https:\/\/www.ansia.de\/wp-content\/uploads\/DSCN0412.jpg","width":"2592","height":"1944","caption":"Fr\u00fchling"},{"@type":"BreadcrumbList","@id":"https:\/\/www.ansia.de\/#breadcrumb","itemListElement":[{"@type":"ListItem","position":1,"name":"Startseite","item":"https:\/\/www.ansia.de\/"},{"@type":"ListItem","position":2,"name":"Startseite"}]},{"@type":"WebSite","@id":"https:\/\/www.ansia.de\/#website","url":"https:\/\/www.ansia.de\/","name":"Ansia","description":"","potentialAction":[{"@type":"SearchAction","target":{"@type":"EntryPoint","urlTemplate":"https:\/\/www.ansia.de\/?s={search_term_string}"},"query-input":{"@type":"PropertyValueSpecification","valueRequired":true,"valueName":"search_term_string"}}],"inLanguage":"de"}]}},"_links":{"self":[{"href":"https:\/\/www.ansia.de\/index.php\/wp-json\/wp\/v2\/pages\/2","targetHints":{"allow":["GET"]}}],"collection":[{"href":"https:\/\/www.ansia.de\/index.php\/wp-json\/wp\/v2\/pages"}],"about":[{"href":"https:\/\/www.ansia.de\/index.php\/wp-json\/wp\/v2\/types\/page"}],"author":[{"embeddable":true,"href":"https:\/\/www.ansia.de\/index.php\/wp-json\/wp\/v2\/users\/1"}],"replies":[{"embeddable":true,"href":"https:\/\/www.ansia.de\/index.php\/wp-json\/wp\/v2\/comments?post=2"}],"version-history":[{"count":158,"href":"https:\/\/www.ansia.de\/index.php\/wp-json\/wp\/v2\/pages\/2\/revisions"}],"predecessor-version":[{"id":3243,"href":"https:\/\/www.ansia.de\/index.php\/wp-json\/wp\/v2\/pages\/2\/revisions\/3243"}],"wp:attachment":[{"href":"https:\/\/www.ansia.de\/index.php\/wp-json\/wp\/v2\/media?parent=2"}],"curies":[{"name":"wp","href":"https:\/\/api.w.org\/{rel}","templated":true}]}}