{"id":169,"date":"2011-07-14T15:22:25","date_gmt":"2011-07-14T15:22:25","guid":{"rendered":"http:\/\/www.ansia.de\/?page_id=169"},"modified":"2024-12-30T14:49:23","modified_gmt":"2024-12-30T14:49:23","slug":"tierhalterhaftpflicht","status":"publish","type":"page","link":"https:\/\/www.ansia.de\/index.php\/versicherungen\/beispiel-5\/tierhalterhaftpflicht\/","title":{"rendered":"Tierhalter"},"content":{"rendered":"<p>&nbsp;<\/p>\n<p>F\u00fcr Sch\u00e4den, die ein Tier anrichtet, haftet der Tierhalter. Auch wenn diesem im Schadenfall kein eigenes Verschulden angelastet werden kann, sagt das BGB, dass schon das Halten eines Tieres eine Gefahr dastellt. Das nennt man Gef\u00e4hrdungshaftung.<\/p>\n<p>&nbsp;<\/p>\n<p>Der Tierhalter haftet f\u00fcr alle Sach-, Personen und Verm\u00f6gensch\u00e4den die das Tier verursacht.<\/p>\n<p>&nbsp;<\/p>\n<p><a href=\"https:\/\/www.ansia.de\/wp-content\/uploads\/IMGP34131.jpg\" rel=\"lightbox[169]\"><img loading=\"lazy\" decoding=\"async\" class=\"aligncenter size-large wp-image-656\" title=\"IMGP3413[1]\" src=\"https:\/\/www.ansia.de\/wp-content\/uploads\/IMGP34131-1024x685.jpg\" alt=\"\" width=\"640\" height=\"428\" srcset=\"https:\/\/www.ansia.de\/wp-content\/uploads\/IMGP34131-1024x685.jpg 1024w, https:\/\/www.ansia.de\/wp-content\/uploads\/IMGP34131-670x448.jpg 670w, https:\/\/www.ansia.de\/wp-content\/uploads\/IMGP34131.jpg 1200w\" sizes=\"auto, (max-width: 640px) 100vw, 640px\" \/><\/a><\/p>\n<p>&nbsp;<\/p>\n<p>In der Tierhalterhaftpflicht werden im Normalfall Hunde und Pferde versichert.<\/p>\n<p>&nbsp;<\/p>\n<p>Im Artikel &#8220; Aktuelles &#8220; haben wir eine\u00a0Hundehaftpflichtversicherung mit unserer sehr g\u00fcnstigen ANSIA &#8211; Pr\u00e4mie eingestellt.<\/p>\n","protected":false},"excerpt":{"rendered":"<p>&nbsp; F\u00fcr Sch\u00e4den, die ein Tier anrichtet, haftet der Tierhalter. Auch wenn diesem im Schadenfall kein eigenes Verschulden angelastet werden kann, sagt das BGB, dass schon das Halten eines Tieres eine Gefahr dastellt. Das nennt man Gef\u00e4hrdungshaftung. &nbsp; Der Tierhalter &hellip; <a href=\"https:\/\/www.ansia.de\/index.php\/versicherungen\/beispiel-5\/tierhalterhaftpflicht\/\">Weiterlesen <span class=\"meta-nav\">&rarr;<\/span><\/a><\/p>\n","protected":false},"author":4,"featured_media":0,"parent":26,"menu_order":66,"comment_status":"closed","ping_status":"closed","template":"","meta":{"footnotes":""},"class_list":["post-169","page","type-page","status-publish","hentry"],"yoast_head":"<!-- This site is optimized with the Yoast SEO plugin v26.4 - https:\/\/yoast.com\/wordpress\/plugins\/seo\/ -->\n<title>Tierhalter - Ansia<\/title>\n<meta name=\"robots\" content=\"index, follow, max-snippet:-1, max-image-preview:large, max-video-preview:-1\" \/>\n<link rel=\"canonical\" href=\"https:\/\/www.ansia.de\/index.php\/versicherungen\/beispiel-5\/tierhalterhaftpflicht\/\" \/>\n<meta property=\"og:locale\" content=\"de_DE\" \/>\n<meta property=\"og:type\" content=\"article\" \/>\n<meta property=\"og:title\" content=\"Tierhalter - Ansia\" \/>\n<meta property=\"og:description\" content=\"&nbsp; F\u00fcr Sch\u00e4den, die ein Tier anrichtet, haftet der Tierhalter. Auch wenn diesem im Schadenfall kein eigenes Verschulden angelastet werden kann, sagt das BGB, dass schon das Halten eines Tieres eine Gefahr dastellt. Das nennt man Gef\u00e4hrdungshaftung. &nbsp; Der Tierhalter &hellip; Weiterlesen &rarr;\" \/>\n<meta property=\"og:url\" content=\"https:\/\/www.ansia.de\/index.php\/versicherungen\/beispiel-5\/tierhalterhaftpflicht\/\" \/>\n<meta property=\"og:site_name\" content=\"Ansia\" \/>\n<meta property=\"article:modified_time\" content=\"2024-12-30T14:49:23+00:00\" \/>\n<meta property=\"og:image\" content=\"https:\/\/www.ansia.de\/wp-content\/uploads\/IMGP34131.jpg\" \/>\n\t<meta property=\"og:image:width\" content=\"1200\" \/>\n\t<meta property=\"og:image:height\" content=\"803\" \/>\n\t<meta property=\"og:image:type\" content=\"image\/jpeg\" \/>\n<meta name=\"twitter:card\" content=\"summary_large_image\" \/>\n<script type=\"application\/ld+json\" class=\"yoast-schema-graph\">{\"@context\":\"https:\/\/schema.org\",\"@graph\":[{\"@type\":\"WebPage\",\"@id\":\"https:\/\/www.ansia.de\/index.php\/versicherungen\/beispiel-5\/tierhalterhaftpflicht\/\",\"url\":\"https:\/\/www.ansia.de\/index.php\/versicherungen\/beispiel-5\/tierhalterhaftpflicht\/\",\"name\":\"Tierhalter - Ansia\",\"isPartOf\":{\"@id\":\"https:\/\/www.ansia.de\/#website\"},\"primaryImageOfPage\":{\"@id\":\"https:\/\/www.ansia.de\/index.php\/versicherungen\/beispiel-5\/tierhalterhaftpflicht\/#primaryimage\"},\"image\":{\"@id\":\"https:\/\/www.ansia.de\/index.php\/versicherungen\/beispiel-5\/tierhalterhaftpflicht\/#primaryimage\"},\"thumbnailUrl\":\"https:\/\/www.ansia.de\/wp-content\/uploads\/IMGP34131-1024x685.jpg\",\"datePublished\":\"2011-07-14T15:22:25+00:00\",\"dateModified\":\"2024-12-30T14:49:23+00:00\",\"breadcrumb\":{\"@id\":\"https:\/\/www.ansia.de\/index.php\/versicherungen\/beispiel-5\/tierhalterhaftpflicht\/#breadcrumb\"},\"inLanguage\":\"de\",\"potentialAction\":[{\"@type\":\"ReadAction\",\"target\":[\"https:\/\/www.ansia.de\/index.php\/versicherungen\/beispiel-5\/tierhalterhaftpflicht\/\"]}]},{\"@type\":\"ImageObject\",\"inLanguage\":\"de\",\"@id\":\"https:\/\/www.ansia.de\/index.php\/versicherungen\/beispiel-5\/tierhalterhaftpflicht\/#primaryimage\",\"url\":\"https:\/\/www.ansia.de\/wp-content\/uploads\/IMGP34131.jpg\",\"contentUrl\":\"https:\/\/www.ansia.de\/wp-content\/uploads\/IMGP34131.jpg\",\"width\":\"1200\",\"height\":\"803\"},{\"@type\":\"BreadcrumbList\",\"@id\":\"https:\/\/www.ansia.de\/index.php\/versicherungen\/beispiel-5\/tierhalterhaftpflicht\/#breadcrumb\",\"itemListElement\":[{\"@type\":\"ListItem\",\"position\":1,\"name\":\"Startseite\",\"item\":\"https:\/\/www.ansia.de\/\"},{\"@type\":\"ListItem\",\"position\":2,\"name\":\"Versicherungen\",\"item\":\"https:\/\/www.ansia.de\/index.php\/versicherungen\/\"},{\"@type\":\"ListItem\",\"position\":3,\"name\":\"Haftpflicht\",\"item\":\"https:\/\/www.ansia.de\/index.php\/versicherungen\/beispiel-5\/\"},{\"@type\":\"ListItem\",\"position\":4,\"name\":\"Tierhalter\"}]},{\"@type\":\"WebSite\",\"@id\":\"https:\/\/www.ansia.de\/#website\",\"url\":\"https:\/\/www.ansia.de\/\",\"name\":\"Ansia\",\"description\":\"\",\"potentialAction\":[{\"@type\":\"SearchAction\",\"target\":{\"@type\":\"EntryPoint\",\"urlTemplate\":\"https:\/\/www.ansia.de\/?s={search_term_string}\"},\"query-input\":{\"@type\":\"PropertyValueSpecification\",\"valueRequired\":true,\"valueName\":\"search_term_string\"}}],\"inLanguage\":\"de\"}]}<\/script>\n<!-- \/ Yoast SEO plugin. -->","yoast_head_json":{"title":"Tierhalter - Ansia","robots":{"index":"index","follow":"follow","max-snippet":"max-snippet:-1","max-image-preview":"max-image-preview:large","max-video-preview":"max-video-preview:-1"},"canonical":"https:\/\/www.ansia.de\/index.php\/versicherungen\/beispiel-5\/tierhalterhaftpflicht\/","og_locale":"de_DE","og_type":"article","og_title":"Tierhalter - Ansia","og_description":"&nbsp; F\u00fcr Sch\u00e4den, die ein Tier anrichtet, haftet der Tierhalter. Auch wenn diesem im Schadenfall kein eigenes Verschulden angelastet werden kann, sagt das BGB, dass schon das Halten eines Tieres eine Gefahr dastellt. Das nennt man Gef\u00e4hrdungshaftung. &nbsp; Der Tierhalter &hellip; Weiterlesen &rarr;","og_url":"https:\/\/www.ansia.de\/index.php\/versicherungen\/beispiel-5\/tierhalterhaftpflicht\/","og_site_name":"Ansia","article_modified_time":"2024-12-30T14:49:23+00:00","og_image":[{"width":1200,"height":803,"url":"https:\/\/www.ansia.de\/wp-content\/uploads\/IMGP34131.jpg","type":"image\/jpeg"}],"twitter_card":"summary_large_image","schema":{"@context":"https:\/\/schema.org","@graph":[{"@type":"WebPage","@id":"https:\/\/www.ansia.de\/index.php\/versicherungen\/beispiel-5\/tierhalterhaftpflicht\/","url":"https:\/\/www.ansia.de\/index.php\/versicherungen\/beispiel-5\/tierhalterhaftpflicht\/","name":"Tierhalter - Ansia","isPartOf":{"@id":"https:\/\/www.ansia.de\/#website"},"primaryImageOfPage":{"@id":"https:\/\/www.ansia.de\/index.php\/versicherungen\/beispiel-5\/tierhalterhaftpflicht\/#primaryimage"},"image":{"@id":"https:\/\/www.ansia.de\/index.php\/versicherungen\/beispiel-5\/tierhalterhaftpflicht\/#primaryimage"},"thumbnailUrl":"https:\/\/www.ansia.de\/wp-content\/uploads\/IMGP34131-1024x685.jpg","datePublished":"2011-07-14T15:22:25+00:00","dateModified":"2024-12-30T14:49:23+00:00","breadcrumb":{"@id":"https:\/\/www.ansia.de\/index.php\/versicherungen\/beispiel-5\/tierhalterhaftpflicht\/#breadcrumb"},"inLanguage":"de","potentialAction":[{"@type":"ReadAction","target":["https:\/\/www.ansia.de\/index.php\/versicherungen\/beispiel-5\/tierhalterhaftpflicht\/"]}]},{"@type":"ImageObject","inLanguage":"de","@id":"https:\/\/www.ansia.de\/index.php\/versicherungen\/beispiel-5\/tierhalterhaftpflicht\/#primaryimage","url":"https:\/\/www.ansia.de\/wp-content\/uploads\/IMGP34131.jpg","contentUrl":"https:\/\/www.ansia.de\/wp-content\/uploads\/IMGP34131.jpg","width":"1200","height":"803"},{"@type":"BreadcrumbList","@id":"https:\/\/www.ansia.de\/index.php\/versicherungen\/beispiel-5\/tierhalterhaftpflicht\/#breadcrumb","itemListElement":[{"@type":"ListItem","position":1,"name":"Startseite","item":"https:\/\/www.ansia.de\/"},{"@type":"ListItem","position":2,"name":"Versicherungen","item":"https:\/\/www.ansia.de\/index.php\/versicherungen\/"},{"@type":"ListItem","position":3,"name":"Haftpflicht","item":"https:\/\/www.ansia.de\/index.php\/versicherungen\/beispiel-5\/"},{"@type":"ListItem","position":4,"name":"Tierhalter"}]},{"@type":"WebSite","@id":"https:\/\/www.ansia.de\/#website","url":"https:\/\/www.ansia.de\/","name":"Ansia","description":"","potentialAction":[{"@type":"SearchAction","target":{"@type":"EntryPoint","urlTemplate":"https:\/\/www.ansia.de\/?s={search_term_string}"},"query-input":{"@type":"PropertyValueSpecification","valueRequired":true,"valueName":"search_term_string"}}],"inLanguage":"de"}]}},"_links":{"self":[{"href":"https:\/\/www.ansia.de\/index.php\/wp-json\/wp\/v2\/pages\/169","targetHints":{"allow":["GET"]}}],"collection":[{"href":"https:\/\/www.ansia.de\/index.php\/wp-json\/wp\/v2\/pages"}],"about":[{"href":"https:\/\/www.ansia.de\/index.php\/wp-json\/wp\/v2\/types\/page"}],"author":[{"embeddable":true,"href":"https:\/\/www.ansia.de\/index.php\/wp-json\/wp\/v2\/users\/4"}],"replies":[{"embeddable":true,"href":"https:\/\/www.ansia.de\/index.php\/wp-json\/wp\/v2\/comments?post=169"}],"version-history":[{"count":15,"href":"https:\/\/www.ansia.de\/index.php\/wp-json\/wp\/v2\/pages\/169\/revisions"}],"predecessor-version":[{"id":3192,"href":"https:\/\/www.ansia.de\/index.php\/wp-json\/wp\/v2\/pages\/169\/revisions\/3192"}],"up":[{"embeddable":true,"href":"https:\/\/www.ansia.de\/index.php\/wp-json\/wp\/v2\/pages\/26"}],"wp:attachment":[{"href":"https:\/\/www.ansia.de\/index.php\/wp-json\/wp\/v2\/media?parent=169"}],"curies":[{"name":"wp","href":"https:\/\/api.w.org\/{rel}","templated":true}]}}