{"id":1598,"date":"2012-02-01T16:18:11","date_gmt":"2012-02-01T16:18:11","guid":{"rendered":"http:\/\/www.ansia.de\/?page_id=1598"},"modified":"2012-02-01T16:24:49","modified_gmt":"2012-02-01T16:24:49","slug":"gewerbliche-sachversicherungen","status":"publish","type":"page","link":"https:\/\/www.ansia.de\/index.php\/versicherungen\/gewerbliche-sachversicherungen\/","title":{"rendered":"Gewerbliche Sachversicherungen"},"content":{"rendered":"<p><strong>Zu den wichtigsten gewerblichen Sachvertr\u00e4gen z\u00e4hlen folgende Einzelrisiken:<\/strong><\/p>\n<p><\/p>\n<ul><\/p>\n<li><strong>Gesch\u00e4ftsinhaltsversicherung<\/strong><\/li>\n<p><\/p>\n<li><strong>Betriebsunterbrechung<\/strong><\/li>\n<p><\/p>\n<li><strong>Betriebskosten<\/strong><\/li>\n<p><\/p>\n<li><strong>Elektronik<\/strong><\/li>\n<p><\/p>\n<li><strong>Maschinenversicherung<\/strong><\/li>\n<p><\/p>\n<li><strong>Ertragsausfall<\/strong><\/li>\n<p><\/p>\n<li><strong>Betriebsschlie\u00dfung<\/strong><\/li>\n<p><\/p>\n<li><strong>Glas-und Werbeanlagen<\/strong><\/li>\n<p><\/p>\n<li><strong>Gesch\u00e4ftsgeb\u00e4ude<\/strong><\/li>\n<p><\/p>\n<li><strong>Betriebshaftpflicht<\/strong><\/li>\n<p><\/ul>\n","protected":false},"excerpt":{"rendered":"<p>Zu den wichtigsten gewerblichen Sachvertr\u00e4gen z\u00e4hlen folgende Einzelrisiken: Gesch\u00e4ftsinhaltsversicherung Betriebsunterbrechung Betriebskosten Elektronik Maschinenversicherung Ertragsausfall Betriebsschlie\u00dfung Glas-und Werbeanlagen Gesch\u00e4ftsgeb\u00e4ude Betriebshaftpflicht<\/p>\n","protected":false},"author":3,"featured_media":0,"parent":6,"menu_order":3,"comment_status":"closed","ping_status":"closed","template":"","meta":{"footnotes":""},"class_list":["post-1598","page","type-page","status-publish","hentry"],"yoast_head":"<!-- This site is optimized with the Yoast SEO plugin v26.4 - https:\/\/yoast.com\/wordpress\/plugins\/seo\/ -->\n<title>Gewerbliche Sachversicherungen - Ansia<\/title>\n<meta name=\"robots\" content=\"index, follow, max-snippet:-1, max-image-preview:large, max-video-preview:-1\" \/>\n<link rel=\"canonical\" href=\"https:\/\/www.ansia.de\/index.php\/versicherungen\/gewerbliche-sachversicherungen\/\" \/>\n<meta property=\"og:locale\" content=\"de_DE\" \/>\n<meta property=\"og:type\" content=\"article\" \/>\n<meta property=\"og:title\" content=\"Gewerbliche Sachversicherungen - Ansia\" \/>\n<meta property=\"og:description\" content=\"Zu den wichtigsten gewerblichen Sachvertr\u00e4gen z\u00e4hlen folgende Einzelrisiken: Gesch\u00e4ftsinhaltsversicherung Betriebsunterbrechung Betriebskosten Elektronik Maschinenversicherung Ertragsausfall Betriebsschlie\u00dfung Glas-und Werbeanlagen Gesch\u00e4ftsgeb\u00e4ude Betriebshaftpflicht\" \/>\n<meta property=\"og:url\" content=\"https:\/\/www.ansia.de\/index.php\/versicherungen\/gewerbliche-sachversicherungen\/\" \/>\n<meta property=\"og:site_name\" content=\"Ansia\" \/>\n<meta property=\"article:modified_time\" content=\"2012-02-01T16:24:49+00:00\" \/>\n<meta name=\"twitter:card\" content=\"summary_large_image\" \/>\n<script type=\"application\/ld+json\" class=\"yoast-schema-graph\">{\"@context\":\"https:\/\/schema.org\",\"@graph\":[{\"@type\":\"WebPage\",\"@id\":\"https:\/\/www.ansia.de\/index.php\/versicherungen\/gewerbliche-sachversicherungen\/\",\"url\":\"https:\/\/www.ansia.de\/index.php\/versicherungen\/gewerbliche-sachversicherungen\/\",\"name\":\"Gewerbliche Sachversicherungen - Ansia\",\"isPartOf\":{\"@id\":\"https:\/\/www.ansia.de\/#website\"},\"datePublished\":\"2012-02-01T16:18:11+00:00\",\"dateModified\":\"2012-02-01T16:24:49+00:00\",\"breadcrumb\":{\"@id\":\"https:\/\/www.ansia.de\/index.php\/versicherungen\/gewerbliche-sachversicherungen\/#breadcrumb\"},\"inLanguage\":\"de\",\"potentialAction\":[{\"@type\":\"ReadAction\",\"target\":[\"https:\/\/www.ansia.de\/index.php\/versicherungen\/gewerbliche-sachversicherungen\/\"]}]},{\"@type\":\"BreadcrumbList\",\"@id\":\"https:\/\/www.ansia.de\/index.php\/versicherungen\/gewerbliche-sachversicherungen\/#breadcrumb\",\"itemListElement\":[{\"@type\":\"ListItem\",\"position\":1,\"name\":\"Startseite\",\"item\":\"https:\/\/www.ansia.de\/\"},{\"@type\":\"ListItem\",\"position\":2,\"name\":\"Versicherungen\",\"item\":\"https:\/\/www.ansia.de\/index.php\/versicherungen\/\"},{\"@type\":\"ListItem\",\"position\":3,\"name\":\"Gewerbliche Sachversicherungen\"}]},{\"@type\":\"WebSite\",\"@id\":\"https:\/\/www.ansia.de\/#website\",\"url\":\"https:\/\/www.ansia.de\/\",\"name\":\"Ansia\",\"description\":\"\",\"potentialAction\":[{\"@type\":\"SearchAction\",\"target\":{\"@type\":\"EntryPoint\",\"urlTemplate\":\"https:\/\/www.ansia.de\/?s={search_term_string}\"},\"query-input\":{\"@type\":\"PropertyValueSpecification\",\"valueRequired\":true,\"valueName\":\"search_term_string\"}}],\"inLanguage\":\"de\"}]}<\/script>\n<!-- \/ Yoast SEO plugin. -->","yoast_head_json":{"title":"Gewerbliche Sachversicherungen - Ansia","robots":{"index":"index","follow":"follow","max-snippet":"max-snippet:-1","max-image-preview":"max-image-preview:large","max-video-preview":"max-video-preview:-1"},"canonical":"https:\/\/www.ansia.de\/index.php\/versicherungen\/gewerbliche-sachversicherungen\/","og_locale":"de_DE","og_type":"article","og_title":"Gewerbliche Sachversicherungen - Ansia","og_description":"Zu den wichtigsten gewerblichen Sachvertr\u00e4gen z\u00e4hlen folgende Einzelrisiken: Gesch\u00e4ftsinhaltsversicherung Betriebsunterbrechung Betriebskosten Elektronik Maschinenversicherung Ertragsausfall Betriebsschlie\u00dfung Glas-und Werbeanlagen Gesch\u00e4ftsgeb\u00e4ude Betriebshaftpflicht","og_url":"https:\/\/www.ansia.de\/index.php\/versicherungen\/gewerbliche-sachversicherungen\/","og_site_name":"Ansia","article_modified_time":"2012-02-01T16:24:49+00:00","twitter_card":"summary_large_image","schema":{"@context":"https:\/\/schema.org","@graph":[{"@type":"WebPage","@id":"https:\/\/www.ansia.de\/index.php\/versicherungen\/gewerbliche-sachversicherungen\/","url":"https:\/\/www.ansia.de\/index.php\/versicherungen\/gewerbliche-sachversicherungen\/","name":"Gewerbliche Sachversicherungen - Ansia","isPartOf":{"@id":"https:\/\/www.ansia.de\/#website"},"datePublished":"2012-02-01T16:18:11+00:00","dateModified":"2012-02-01T16:24:49+00:00","breadcrumb":{"@id":"https:\/\/www.ansia.de\/index.php\/versicherungen\/gewerbliche-sachversicherungen\/#breadcrumb"},"inLanguage":"de","potentialAction":[{"@type":"ReadAction","target":["https:\/\/www.ansia.de\/index.php\/versicherungen\/gewerbliche-sachversicherungen\/"]}]},{"@type":"BreadcrumbList","@id":"https:\/\/www.ansia.de\/index.php\/versicherungen\/gewerbliche-sachversicherungen\/#breadcrumb","itemListElement":[{"@type":"ListItem","position":1,"name":"Startseite","item":"https:\/\/www.ansia.de\/"},{"@type":"ListItem","position":2,"name":"Versicherungen","item":"https:\/\/www.ansia.de\/index.php\/versicherungen\/"},{"@type":"ListItem","position":3,"name":"Gewerbliche Sachversicherungen"}]},{"@type":"WebSite","@id":"https:\/\/www.ansia.de\/#website","url":"https:\/\/www.ansia.de\/","name":"Ansia","description":"","potentialAction":[{"@type":"SearchAction","target":{"@type":"EntryPoint","urlTemplate":"https:\/\/www.ansia.de\/?s={search_term_string}"},"query-input":{"@type":"PropertyValueSpecification","valueRequired":true,"valueName":"search_term_string"}}],"inLanguage":"de"}]}},"_links":{"self":[{"href":"https:\/\/www.ansia.de\/index.php\/wp-json\/wp\/v2\/pages\/1598","targetHints":{"allow":["GET"]}}],"collection":[{"href":"https:\/\/www.ansia.de\/index.php\/wp-json\/wp\/v2\/pages"}],"about":[{"href":"https:\/\/www.ansia.de\/index.php\/wp-json\/wp\/v2\/types\/page"}],"author":[{"embeddable":true,"href":"https:\/\/www.ansia.de\/index.php\/wp-json\/wp\/v2\/users\/3"}],"replies":[{"embeddable":true,"href":"https:\/\/www.ansia.de\/index.php\/wp-json\/wp\/v2\/comments?post=1598"}],"version-history":[{"count":3,"href":"https:\/\/www.ansia.de\/index.php\/wp-json\/wp\/v2\/pages\/1598\/revisions"}],"predecessor-version":[{"id":1602,"href":"https:\/\/www.ansia.de\/index.php\/wp-json\/wp\/v2\/pages\/1598\/revisions\/1602"}],"up":[{"embeddable":true,"href":"https:\/\/www.ansia.de\/index.php\/wp-json\/wp\/v2\/pages\/6"}],"wp:attachment":[{"href":"https:\/\/www.ansia.de\/index.php\/wp-json\/wp\/v2\/media?parent=1598"}],"curies":[{"name":"wp","href":"https:\/\/api.w.org\/{rel}","templated":true}]}}