{"id":15,"date":"2011-06-16T14:40:53","date_gmt":"2011-06-16T14:40:53","guid":{"rendered":"http:\/\/localhost\/www.ansia.de\/?page_id=15"},"modified":"2016-03-09T12:14:20","modified_gmt":"2016-03-09T12:14:20","slug":"beispiel-1","status":"publish","type":"page","link":"https:\/\/www.ansia.de\/index.php\/versicherungen\/beispiel-1\/","title":{"rendered":"Berufsunf\u00e4higkeit"},"content":{"rendered":"<p><img loading=\"lazy\" decoding=\"async\" class=\"alignnone size-full wp-image-34 alignright\" src=\"https:\/\/www.ansia.de\/wp-content\/uploads\/2011\/06\/v002.jpg\" alt=\"\" width=\"670\" height=\"150\" srcset=\"https:\/\/www.ansia.de\/wp-content\/uploads\/2011\/06\/v002.jpg 670w, https:\/\/www.ansia.de\/wp-content\/uploads\/2011\/06\/v002-300x67.jpg 300w\" sizes=\"auto, (max-width: 670px) 100vw, 670px\" \/> Niemand denkt gerne an Krankheit oder Unfall, schon gar nicht, wenn man aktiv mitten im Berufsleben steht. Die eigene Arbeitskraft ist f\u00fcr die meisten Menschen die Grundlage um den Lebensunterhalt f\u00fcr sich und die Familie\u00a0zu sichern. Deshalb stellt eine Berufsunf\u00e4higkeit ein existenszielles Lebensrisiko dar. Jeder, der von seiner Arbeit lebt, sollte entsprechend vorsorgen. Wenn Sie nach dem 1.1.1961 geboren sind, trifft Sie eine Berufsunf\u00e4higkeit besonders hart, denn diesem Personenkreis\u00a0zahlt die gesetzliche Rentenversicherung nur noch eine Erwerbsminderungsrente. Der letzte Beruf wird nicht mehr ber\u00fccksichtigt. Es gibt auf dem deutschen Versicherungsmarkt\u00a0ca.120 sogenannte 5 Sterne\u00a0 Berufsunf\u00e4higkeitstarife. Nun sollte man meinen,\u00a0dass die Versicherer zu diesen Tarifen\u00a0die gleichen Versicherungsbedingungen zugrunde legen. Die Realit\u00e4t sieht anders aus. Es gibt immer noch ganz gravierende Unterschiede. Soll es eine Berufsunf\u00e4higkeitsversicherung mit einem festgelegten Endalter sein, oder w\u00e4re eine lebenslage Berufsunf\u00e4higkeitsrente doch die bessere L\u00f6sung? Diese Probleme l\u00f6sen Sie nur durch eine fachlich gute,\u00a0pers\u00f6nliche Beratung.<\/p>\n<div style=\"text-align: left;\"><span style=\"font-size: medium;\"><span class=\"Apple-style-span\" style=\"line-height: 24px; border-collapse: collapse;\">Eine\/r unserer angeschlossenen Makler\/innen hilft Ihnen gerne. <\/span><\/span><\/div>\n<p><\/p>\n<div style=\"text-align: left;\"><span style=\"font-size: small;\"><span class=\"Apple-style-span\" style=\"border-collapse: collapse; line-height: 24px;\">\u00a0<\/span><\/span><\/div>\n","protected":false},"excerpt":{"rendered":"<p>Niemand denkt gerne an Krankheit oder Unfall, schon gar nicht, wenn man aktiv mitten im Berufsleben steht. Die eigene Arbeitskraft ist f\u00fcr die meisten Menschen die Grundlage um den Lebensunterhalt f\u00fcr sich und die Familie\u00a0zu sichern. Deshalb stellt eine Berufsunf\u00e4higkeit &hellip; <a href=\"https:\/\/www.ansia.de\/index.php\/versicherungen\/beispiel-1\/\">Weiterlesen <span class=\"meta-nav\">&rarr;<\/span><\/a><\/p>\n","protected":false},"author":1,"featured_media":0,"parent":6,"menu_order":2,"comment_status":"closed","ping_status":"closed","template":"","meta":{"footnotes":""},"class_list":["post-15","page","type-page","status-publish","hentry"],"yoast_head":"<!-- This site is optimized with the Yoast SEO plugin v26.4 - https:\/\/yoast.com\/wordpress\/plugins\/seo\/ -->\n<title>Berufsunf\u00e4higkeit - Ansia<\/title>\n<meta name=\"robots\" content=\"index, follow, max-snippet:-1, max-image-preview:large, max-video-preview:-1\" \/>\n<link rel=\"canonical\" href=\"https:\/\/www.ansia.de\/index.php\/versicherungen\/beispiel-1\/\" \/>\n<meta property=\"og:locale\" content=\"de_DE\" \/>\n<meta property=\"og:type\" content=\"article\" \/>\n<meta property=\"og:title\" content=\"Berufsunf\u00e4higkeit - Ansia\" \/>\n<meta property=\"og:description\" content=\"Niemand denkt gerne an Krankheit oder Unfall, schon gar nicht, wenn man aktiv mitten im Berufsleben steht. Die eigene Arbeitskraft ist f\u00fcr die meisten Menschen die Grundlage um den Lebensunterhalt f\u00fcr sich und die Familie\u00a0zu sichern. Deshalb stellt eine Berufsunf\u00e4higkeit &hellip; Weiterlesen &rarr;\" \/>\n<meta property=\"og:url\" content=\"https:\/\/www.ansia.de\/index.php\/versicherungen\/beispiel-1\/\" \/>\n<meta property=\"og:site_name\" content=\"Ansia\" \/>\n<meta property=\"article:modified_time\" content=\"2016-03-09T12:14:20+00:00\" \/>\n<meta property=\"og:image\" content=\"https:\/\/www.ansia.de\/wp-content\/uploads\/2011\/06\/v002.jpg\" \/>\n<meta name=\"twitter:card\" content=\"summary_large_image\" \/>\n<script type=\"application\/ld+json\" class=\"yoast-schema-graph\">{\"@context\":\"https:\/\/schema.org\",\"@graph\":[{\"@type\":\"WebPage\",\"@id\":\"https:\/\/www.ansia.de\/index.php\/versicherungen\/beispiel-1\/\",\"url\":\"https:\/\/www.ansia.de\/index.php\/versicherungen\/beispiel-1\/\",\"name\":\"Berufsunf\u00e4higkeit - Ansia\",\"isPartOf\":{\"@id\":\"https:\/\/www.ansia.de\/#website\"},\"primaryImageOfPage\":{\"@id\":\"https:\/\/www.ansia.de\/index.php\/versicherungen\/beispiel-1\/#primaryimage\"},\"image\":{\"@id\":\"https:\/\/www.ansia.de\/index.php\/versicherungen\/beispiel-1\/#primaryimage\"},\"thumbnailUrl\":\"https:\/\/www.ansia.de\/wp-content\/uploads\/2011\/06\/v002.jpg\",\"datePublished\":\"2011-06-16T14:40:53+00:00\",\"dateModified\":\"2016-03-09T12:14:20+00:00\",\"breadcrumb\":{\"@id\":\"https:\/\/www.ansia.de\/index.php\/versicherungen\/beispiel-1\/#breadcrumb\"},\"inLanguage\":\"de\",\"potentialAction\":[{\"@type\":\"ReadAction\",\"target\":[\"https:\/\/www.ansia.de\/index.php\/versicherungen\/beispiel-1\/\"]}]},{\"@type\":\"ImageObject\",\"inLanguage\":\"de\",\"@id\":\"https:\/\/www.ansia.de\/index.php\/versicherungen\/beispiel-1\/#primaryimage\",\"url\":\"https:\/\/www.ansia.de\/wp-content\/uploads\/2011\/06\/v002.jpg\",\"contentUrl\":\"https:\/\/www.ansia.de\/wp-content\/uploads\/2011\/06\/v002.jpg\",\"width\":\"670\",\"height\":\"150\"},{\"@type\":\"BreadcrumbList\",\"@id\":\"https:\/\/www.ansia.de\/index.php\/versicherungen\/beispiel-1\/#breadcrumb\",\"itemListElement\":[{\"@type\":\"ListItem\",\"position\":1,\"name\":\"Startseite\",\"item\":\"https:\/\/www.ansia.de\/\"},{\"@type\":\"ListItem\",\"position\":2,\"name\":\"Versicherungen\",\"item\":\"https:\/\/www.ansia.de\/index.php\/versicherungen\/\"},{\"@type\":\"ListItem\",\"position\":3,\"name\":\"Berufsunf\u00e4higkeit\"}]},{\"@type\":\"WebSite\",\"@id\":\"https:\/\/www.ansia.de\/#website\",\"url\":\"https:\/\/www.ansia.de\/\",\"name\":\"Ansia\",\"description\":\"\",\"potentialAction\":[{\"@type\":\"SearchAction\",\"target\":{\"@type\":\"EntryPoint\",\"urlTemplate\":\"https:\/\/www.ansia.de\/?s={search_term_string}\"},\"query-input\":{\"@type\":\"PropertyValueSpecification\",\"valueRequired\":true,\"valueName\":\"search_term_string\"}}],\"inLanguage\":\"de\"}]}<\/script>\n<!-- \/ Yoast SEO plugin. -->","yoast_head_json":{"title":"Berufsunf\u00e4higkeit - Ansia","robots":{"index":"index","follow":"follow","max-snippet":"max-snippet:-1","max-image-preview":"max-image-preview:large","max-video-preview":"max-video-preview:-1"},"canonical":"https:\/\/www.ansia.de\/index.php\/versicherungen\/beispiel-1\/","og_locale":"de_DE","og_type":"article","og_title":"Berufsunf\u00e4higkeit - Ansia","og_description":"Niemand denkt gerne an Krankheit oder Unfall, schon gar nicht, wenn man aktiv mitten im Berufsleben steht. Die eigene Arbeitskraft ist f\u00fcr die meisten Menschen die Grundlage um den Lebensunterhalt f\u00fcr sich und die Familie\u00a0zu sichern. Deshalb stellt eine Berufsunf\u00e4higkeit &hellip; Weiterlesen &rarr;","og_url":"https:\/\/www.ansia.de\/index.php\/versicherungen\/beispiel-1\/","og_site_name":"Ansia","article_modified_time":"2016-03-09T12:14:20+00:00","og_image":[{"url":"https:\/\/www.ansia.de\/wp-content\/uploads\/2011\/06\/v002.jpg","type":"","width":"","height":""}],"twitter_card":"summary_large_image","schema":{"@context":"https:\/\/schema.org","@graph":[{"@type":"WebPage","@id":"https:\/\/www.ansia.de\/index.php\/versicherungen\/beispiel-1\/","url":"https:\/\/www.ansia.de\/index.php\/versicherungen\/beispiel-1\/","name":"Berufsunf\u00e4higkeit - Ansia","isPartOf":{"@id":"https:\/\/www.ansia.de\/#website"},"primaryImageOfPage":{"@id":"https:\/\/www.ansia.de\/index.php\/versicherungen\/beispiel-1\/#primaryimage"},"image":{"@id":"https:\/\/www.ansia.de\/index.php\/versicherungen\/beispiel-1\/#primaryimage"},"thumbnailUrl":"https:\/\/www.ansia.de\/wp-content\/uploads\/2011\/06\/v002.jpg","datePublished":"2011-06-16T14:40:53+00:00","dateModified":"2016-03-09T12:14:20+00:00","breadcrumb":{"@id":"https:\/\/www.ansia.de\/index.php\/versicherungen\/beispiel-1\/#breadcrumb"},"inLanguage":"de","potentialAction":[{"@type":"ReadAction","target":["https:\/\/www.ansia.de\/index.php\/versicherungen\/beispiel-1\/"]}]},{"@type":"ImageObject","inLanguage":"de","@id":"https:\/\/www.ansia.de\/index.php\/versicherungen\/beispiel-1\/#primaryimage","url":"https:\/\/www.ansia.de\/wp-content\/uploads\/2011\/06\/v002.jpg","contentUrl":"https:\/\/www.ansia.de\/wp-content\/uploads\/2011\/06\/v002.jpg","width":"670","height":"150"},{"@type":"BreadcrumbList","@id":"https:\/\/www.ansia.de\/index.php\/versicherungen\/beispiel-1\/#breadcrumb","itemListElement":[{"@type":"ListItem","position":1,"name":"Startseite","item":"https:\/\/www.ansia.de\/"},{"@type":"ListItem","position":2,"name":"Versicherungen","item":"https:\/\/www.ansia.de\/index.php\/versicherungen\/"},{"@type":"ListItem","position":3,"name":"Berufsunf\u00e4higkeit"}]},{"@type":"WebSite","@id":"https:\/\/www.ansia.de\/#website","url":"https:\/\/www.ansia.de\/","name":"Ansia","description":"","potentialAction":[{"@type":"SearchAction","target":{"@type":"EntryPoint","urlTemplate":"https:\/\/www.ansia.de\/?s={search_term_string}"},"query-input":{"@type":"PropertyValueSpecification","valueRequired":true,"valueName":"search_term_string"}}],"inLanguage":"de"}]}},"_links":{"self":[{"href":"https:\/\/www.ansia.de\/index.php\/wp-json\/wp\/v2\/pages\/15","targetHints":{"allow":["GET"]}}],"collection":[{"href":"https:\/\/www.ansia.de\/index.php\/wp-json\/wp\/v2\/pages"}],"about":[{"href":"https:\/\/www.ansia.de\/index.php\/wp-json\/wp\/v2\/types\/page"}],"author":[{"embeddable":true,"href":"https:\/\/www.ansia.de\/index.php\/wp-json\/wp\/v2\/users\/1"}],"replies":[{"embeddable":true,"href":"https:\/\/www.ansia.de\/index.php\/wp-json\/wp\/v2\/comments?post=15"}],"version-history":[{"count":33,"href":"https:\/\/www.ansia.de\/index.php\/wp-json\/wp\/v2\/pages\/15\/revisions"}],"predecessor-version":[{"id":2638,"href":"https:\/\/www.ansia.de\/index.php\/wp-json\/wp\/v2\/pages\/15\/revisions\/2638"}],"up":[{"embeddable":true,"href":"https:\/\/www.ansia.de\/index.php\/wp-json\/wp\/v2\/pages\/6"}],"wp:attachment":[{"href":"https:\/\/www.ansia.de\/index.php\/wp-json\/wp\/v2\/media?parent=15"}],"curies":[{"name":"wp","href":"https:\/\/api.w.org\/{rel}","templated":true}]}}